{"id":963,"date":"2021-03-08T15:51:00","date_gmt":"2021-03-08T14:51:00","guid":{"rendered":"http:\/\/antalyatouristinformation.com\/clone4639485xzhehsskdjfhhdhebdkkekdeewsd4545gdfgm\/?page_id=963"},"modified":"2023-05-03T08:42:08","modified_gmt":"2023-05-03T06:42:08","slug":"bestimmungen","status":"publish","type":"page","link":"https:\/\/antalyatouristinformation.com\/de\/heiraten\/bestimmungen\/","title":{"rendered":"Heiraten in der T\u00fcrkei: Bestimmungen und rechtlicher Ablauf f\u00fcr Ausl\u00e4nder"},"content":{"rendered":"<h1>Was braucht man, um \u201eJa\u201c sagen zu k\u00f6nnen<\/h1>\n<p>Falls ihr auf der Suche nach Informationen \u00fcber die Formalit\u00e4ten und das legale Verfahren seid, um als Ausl\u00e4nder in der T\u00fcrkei zu heiraten, seid ihr hier richtig! Der Prozess ist nicht sehr kompliziert, jedoch gibt es einige Schritte, die ihr befolgen m\u00fcsst. Auf dieser Seite findet ihr alle wichtigen Informationen, die ihr kennen solltet!<\/p>\n<p>Wenn ein deutscher und ein t\u00fcrkischer Partner in der T\u00fcrkei heiraten wollen, braucht ihr verschiedene Unterlagen. Wir haben eine Liste f\u00fcr euch zusammengestellt. Bitte beachtet jedoch, dass diese \u00dcbersicht keinen Anspruch auf Vollst\u00e4ndigkeit erhebt und dass jederzeit \u00c4nderungen m\u00f6glich sind.<\/p>\n<p><span><img decoding=\"async\" alt=\"Getting Maried in Antalya in Turkey\" data-id=\"2235\" width=\"702\" data-init-width=\"1000\" height=\"468\" data-init-height=\"667\" title=\"Getting Maried in Antalya in Turkey\" loading=\"lazy\" src=\"\/\/antalyatouristinformation.com\/de\/wp-content\/uploads\/sites\/10\/2021\/04\/Getting-Maried-in-Antalya-in-Turkey.jpg\" data-width=\"702\" data-height=\"468\" data-pin-media=\"https:\/\/antalyatouristinformation.com\/de\/wp-content\/uploads\/sites\/10\/2021\/06\/Antalya-Pinterest-20.jpg\" data-pin-description=\"Getting Married in Turkey | Antalya Tourist Information\" data-pin-url=\"https:\/\/antalyatouristinformation.com\/de\/wedding\/procedure\/?tve=true&amp;tcbf=3fb0886d64\" data-pinpro-key=\"1hlemuuel\"><\/span><\/p>\n<h2 id=\"t-1625678668984\" data-alt-text=\"Formalit\u00e4ten \">Formalit\u00e4ten bei der Hochzeit in der T\u00fcrkei<\/h2>\n<p>Unsere Empfehlung ist es, sich bei dem f\u00fcr euch zust\u00e4ndigen t\u00fcrkischen Standesamt im Detail zu erkundigen, welche Unterlagen ihr braucht. F\u00fcr ein Standardverfahren sind hier die Dokumente aufgef\u00fchrt, die in der Regel von euch verlangt werden:<\/p>\n<p><b>Unterlagen, die von dem t\u00fcrkischen Partner ben\u00f6tigt werden:<\/b><\/p>\n<ul>\n<li>T\u00fcrkischer Personalausweis<\/li>\n<li>Abschrift des Personalausweises mit Bild \u2022 &nbsp; Personenstandregisterauszug \u2022 &nbsp; Meldebescheinigung\u2022 &nbsp; 5 Passbilder, nicht \u00e4lter als 6 Monate\u2022&nbsp; &nbsp;Gesundheitszeugnis, ausgestellt von einem staatlichen Krankenhaus in der T\u00fcrkei<\/li>\n<\/ul>\n<p><b>Unterlagen, die von dem deutschen Partner ben\u00f6tigt werden:<\/b><\/p>\n<ul>\n<li>Notariell beglaubigte \u00dcbersetzung des Reisepasses\u2022&nbsp; &nbsp; 5 Passbilder, nicht \u00e4lter als 6 Monate\u2022 &nbsp; &nbsp;Gesundheitszeugnis, ausgestellt von einem staatlichen &nbsp; &nbsp; &nbsp; Krankenhaus in der T\u00fcrkei\u2022 &nbsp; &nbsp;Internationales Ehef\u00e4higkeitszeugnis, ausgestellt vom &nbsp; &nbsp; &nbsp; Standesamt in Deutschland<\/li>\n<\/ul>\n<p>Sollte der deutsche Partner kein T\u00fcrkisch sprechen, wird die Anwesenheit eines vereidigten Dolmetschers verlangt.<b>Wichtiger Hinweis:<\/b> Die Unterlagen k\u00f6nnt ihr in der Regel alle problemlos zusammentragen, allerdings solltet ihr bei den Beh\u00f6rden in beiden Staaten mit einer gewissen Vorlaufzeit rechnen. Die Beschaffung des <strong>internationalen Ehef\u00e4higkeitszeugnisses <\/strong><strong>dauert etwas l\u00e4nger<\/strong>, daher wollen wir hier kurz darauf eingehen.<\/p>\n<h2 id=\"t-1625678668985\" data-alt-text=\"Ehef\u00e4higkeitszeugnis\">Internationales Ehef\u00e4higkeitszeugnis<\/h2>\n<p>Das internationale Ehef\u00e4higkeitszeugnis m\u00fcsst ihr beim <strong>Standesamt des Wohnsitzes des deutschen Partners <\/strong>mit einem Formular <strong>schriftlich<\/strong> beantragen. Sollte der deutsche Partner nicht mehr in Deutschland wohnen, ist das Standesamt des letzten Wohnsitzes zust\u00e4ndig, ansonsten das Standesamt I in Berlin.<\/p>\n<p>Bitte erkundigt euch bei dem f\u00fcr euch zust\u00e4ndigen Standesamt, welche Unterlagen ihr diesem Antrag beizuf\u00fcgen m\u00fcsst. In der Regel werden die unten aufgef\u00fchrten Papiere ben\u00f6tigt. Beachtet bitte, dass die Liste keinen Anspruch auf Vollst\u00e4ndigkeit erhebt und dass jederzeit \u00c4nderungen m\u00f6glich sind:<\/p>\n<p><b>Unterlagen, die von dem deutschen Partner ben\u00f6tigt werden<\/b><\/p>\n<ul>\n<li>Geburts- oder Abstammungsurkunde oder beglaubigte Abschrift&nbsp; &nbsp; &nbsp;oder Auszug aus dem Familienbuch der Eltern<\/li>\n<li>Staatsangeh\u00f6rigkeitsnachweis in Form einer beglaubigten &nbsp; &nbsp; &nbsp;Fotokopie des Reisepasses<\/li>\n<li>Nachweis des letzten Aufenthaltsortes durch die Meldebeh\u00f6rde<\/li>\n<li>Best\u00e4tigung der Angaben \u00fcber den Familienstand durch die&nbsp; &nbsp; &nbsp;Meldebeh\u00f6rde<\/li>\n<\/ul>\n<p><b>Unterlagen, die von dem t\u00fcrkischen Partner ben\u00f6tigt werden:<\/b><\/p>\n<ul>\n<li>Geburtsurkunde (Form\u00fcl A)<\/li>\n<li>Pass oder Ausweiskopie (beglaubigt)<\/li>\n<li>Meldebescheinigung<\/li>\n<li>Personenstandregisterauszug<\/li>\n<li>bei Vorehe: Nachweis \u00fcber Aufl\u00f6sung (Scheidungsurteil, &nbsp; &nbsp; &nbsp;ggf. mit Anerkennungsurteil\/-vermerk)<\/li>\n<\/ul>\n<p>Bitte beachtet, dass alle Unterlagen in t\u00fcrkischer Sprache von einem vereidigten \u00dcbersetzer \u00fcbersetzt sein m\u00fcssen.<\/p>\n<p>Zus\u00e4tzlich m\u00fcssen nach der \u00dcbersetzung sowohl die Meldebescheinigung als auch der Personenstandregisterauszug mit einer <b>Apostille der t\u00fcrkischen Beh\u00f6rden<\/b> versehen werden. Falls ein Scheidungsurteil aus einer Vorehe vorliegt, muss dies ebenfalls mit einer Apostille versehen werden.<\/p>\n<p><b>Wichtiger Hinweis<\/b>: In der Regel ist eine kurzfristige Ausstellung eines internationalen Ehef\u00e4higkeitszeugnisses nicht m\u00f6glich, ihr solltet mit einer Bearbeitungszeit von <strong>mindestens 2-6 Wochen<\/strong> rechnen. Detaillierte Auskunft kann euch das f\u00fcr euch zust\u00e4ndige Standesamt geben.<\/p>\n<p><span><img decoding=\"async\" alt=\"Conceptual photograph of marriage in Turkey\" data-id=\"2238\" width=\"702\" data-init-width=\"1000\" height=\"468\" data-init-height=\"667\" title=\"Conceptual photograph of marriage in Turkey\" loading=\"lazy\" src=\"\/\/antalyatouristinformation.com\/de\/wp-content\/uploads\/sites\/10\/2021\/04\/Conceptual-photograph-of-marriage-in-Turkey.jpg\" data-width=\"702\" data-height=\"468\" data-pin-media=\"https:\/\/antalyatouristinformation.com\/de\/wp-content\/uploads\/sites\/10\/2021\/06\/Antalya-Pinterest-20.jpg\" data-pin-description=\"Getting Married in Turkey | Antalya Tourist Information\" data-pin-url=\"https:\/\/antalyatouristinformation.com\/de\/wedding\/procedure\/?tve=true&amp;tcbf=3fb0886d64\" data-pinpro-key=\"q9olg9z91\"><\/span><\/p>\n<h2 id=\"t-1625678668986\">Gesundheitszeugnis<\/h2>\n<p>Welche Tests genau in dem Gesundheitszeugnis enthalten sein m\u00fcssen, wird euch das zust\u00e4ndige Standesamt sagen. Bitte erkundigt euch, bevor ihr die Tests machen lasst, da es Abweichungen geben kann. In der Regel wird jedoch folgendes getestet:<\/p>\n<ul>\n<li>R\u00f6ntgenbild der Lunge<\/li>\n<li>Bestimmung der Blutgruppe<\/li>\n<li>Hepatitis<\/li>\n<li>Syphilis<\/li>\n<li>AIDS<\/li>\n<li>Mittelmeer-An\u00e4mie (entf\u00e4llt bei Personen \u00fcber 50 Jahren)<\/li>\n<\/ul>\n<p>Vom Gesetz her gelten S<strong>yphilis, Gonorrh\u00f6e, Ulcus molle, Lepra<\/strong> und <strong>Tuberkulose<\/strong> als <strong>Ehehindernis<\/strong> und es wird kein Gesundheitszeugnis ausgestellt.<\/p>\n<p>Egal wo und in welchem Krankenhaus ihr die Tests machen lasst, das Gesundheitszeugnis muss von dem <strong>\u201eAile Hekim\u201c<\/strong>, dem f\u00fcr euch in der T\u00fcrkei zust\u00e4ndigen Hausarzt, <strong>abgezeichnet und beglaubigt werden<\/strong>. Daher empfehlen wir, sich erst mit dem Hausarzt in Verbindung zu setzen, bevor ihr anfangt, die erforderlichen Tests zu machen. Das Gesundheitszeugnis ist 6 Monate lang g\u00fcltig.<\/p>\n<p><b>Wichtiger Hinweis:<\/b> Nachdem ihr euch alle notwendigen Unterlagen besorgt habt, steht eurer Trauung nichts mehr im Wege und ihr k\u00f6nnt<strong> bei dem t\u00fcrkischen Standesamt einen Termin beantragen<\/strong>. Hier m\u00fcsst ihr ein Formular ausf\u00fcllen und man wird mit euch \u00fcber die m\u00f6glichen Termine sprechen.<\/p>\n<h2 id=\"t-1625678668987\">Trauzeugen<\/h2>\n<p>Nun, da das Datum eurer Hochzeit feststeht, ist es Zeit, sich mit den sch\u00f6nen Dingen zu befassen. Zum Beispiel die Auswahl der Trauzeugen f\u00fcr eure Hochzeit. Aber was ist die gesetzliche Anforderung f\u00fcr Trauzeugen in der T\u00fcrkei? Das ist ganz einfach, ihr ben\u00f6tigt f\u00fcr die Trauung in der T\u00fcrkei <strong>mindestens 2 und maximal 4 Trauzeugen<\/strong>, die sich mit ihrem Personalausweis oder Reisepass ausweisen m\u00fcssen. Die Zeugen m\u00fcssen <strong>\u00fcber 18 Jahre alt <\/strong>sein und sie <strong>m\u00fcssen das Paar kennen<\/strong>. Die Trauzeugen <strong>k\u00f6nnen Ausl\u00e4nder<\/strong> sein.<\/p>\n<p><b>Wichtiger Hinweis:<\/b> Bitte beachtet, dass <strong>in einigen Standes\u00e4mtern <\/strong>die <strong>Eltern des Paares nicht als Trauzeugen akzeptiert werden<\/strong> oder dass sie nur als Zweitzeugen zu anderen offiziellen Trauzeugen zugelassen werden. Einige \u00c4mter erlauben mehr als 4 Zeugen. Bitte fragt bei dem Amt nach, am besten gleich dann, w\u00e4hrend ihr das Formular ausf\u00fcllt und den Termin festlegt.<\/p>\n<h2 id=\"t-1625678668988\">Trauung im Standesamt<\/h2>\n<p>Anders als in Deutschland geht die Trauung im t\u00fcrkischen Standesamt ziemlich <strong>schnell<\/strong>, da meistens gro\u00dfer Andrang herrscht und die Termine ziemlich dicht aufeinander vergeben werden. Es ist \u00fcblich, dass die Braut im Brautkleid zum Standesamt kommt. Die Zeremonie selbst dauert nicht l\u00e4nger als 10 Minuten.<\/p>\n<p>Anschlie\u00dfend stellt sich das <strong>Brautpaar im Standesamt <\/strong><strong>vor dem Trauungssaal<\/strong> auf, um Gl\u00fcckw\u00fcnsche und Geschenke in Form von Geld oder Gold entgegenzunehmen.<\/p>\n<p>Manche Paare entscheiden sich daf\u00fcr, nur auf dem Standesamt zu heiraten und auf die anschlie\u00dfende Feier zu verzichten. In diesem Fall bleibt das Paar etwas l\u00e4nger vor dem Standesamt stehen, damit jeder gratulieren kann. Falls es jedoch nach der Trauung eine Feier gibt, verl\u00e4sst das Paar das Standesamt relativ schnell, um noch Fotos machen zu lassen, bevor die Feier beginnt.<\/p>\n<p><b>Wichtiger Hinweis:<\/b> G\u00e4ste, die nur der Trauung auf dem Standesamt und nicht der Feier beiwohnen, werden das Paar sehen wollen, um zu gratulieren und ein Geschenk zu \u00fcberreichen. G\u00e4ste, die zu der Feier kommen, werden ihr Geschenk bei der Feier \u00fcbergeben.<\/p>\n<p><span><img decoding=\"async\" alt=\"Marriage in the registry office in Turkey\" data-id=\"2241\" width=\"702\" data-init-width=\"1000\" height=\"468\" data-init-height=\"667\" title=\"Marriage in the registry office in Turkey\" loading=\"lazy\" src=\"\/\/antalyatouristinformation.com\/de\/wp-content\/uploads\/sites\/10\/2021\/04\/Marriage-in-the-registry-office-in-Turkey.jpg\" data-width=\"702\" data-height=\"468\" data-pin-media=\"https:\/\/antalyatouristinformation.com\/de\/wp-content\/uploads\/sites\/10\/2021\/06\/Antalya-Pinterest-20.jpg\" data-pin-description=\"Getting Married in Turkey | Antalya Tourist Information\" data-pin-url=\"https:\/\/antalyatouristinformation.com\/de\/wedding\/procedure\/?tve=true&amp;tcbf=3fb0886d64\" data-pinpro-key=\"khzukq3ut\"><\/span><\/p>\n<h2 id=\"t-1625678668989\">Heiratsurkunde<\/h2>\n<p>Unmittelbar nach der Trauung wird vom Standesamt das sogenannte <strong>\u201eaile c\u00fczdan\u0131<\/strong>\u201c ausgestellt, das \u201e<strong>internationale Familienbuch<\/strong>\u201c. Das rote B\u00fcchlein im DIN A5 Format ist der offizielle Beweis daf\u00fcr, dass ihr nun verheiratet seid. Die Ausstellung erfolgt auf Grundlage des 15. CIEC-\u00dcbereinkommens vom 1974.<\/p>\n<p>Allerdings wird es in dieser Form in Deutschland nicht anerkannt, da Deutschland diesem Abkommen bisher nicht beigetreten ist. Solltet ihr f\u00fcr <strong>Deutschland<\/strong> einen Nachweis \u00fcber eure Hochzeit ben\u00f6tigen, so lasst euch bitte eine <strong>internationale Heiratsurkunde<\/strong>, \u201eEvlenme Kay\u0131t \u00d6rne\u011fi Form\u00fcl B\u201c, beim Personenstandsamt ausstellen.<\/p>\n<h2 id=\"t-1625678668990\" data-alt-text=\"Anerkennung der Ehe \">Anerkennung der Ehe in Deutschland<\/h2>\n<p>Ehen, die in der T\u00fcrkei vor einem t\u00fcrkischen Standesbeamten geschlossen wurde, werden in Deutschland anerkannt. Es besteht <strong>keine Pflicht, die Ehe in Deutschland nachbeurkunden zu lassen.<\/strong><\/p>\n<p>Falls ihr jedoch m\u00f6chtet, k\u00f6nnt ihr die in der T\u00fcrkei geschlossene Ehe in das deutsche Eheregister nachtragen lassen. Danach bekommt ihr dann auch eine deutsche Eheurkunde. N\u00e4here Auskunft hierzu bekommt ihr von den Auslandsvertretungen.<\/p>\n<h2 id=\"t-1625678668991\" data-alt-text=\"Namenserkl\u00e4rung \">Namenserkl\u00e4rung nach der Hochzeit<\/h2>\n<p>In der <strong>T\u00fcrkei muss eine Frau nach der Hochzeit den Nachnamen ihres Mannes annehmen<\/strong>. Sie darf jedoch ihren Geburtsnachnamen vor dem Nachnamen ihres Mannes verwenden. Daf\u00fcr muss sie einen Antrag beim Heiratsbeamten oder sp\u00e4ter beim Standesamt stellen.<\/p>\n<p>Vor dem t\u00fcrkischen Standesbeamten werdet ihr eine <strong>Namenserkl\u00e4rung<\/strong> abgeben, die beurkundet, welchen Nachnamen ihr nach der Hochzeit f\u00fchren wollt. <strong>Deutschland erkennt diese Namenserkl\u00e4rungen jedoch nicht an.<\/strong><\/p>\n<p>Falls ihr einen <strong>Reisepass auf euren neuen Nachnamen<\/strong> beantragen wollt, m\u00fcsst ihr <strong>zuerst<\/strong> bei dem f\u00fcr euch zust\u00e4ndigen <strong>Deutschen Konsulat eine Namenserkl\u00e4rung <\/strong>abgeben. Dazu ben\u00f6tigt ihr einen Online-Termin. Das <strong>pers\u00f6nliche Erscheinen beider Eheleute<\/strong> ist erforderlich.<\/p>\n<p>Ihr m\u00fcsst dazu unter anderem einen Identit\u00e4tsnachweis wie zum Beispiel eure P\u00e4sse, die internationale Heiratsurkunde \u201eEvlenme Kay\u0131t \u00d6rne\u011fi Form\u00fcl B\u201c, eure Geburtsurkunden sowie einen Personenstandsregisterauszug mit allen Erl\u00e4uterungen, auch zur Staatsangeh\u00f6rigkeit \u201eN\u00fcfus Kay\u0131t \u00d6rne\u011fi -Tam Tekmil ve Vukuatl\u0131\u201c mitbringen. Bitte erkundigt euch im Voraus, ob ihr noch andere Unterlagen braucht.<\/p>\n<p>Diese <strong>Erkl\u00e4rung wird dann an das zust\u00e4ndige Standesamt in Deutschland weitergeleitet<\/strong>. Sobald von dort die <strong>Best\u00e4tigung \u00fcber den Erhalt<\/strong> bei der Auslandsvertretung eingegangen ist, kann der <strong>Reisepass<\/strong> auf den neuen Namen ausgeh\u00e4ndigt werden.<\/p>\n<p><b>Wichtiger Hinweis:<\/b> Beantragen k\u00f6nnt ihr den Pass jedoch gleichzeitig, also in dem Moment, in dem ihr die Namenserkl\u00e4rung abgebt. Ausgeh\u00e4ndigt bekommt ihr ihn aber erst nach der Best\u00e4tigung durch die deutschen Beh\u00f6rden. Da es <strong>in der Regel 3-5 Wochen<\/strong> dauert, bis der neue Pass da ist, empfiehlt es sich, beide Antr\u00e4ge gleichzeitig zu stellen.<\/p>\n<h2 id=\"t-1625678668992\" data-alt-text=\"Aufenthaltserlaubnis\">Aufenthalt in der T\u00fcrkei nach der Hochzeit<\/h2>\n<p>Nachdem ihr nun verheiratet seid und in der T\u00fcrkei leben m\u00f6chtet, ben\u00f6tigt <strong>der ausl\u00e4ndische Partner eine Aufenthaltserlaubnis <\/strong>f\u00fcr die T\u00fcrkei. Diese m\u00fcsst ihr beantragen. Aufgrund der Eheschlie\u00dfung wird der Antrag zweifellos genehmigt werden.<\/p>\n<p>Beachtet jedoch bitte, dass eine Aufenthaltserlaubnis eine <strong>Arbeitserlaubnis nicht mit einschlie\u00dft.<\/strong> Die Arbeitserlaubnis muss separat beantragt werden und in der Regel muss dies \u00fcber die Firma geschehen, bei der ihr arbeiten wollt.<\/p>\n<p>Da die diesbez\u00fcglichen Gesetze jedoch einem st\u00e4ndigen Wandel unterworfen sind und in ihrer Struktur und Auslegung sehr vielseitig sind, w\u00fcrde es hier zu weit f\u00fchren, im Einzelnen darauf einzugehen. Unsere Empfehlung ist daher, sich mit der <strong>in der T\u00fcrkei f\u00fcr euch zust\u00e4ndigen Ausl\u00e4nderbeh\u00f6rde<\/strong> in Verbindung zu setzten und von dort <strong>detaillierte Informationen <\/strong>einzuholen.<\/p>\n<p><b>Wichtiger Hinweis:<\/b> Es gibt auch Firmen, die relocation services anbieten und die euch auf diesem Gebiet weiterhelfen k\u00f6nnen. Durch die langj\u00e4hrige Erfahrung dieser Unternehmen bekommt ihr eure Angelegenheiten oftmals schneller und in jedem Fall bequemer und praktischer geregelt, als wenn ihr alles selbst erledigt. Nat\u00fcrlich fallen Geb\u00fchren unterschiedlicher H\u00f6he f\u00fcr diesen Service an.<\/p>\n<h2 id=\"t-1625678668993\" data-alt-text=\"Erwerb der Staatsangeh\u00f6rigkeit \">Erwerb der Staatsangeh\u00f6rigkeit durch Eheschlie\u00dfung<\/h2>\n<p>Nach neuester Gesetzgebung wird weder nach t\u00fcrkischem noch nach deutschem Recht die Staatsangeh\u00f6rigkeit des Partners automatisch durch die Eheschlie\u00dfung erworben, sondern kann nach der Heirat unter bestimmten Voraussetzungen beantragt werden.<\/p>\n<p>Da es sich hierbei um ein Verfahren handelt, bei dem sehr viele Details und Einzelheiten beachtet werden m\u00fcssen und das jederzeit durch neue Gesetzgebungen \u00c4nderungen unterworfen werden kann, w\u00fcrde es den Rahmen dieser Seite sprengen, genauer darauf einzugehen.<\/p>\n<p>Unsere Empfehlung ist daher, sich an die f\u00fcr euch zust\u00e4ndige Beh\u00f6rde zu wenden und dort detaillierte und aktuelle Informationen einzuholen.<\/p>\n<h2 id=\"t-1625678668994\">Beibehaltungsgenehmigung<\/h2>\n<p>Beachtet jedoch bitte, dass nach derzeit geltendem deutschen Recht <strong>jeder die deutsche Staatsangeh\u00f6rigkeit verliert, der eine ausl\u00e4ndische Staatsangeh\u00f6rigkeit freiwillig beantragt oder annimmt, ohne vorher die sogenannte \u201eBeibehaltungsgenehmigung\u201c vom deutschen Staat bekommen zu haben.<\/strong><\/p>\n<p>Die Beantragung der Beibehaltungsgenehmigung erfolgt \u00fcber die Auslandsvertretungen, die euch auch \u00fcber die ben\u00f6tigten Unterlagen im einzelnen Auskunft geben k\u00f6nnen.<\/p>\n<p>Also Vorsicht, bevor ihr einen Antrag auf Einb\u00fcrgerung stellt, erkundigt euch ganz genau.<\/p>\n<p>Habt ihr erg\u00e4nzende Fragen zu diesem Thema? Fragt doch einfach in den Kommentaren unten. Falls ihr als Ausl\u00e4nder in der T\u00fcrkei schon verheiratet seid, erz\u00e4hlt uns doch bitte eure Erfahrungen in den Kommentaren unten. Sagt uns, wie es gelaufen ist, das wird anderen Lesern auch helfen.<\/p>\n<p>Au\u00dfergew\u00f6hnliche Ideen f\u00fcr eure Hochzeitszeremonie findet ihr in unserer Liste mit <a href=\"https:\/\/antalyatouristinformation.com\/de\/heiraten\/ideen\/\">15 kreativen Ideen f\u00fcr eine Hochzeit<\/a> in der T\u00fcrkei.<\/p>\n<p>Diese Artikel k\u00f6nnten euch auch interessieren:<\/p>\n<ul>\n<li><a href=\"https:\/\/antalyatouristinformation.com\/de\/heiraten\/hochzeitskleid\/\">Kauf eines Hochzeitskleides in der T\u00fcrkei<\/a><\/li>\n<li><a href=\"https:\/\/antalyatouristinformation.com\/de\/heiraten\/turkische-traditionen\/\">T\u00fcrkische Hochzeitstraditionen<\/a><\/li>\n<li><a href=\"https:\/\/antalyatouristinformation.com\/de\/heiraten\/fotograf\/\">Hochzeitsfotografen<\/a><\/li>\n<li><a href=\"https:\/\/antalyatouristinformation.com\/de\/heiraten\/haufige-fragen\/\">H\u00e4ufige Fragen zu t\u00fcrkischen Hochzeiten<\/a><\/li>\n<\/ul>\n<p><strong>Kontakt:<\/strong><\/p>\n<p>Falls ihr Unterst\u00fctzung bei der Organisation eurer Hochzeit oder Feier in der T\u00fcrkei braucht, holt euch einfach ein kostenloses Angebot! Hier ist unsere Seite zum Thema <a href=\"http:\/\/antalyatouristinformation.com\/de\/mice\/\">Organisationsservice in der T\u00fcrkei<\/a>.<\/p>\n","protected":false},"excerpt":{"rendered":"<p>Was braucht man, um \u201eJa\u201c sagen zu k\u00f6nnen Falls ihr auf der Suche nach Informationen \u00fcber die Formalit\u00e4ten und das legale Verfahren seid, um als Ausl\u00e4nder in der T\u00fcrkei zu heiraten, seid ihr hier richtig! Der Prozess ist nicht sehr kompliziert, jedoch gibt es einige Schritte, die ihr befolgen m\u00fcsst. Auf dieser Seite findet ihr [&hellip;]<\/p>\n","protected":false},"author":6,"featured_media":2234,"parent":961,"menu_order":0,"comment_status":"open","ping_status":"closed","template":"","meta":{"_acf_changed":false,"footnotes":""},"categories":[],"tags":[51],"class_list":["post-963","page","type-page","status-publish","has-post-thumbnail","hentry","tag-wedding","post-wrapper","thrv_wrapper"],"acf":[],"wp-worthy-pixel":{"ignored":false,"public":null,"server":null,"url":null},"wp-worthy-type":"normal","_links":{"self":[{"href":"https:\/\/antalyatouristinformation.com\/de\/wp-json\/wp\/v2\/pages\/963","targetHints":{"allow":["GET"]}}],"collection":[{"href":"https:\/\/antalyatouristinformation.com\/de\/wp-json\/wp\/v2\/pages"}],"about":[{"href":"https:\/\/antalyatouristinformation.com\/de\/wp-json\/wp\/v2\/types\/page"}],"author":[{"embeddable":true,"href":"https:\/\/antalyatouristinformation.com\/de\/wp-json\/wp\/v2\/users\/6"}],"replies":[{"embeddable":true,"href":"https:\/\/antalyatouristinformation.com\/de\/wp-json\/wp\/v2\/comments?post=963"}],"version-history":[{"count":9,"href":"https:\/\/antalyatouristinformation.com\/de\/wp-json\/wp\/v2\/pages\/963\/revisions"}],"predecessor-version":[{"id":15020,"href":"https:\/\/antalyatouristinformation.com\/de\/wp-json\/wp\/v2\/pages\/963\/revisions\/15020"}],"up":[{"embeddable":true,"href":"https:\/\/antalyatouristinformation.com\/de\/wp-json\/wp\/v2\/pages\/961"}],"wp:featuredmedia":[{"embeddable":true,"href":"https:\/\/antalyatouristinformation.com\/de\/wp-json\/wp\/v2\/media\/2234"}],"wp:attachment":[{"href":"https:\/\/antalyatouristinformation.com\/de\/wp-json\/wp\/v2\/media?parent=963"}],"wp:term":[{"taxonomy":"category","embeddable":true,"href":"https:\/\/antalyatouristinformation.com\/de\/wp-json\/wp\/v2\/categories?post=963"},{"taxonomy":"post_tag","embeddable":true,"href":"https:\/\/antalyatouristinformation.com\/de\/wp-json\/wp\/v2\/tags?post=963"}],"curies":[{"name":"wp","href":"https:\/\/api.w.org\/{rel}","templated":true}]}}