{"id":9632,"date":"2021-06-02T08:46:09","date_gmt":"2021-06-02T06:46:09","guid":{"rendered":"https:\/\/antalyatouristinformation.com\/clone4639485xzhehsskdjfhhdhebdkkekdeewsd4545gdfgm\/?page_id=9632"},"modified":"2023-05-03T09:44:18","modified_gmt":"2023-05-03T07:44:18","slug":"feiertage","status":"publish","type":"page","link":"https:\/\/antalyatouristinformation.com\/de\/plan\/feiertage\/","title":{"rendered":"Offizielle Feiertage in der T\u00fcrkei [2021-2022-2023]"},"content":{"rendered":"<p>Die Feiertage in der T\u00fcrkei werden grunds\u00e4tzlich in zwei Gruppen eingeteilt: nationale Feiertage und religi\u00f6se Feiertage.<\/p>\n<p>Hier findet ihr die genauen Daten der nationalen und religi\u00f6sen Feiertage in der T\u00fcrkei f\u00fcr die Jahre 2021, 2022 und 2023. Das hilft euch bei der <a href=\"https:\/\/antalyatouristinformation.com\/de\/plan\/\">Planung eures Urlaubs!<\/a><\/p>\n<p>Es gibt halbe Feiertage in der T\u00fcrkei. Diese beginnen mittags am Vortag des offiziellen Feiertags, ab 13:00 ist an diesen Tagen offizieller Feiertag. Der Tag vor den religi\u00f6sen Festen wie Ramadan- und Opferfest sowie der Tag vor dem 29. Oktober, dem Tag der Republik, sind offizielle halbe Feiertage in der T\u00fcrkei.<\/p>\n<p>Die Daten f\u00fcr die religi\u00f6sen Feiertage wie Ramadan- und Opferfest werden nach den Mondmonaten festgelegt. Daher wird jedes Jahr mit 354 Tagen berechnet, wodurch sich die Feiertage nach dem gregorianischen Kalender jedes Jahr um 11 Tage nach vorne verschieben.<\/p>\n<p>Nun zu unserer Liste: &nbsp;&nbsp;<\/p>\n<h2>Gesetzliche und religi\u00f6se Feiertage im Jahr 2021<\/h2>\n<ul>\n<li><strong>Nationale Feiertage<\/strong>01. Januar: &nbsp; &nbsp;Neujahrsfest23. April: &nbsp; &nbsp; &nbsp;Tag der nationalen Souver\u00e4nit\u00e4t und Tag der Kinder01. Mai: &nbsp; &nbsp; &nbsp; &nbsp;Tag der Arbeit und Solidarit\u00e4t 19. Mai: &nbsp; &nbsp; &nbsp; &nbsp; Gedenktag f\u00fcr Atat\u00fcrk, Tag der Jugend und des Sports15. Juli: &nbsp; &nbsp; &nbsp; &nbsp; &nbsp;Tag der Demokratie und der nationalen Einheit30. August: &nbsp; Tag des Sieges 29. Oktober: Tag der Republik (28.10.2021 ist ab 13:00 Uhr Feiertag)<\/li>\n<li><strong>Religi\u00f6se Feiertage<\/strong><strong><\/strong>12.-15. Mai: &nbsp;Ramadan Fest (12.05.2021 ist ab 13:00 Uhr Feiertag)19.-23. Juli: &nbsp;Opferfest (19.07.2021 ist ab 13:00 Uhr Feiertag)<\/li>\n<\/ul>\n<h2>Gesetzliche und religi\u00f6se Feiertage im Jahr 2022<\/h2>\n<ul>\n<li><strong>Nationale Feiertage<\/strong>01. Januar: &nbsp; &nbsp;Neujahrsfest23. April: &nbsp; &nbsp; &nbsp;Tag der nationalen Souver\u00e4nit\u00e4t und Tag der Kinder01. Mai: &nbsp; &nbsp; &nbsp; &nbsp;Tag der Arbeit und Solidarit\u00e4t19. Mai: &nbsp; &nbsp; &nbsp; &nbsp; Gedenktag f\u00fcr Atat\u00fcrk, Tag der Jugend und des Sports15. Juli: &nbsp; &nbsp; &nbsp; &nbsp; &nbsp;Tag der Demokratie und der nationalen Einheit30. August: &nbsp; Tag des Sieges29. Oktober: Tag der Republik (28.10.2022 ist ab 13:00 Uhr Feiertag)<\/li>\n<li><strong>Religi\u00f6se Feiertage<\/strong>01.- 04. Mai: &nbsp;Ramadan Fest (01.05.2022 ist ab 13:00 Uhr Feiertag)08.- 12. Juli: &nbsp; Opferfest (19.07.2022 ist ab 13:00 Uhr Feiertag)<\/li>\n<\/ul>\n<h2>Gesetzliche und religi\u00f6se Feiertage im Jahr 2023<\/h2>\n<ul>\n<li><strong><strong>Nationale Feiertage<\/strong><\/strong>01. Januar: &nbsp; &nbsp;Neujahrsfest23. April: &nbsp; &nbsp; &nbsp;Tag der nationalen Souver\u00e4nit\u00e4t und Tag der Kinder01. Mai: &nbsp; &nbsp; &nbsp; &nbsp;Tag der Arbeit und Solidarit\u00e4t19. Mai: &nbsp; &nbsp; &nbsp; &nbsp; Gedenktag f\u00fcr Atat\u00fcrk, Tag der Jugend und des Sports15. Juli: &nbsp; &nbsp; &nbsp; &nbsp; &nbsp;Tag der Demokratie und der nationalen Einheit30. August: &nbsp; Tag des Sieges29. Oktober: Tag der Republik (28.10.2023 ist ab 13:00 Uhr Feiertag)<\/li>\n<li><strong>Religi\u00f6se Feiertage<\/strong>20.- 23. April:&nbsp; &nbsp; &nbsp; &nbsp;Ramadan Fest (20.04.2023 ist ab 13:00 Uhr Feiertag)27. Juni &#8211; 01. Juli: &nbsp;Opferfest (27.06.2023 ist ab 13:00 Uhr Feiertag)<\/li>\n<\/ul>\n","protected":false},"excerpt":{"rendered":"<p>Die Feiertage in der T\u00fcrkei werden grunds\u00e4tzlich in zwei Gruppen eingeteilt: nationale Feiertage und religi\u00f6se Feiertage. Hier findet ihr die genauen Daten der nationalen und religi\u00f6sen Feiertage in der T\u00fcrkei f\u00fcr die Jahre 2021, 2022 und 2023. Das hilft euch bei der Planung eures Urlaubs! Es gibt halbe Feiertage in der T\u00fcrkei. Diese beginnen mittags [&hellip;]<\/p>\n","protected":false},"author":4,"featured_media":0,"parent":172,"menu_order":0,"comment_status":"closed","ping_status":"closed","template":"","meta":{"_acf_changed":false,"footnotes":""},"categories":[],"tags":[],"class_list":["post-9632","page","type-page","status-publish","hentry","post-wrapper","thrv_wrapper"],"acf":[],"wp-worthy-pixel":{"ignored":false,"public":null,"server":null,"url":null},"wp-worthy-type":"normal","_links":{"self":[{"href":"https:\/\/antalyatouristinformation.com\/de\/wp-json\/wp\/v2\/pages\/9632","targetHints":{"allow":["GET"]}}],"collection":[{"href":"https:\/\/antalyatouristinformation.com\/de\/wp-json\/wp\/v2\/pages"}],"about":[{"href":"https:\/\/antalyatouristinformation.com\/de\/wp-json\/wp\/v2\/types\/page"}],"author":[{"embeddable":true,"href":"https:\/\/antalyatouristinformation.com\/de\/wp-json\/wp\/v2\/users\/4"}],"replies":[{"embeddable":true,"href":"https:\/\/antalyatouristinformation.com\/de\/wp-json\/wp\/v2\/comments?post=9632"}],"version-history":[{"count":10,"href":"https:\/\/antalyatouristinformation.com\/de\/wp-json\/wp\/v2\/pages\/9632\/revisions"}],"predecessor-version":[{"id":15051,"href":"https:\/\/antalyatouristinformation.com\/de\/wp-json\/wp\/v2\/pages\/9632\/revisions\/15051"}],"up":[{"embeddable":true,"href":"https:\/\/antalyatouristinformation.com\/de\/wp-json\/wp\/v2\/pages\/172"}],"wp:attachment":[{"href":"https:\/\/antalyatouristinformation.com\/de\/wp-json\/wp\/v2\/media?parent=9632"}],"wp:term":[{"taxonomy":"category","embeddable":true,"href":"https:\/\/antalyatouristinformation.com\/de\/wp-json\/wp\/v2\/categories?post=9632"},{"taxonomy":"post_tag","embeddable":true,"href":"https:\/\/antalyatouristinformation.com\/de\/wp-json\/wp\/v2\/tags?post=9632"}],"curies":[{"name":"wp","href":"https:\/\/api.w.org\/{rel}","templated":true}]}}