{"id":9636,"date":"2021-06-02T08:51:36","date_gmt":"2021-06-02T06:51:36","guid":{"rendered":"https:\/\/antalyatouristinformation.com\/clone4639485xzhehsskdjfhhdhebdkkekdeewsd4545gdfgm\/?page_id=9636"},"modified":"2023-05-03T09:47:36","modified_gmt":"2023-05-03T07:47:36","slug":"steckdosen","status":"publish","type":"page","link":"https:\/\/antalyatouristinformation.com\/de\/plan\/steckdosen\/","title":{"rendered":"Steckdosen in der T\u00fcrkei: Braucht ihr einen Reiseadapter?"},"content":{"rendered":"<p>Elektronische Ger\u00e4te, sei es Handy, Tablet oder Laptop sind unsere st\u00e4ndigen Begleiter geworden.<\/p>\n<p>Daher solltet ihr die Steckdosentypen kennen, die in der T\u00fcrkei verwendet werden.<\/p>\n<p>Hier findet ihr alle n\u00fctzlichen Informationen. Dazu geh\u00f6ren Steckdosentypen, Reiseadapter und Spannungswandler.<\/p>\n<p><span><img decoding=\"async\" alt=\"socket types in Turkey\" data-id=\"10483\" width=\"702\" data-init-width=\"1000\" height=\"470\" data-init-height=\"670\" title=\"socket types in Turkey\" loading=\"lazy\" src=\"https:\/\/antalyatouristinformation.com\/de\/wp-content\/uploads\/sites\/10\/2021\/06\/socket-types-in-Turkey.jpg\" data-width=\"702\" data-height=\"470\"><\/span><\/p>\n<ul>\n<li><a rel=\"noreferrer noopener nofollow\" href=\"https:\/\/pinterest.com\/pin\/create\/button\/?url=https:\/\/antalyatouristinformation.com\/de\/plan\/steckdosen\/?tve=true&amp;tcbf=3c052dd3e9&amp;is_video=false&amp;media=https:\/\/antalyatouristinformation.com\/de\/wp-content\/uploads\/sites\/10\/2021\/06\/socket-types-in-Turkey.jpg&amp;description=Sockets%20in%20Turkey%20%7C%20Antalya%20Tourist%20Information\" target=\"_blank\"><span><\/span><span>Pin<\/span><\/a><\/li>\n<\/ul>\n<h2>Steckdosentypen in der T\u00fcrkei<\/h2>\n<p>Es gibt 2 Arten von Stecker-Typen, die in der T\u00fcrkei verwendet werden und miteinander kompatibel sind. Diese beiden Stecker-Typen werden als C- und F-Typ bezeichnet.<\/p>\n<p>Elektrische Ger\u00e4te in der T\u00fcrkei werden in der Regel mit Steckern des Typs F hergestellt. <strong>Stecker Typ F<\/strong> ist der Stecker, der zwei runde Stifte mit zwei Erdungsklemmen an der Seite hat, wie ihr auf dem Bild oben seht.<strong>Stecker Typ C<\/strong> ist der Stecker, der zwei runde Stifte hat.<\/p>\n<p><span><img decoding=\"async\" alt=\"sockets in Turkey - travel adapter\" data-id=\"10484\" width=\"702\" data-init-width=\"1000\" height=\"470\" data-init-height=\"670\" title=\"sockets in Turkey - travel adapter\" loading=\"lazy\" src=\"https:\/\/antalyatouristinformation.com\/de\/wp-content\/uploads\/sites\/10\/2021\/06\/sockets-in-Turkey-travel-adapter.jpg\" data-width=\"702\" data-height=\"470\"><\/span><\/p>\n<ul>\n<li><a rel=\"noreferrer noopener nofollow\" href=\"https:\/\/pinterest.com\/pin\/create\/button\/?url=https:\/\/antalyatouristinformation.com\/de\/plan\/steckdosen\/?tve=true&amp;tcbf=3c052dd3e9&amp;is_video=false&amp;media=https:\/\/antalyatouristinformation.com\/de\/wp-content\/uploads\/sites\/10\/2021\/06\/sockets-in-Turkey-travel-adapter.jpg&amp;description=Sockets%20in%20Turkey%20%7C%20Antalya%20Tourist%20Information\" target=\"_blank\"><span><\/span><span>Pin<\/span><\/a><\/li>\n<\/ul>\n<h2>Reise-Adapter<\/h2>\n<p>Was ist nun, wenn es in eurem Land einen anderen Steckertyp gibt? Um Probleme aufgrund der unterschiedlichen Spannungen oder Steckdosentypen zu vermeiden, ist es am besten, ihr besorgt euch einen Reise-Adapter, der den Steckertyp vieler L\u00e4nder kombiniert.&nbsp; Die Stecker in Deutschland sind in den meisten F\u00e4llen mit dem <strong>Steckertyp F <\/strong>in der T\u00fcrkei <strong>kompatibel<\/strong> und k\u00f6nnen ohne Probleme verwendet werden.<\/p>\n<h2>Spannungswandler<\/h2>\n<p>Die T\u00fcrkei arbeitet mit einer Versorgungsspannung von 220 V und 50 Hz. Das Stecker-System vom Typ F arbeitet im Bereich von <strong>220 &#8211; 240 Volt.<\/strong><\/p>\n<p>Es kann jedoch zu <strong>Spannungsschwankungen<\/strong> kommen.<\/p>\n<p>Falls ihr l\u00e4nger im Land bleibt, in l\u00e4ndliche Gegenden fahrt oder sehr empfindliche Ger\u00e4te dabeihabt, kann ein Spannungswandler die richtige L\u00f6sung f\u00fcr euch sein.<\/p>\n<p><span><span>Insert Image<\/span><\/span><\/p>\n","protected":false},"excerpt":{"rendered":"<p>Elektronische Ger\u00e4te, sei es Handy, Tablet oder Laptop sind unsere st\u00e4ndigen Begleiter geworden. Daher solltet ihr die Steckdosentypen kennen, die in der T\u00fcrkei verwendet werden. Hier findet ihr alle n\u00fctzlichen Informationen. Dazu geh\u00f6ren Steckdosentypen, Reiseadapter und Spannungswandler. Pin Steckdosentypen in der T\u00fcrkei Es gibt 2 Arten von Stecker-Typen, die in der T\u00fcrkei verwendet werden und [&hellip;]<\/p>\n","protected":false},"author":4,"featured_media":10471,"parent":172,"menu_order":0,"comment_status":"closed","ping_status":"closed","template":"","meta":{"_acf_changed":false,"footnotes":""},"categories":[],"tags":[],"class_list":["post-9636","page","type-page","status-publish","has-post-thumbnail","hentry","post-wrapper","thrv_wrapper"],"acf":[],"wp-worthy-pixel":{"ignored":false,"public":null,"server":null,"url":null},"wp-worthy-type":"normal","_links":{"self":[{"href":"https:\/\/antalyatouristinformation.com\/de\/wp-json\/wp\/v2\/pages\/9636","targetHints":{"allow":["GET"]}}],"collection":[{"href":"https:\/\/antalyatouristinformation.com\/de\/wp-json\/wp\/v2\/pages"}],"about":[{"href":"https:\/\/antalyatouristinformation.com\/de\/wp-json\/wp\/v2\/types\/page"}],"author":[{"embeddable":true,"href":"https:\/\/antalyatouristinformation.com\/de\/wp-json\/wp\/v2\/users\/4"}],"replies":[{"embeddable":true,"href":"https:\/\/antalyatouristinformation.com\/de\/wp-json\/wp\/v2\/comments?post=9636"}],"version-history":[{"count":10,"href":"https:\/\/antalyatouristinformation.com\/de\/wp-json\/wp\/v2\/pages\/9636\/revisions"}],"predecessor-version":[{"id":15053,"href":"https:\/\/antalyatouristinformation.com\/de\/wp-json\/wp\/v2\/pages\/9636\/revisions\/15053"}],"up":[{"embeddable":true,"href":"https:\/\/antalyatouristinformation.com\/de\/wp-json\/wp\/v2\/pages\/172"}],"wp:featuredmedia":[{"embeddable":true,"href":"https:\/\/antalyatouristinformation.com\/de\/wp-json\/wp\/v2\/media\/10471"}],"wp:attachment":[{"href":"https:\/\/antalyatouristinformation.com\/de\/wp-json\/wp\/v2\/media?parent=9636"}],"wp:term":[{"taxonomy":"category","embeddable":true,"href":"https:\/\/antalyatouristinformation.com\/de\/wp-json\/wp\/v2\/categories?post=9636"},{"taxonomy":"post_tag","embeddable":true,"href":"https:\/\/antalyatouristinformation.com\/de\/wp-json\/wp\/v2\/tags?post=9636"}],"curies":[{"name":"wp","href":"https:\/\/api.w.org\/{rel}","templated":true}]}}