{"id":9646,"date":"2021-06-02T09:01:30","date_gmt":"2021-06-02T07:01:30","guid":{"rendered":"https:\/\/antalyatouristinformation.com\/clone4639485xzhehsskdjfhhdhebdkkekdeewsd4545gdfgm\/?page_id=9646"},"modified":"2023-05-03T09:26:40","modified_gmt":"2023-05-03T07:26:40","slug":"festivals","status":"publish","type":"page","link":"https:\/\/antalyatouristinformation.com\/de\/plan\/festivals\/","title":{"rendered":"Festivals in Antalya"},"content":{"rendered":"<p>Antalya ist zweifelsohne ein tolles Urlaubsziel mit einzigartiger Natur, einmaligen <a href=\"https:\/\/antalyatouristinformation.com\/de\/sehenswurdigkeiten\/strand\/\">Str\u00e4nden<\/a> und reichlich Sonnenschein.<\/p>\n<p>Doch Antalya hat weit mehr zu bieten als nur Sonne Sand und Meer. Neben seiner <a href=\"https:\/\/antalyatouristinformation.com\/de\/kultur\/\">Kultur<\/a>, den <a href=\"https:\/\/antalyatouristinformation.com\/de\/sehenswurdigkeiten\/geschichte\/\">antiken Ruinen<\/a> sowie dem abwechslungsreichen <a href=\"https:\/\/antalyatouristinformation.com\/de\/food\/\">Essen<\/a> ist es jedes Jahr Gastgeber f\u00fcr zahlreiche Festivals in den Bereichen Kultur, Kunst und <a href=\"https:\/\/antalyatouristinformation.com\/de\/sport\/\">Sport<\/a>.<\/p>\n<p>Hier haben wir die wichtigsten und interessantesten f\u00fcr euch zusammengestellt.<\/p>\n<h2>Aspendos Internationales Opern- und Ballettfestival<\/h2>\n<p>Das <strong>erste Opern- und Ballettfestival der T\u00fcrkei <\/strong>findet seit 1994 jedes Jahr im Sommer oder Fr\u00fchherbst statt, im antiken Theater von <a href=\"https:\/\/antalyatouristinformation.com\/de\/sehenswurdigkeiten\/geschichte\/aspendos\/\">Aspendos<\/a> statt, Datum und Dauer unterscheiden sich. Organisiert wird das Festival von der t\u00fcrkischen Staatsopern- und Ballettdirektion mit internationaler Beteiligung von Opern- und Ballettkompanien aus mehreren L\u00e4ndern.<\/p>\n<p>Der Auff\u00fchrungsort ist das <strong>2000 Jahre alte Theater<\/strong> von Aspendos. Das Theater ist als eines der am besten erhaltenen antiken Theater der Welt bekannt.<\/p>\n<p>Es werden Auff\u00fchrungen von <strong>ber\u00fchmten Opernh\u00e4usern<\/strong> dargeboten. Beispiele hierf\u00fcr sind \u201eAida\u201c von der Staatsoper und dem Ballett Ankara, \u201eCarmen\u201c, \u201eLa Bayad\u00e8re\u201c von L\u00e9on Minkus, \u201eCarmen\u201c (Georges Bizet) und Carmina Burana von Carl Orff, aufgef\u00fchrt von der Staatsoper und dem Ballett Mersin. Weitere G\u00e4ste waren das Ballett Z\u00fcrich, das Izmir State Opera and Ballet, das \u201eJivago\u201c von Alexander Borodin pr\u00e4sentierte sowie die Deutsche Oper Berlin mit der \u201eZauberfl\u00f6te\u201c.<\/p>\n<p>Eine Veranstaltung in Aspendos ist zweifellos ein einmaliges Erlebnis. Lasst euch die Chance nicht entgehen, falls ihr Gelegenheit dazu habt!<\/p>\n<h2>Antalya International Film Festival<\/h2>\n<p>Das Antalya International Film Festival, <strong>fr\u00fcher bekannt als \u201eAntalya Golden Orange Film Festival\u201c,<\/strong> ist ein Filmfestival, das seit 1964 j\u00e4hrlich in Antalya stattfindet. Es ist das wichtigste und gleichzeitig das \u00e4lteste und am l\u00e4ngsten laufende Filmfestival der T\u00fcrkei. Es begann 1964 unter der Leitung von Avni Tolunay und wurde organisiert, um das t\u00fcrkische Kino zu unterst\u00fctzen. Jedes Jahr wohnen weltber\u00fchmte Schauspieler und Regisseure dem Festival bei.<\/p>\n<p>Das Festival beginnt mit einer <strong>Parade in der Stadt Antalya<\/strong> am Abend des ersten Tages. Die Er\u00f6ffnungszeremonie findet im <strong>Konyaalt\u0131 Amphitheater<\/strong> oder im <strong>Kulturzentrum<\/strong> von Antalya in Anwesenheit von <strong>nationaler und internationaler Filmprominenz<\/strong> statt. Bei dieser Zeremonie werden Ehrenpreise an Schauspieler verliehen.<\/p>\n<p>Mehr Informationen findet ihr auf der <a href=\"https:\/\/www.antalyaff.com\/en\/\" target=\"_blank\" rel=\"noopener\">offiziellen Webseite<\/a>.<\/p>\n<h2>Internationales Klavierfestival von Antalya<\/h2>\n<p>Das Internationale Klavierfestival Antalya geh\u00f6rt zu den wichtigsten kulturellen und k\u00fcnstlerischen Veranstaltungen, die von der Stadtverwaltung Antalya organisiert werden. Es ist Mitglied der European Festivals Association (EFA), die seit 2000 zur internationalen Identit\u00e4t Antalyas beitr\u00e4gt. Das Festival vereinigt viele weltber\u00fchmte Musiker mit ihren Fans und Musikliebhabern.<\/p>\n<p>Einzelheiten k\u00f6nnt ihr auf der <a href=\"https:\/\/apf.com.tr\/\" target=\"_blank\" rel=\"noopener\">offiziellen Webseite<\/a> nachlesen. &nbsp;<\/p>\n<h2>Runanatolia<\/h2>\n<p>Der Runatolia &#8222;International Antalya Marathon&#8220; startete zum ersten Mal am 19. M\u00e4rz 2006 unter dem Namen &#8222;Runtalya International Antalya Marathon&#8220; mit 850 Teilnehmern. Ziel war es, einen Beitrag zum Wintertourismus zu leisten. Der Runatolia Marathon spricht sowohl Profisportler als auch Amateursportler mit wenig Lauferfahrung an.<\/p>\n<p>Genaueres erfahrt ihr auf der <a href=\"https:\/\/www.runatolia.com\" target=\"_blank\" rel=\"noopener\">offiziellen Webseite<\/a>.<\/p>\n<h2>Internationales Theaterfestival Antalya<\/h2>\n<p>&nbsp;Das Staatstheater Antalya veranstaltet jedes Jahr das Internationale Theaterfestival in Antalya. Insgesamt nehmen etwa 40 einheimische und 50 ausl\u00e4ndische Theatergruppen teil. Das Festival verzeichnet <strong>an die 100.000 Zuschauer.<\/strong><\/p>\n<p>Auff\u00fchrungsorte sind die <strong>vorwiegend die antiken Theater in Antalya<\/strong>, die mit ihrer historischen Atmosph\u00e4re f\u00fcr eine kulturelle und k\u00fcnstlerische Dynamik sorgen.<\/p>\n<h2>Kaleici-Altstadtfest<\/h2>\n<p>Seit 2016 organisiert die Stadtverwaltung Muratpa\u015fa das Altstadtfest in <a href=\"https:\/\/antalyatouristinformation.com\/de\/sehenswurdigkeiten\/geschichte\/antalya-kaleici\/\">Kalei\u00e7i,<\/a> um die <strong>kulturelle Bedeutung <\/strong>der Altstadt von Antalya zu betonen. Jedes Jahr wird ein Land als Ehrengast ausgew\u00e4hlt. Das Festival beginnt mit einem Festzug durch Kalei\u00e7i, es folgen zahlreiche Tanz- und Theaterauff\u00fchrungen sowie Konzerte.<\/p>\n<p>Mehr dazu k\u00f6nnt ihr auf der <a href=\"https:\/\/muratpasa-bld.gov.tr\" target=\"_blank\" rel=\"noopener\">offiziellen Webseite<\/a> lesen.&nbsp;<\/p>\n<h2>Alanya Jazz Festival<\/h2>\n<p>Das Festival beherbergt seit fast 20 Jahren weltber\u00fchmte Jazzmusiker und lockt Fans sowie Musikliebhaber in die Region. Im Jahr 2021 soll es vom 23. bis 26. September stattfinden.Genaueres findet ihr auf der <a href=\"https:\/\/festivall.com.tr\/festival\/6675\/alanya-uluslararasi-jazz-gunleri\/\" target=\"_blank\" rel=\"noopener\">offiziellen Webseite<\/a>.&nbsp;<\/p>\n<h2>Alanya Triathlon<\/h2>\n<p>Erstmals fand der Alanya Triathlon im Jahr 1991 statt. Es nahmen insgesamt 120 Athleten aus 13 L\u00e4ndern teil.<\/p>\n<p>Der Alanya Triathlon und Tennis Club war Vorreiter bei der Gr\u00fcndung des t\u00fcrkischen Triathlon Verbandes. Der Internationale Alanya Triathlon wird als Teil der Europameisterschaft f\u00fcr M\u00e4nner und Frauen ausgetragen und besteht aus 1,5 Kilometer Schwimmen, 40 Kilometer Radfahren und 10 Kilometer Marathonlauf. Neben der Europameisterschaft wird der Alanya Triathlon auch in den Kategorien der jungen M\u00e4nner, der M\u00e4nner \u00fcber 40 und der M\u00e4nner \u00fcber 50 veranstaltet.<\/p>\n<p>Die <a href=\"http:\/\/alanyacup.com\/B\/9\/8\/Genel-Bilgi\" target=\"_blank\" rel=\"noopener\">offizielle Webseite<\/a> verr\u00e4t euch genauere Einzelheiten.<\/p>\n<h2>International Antalya Sand Sculpture Festival<\/h2>\n<p>Ein besonderes Highlight ist das Internationale Antalya Sandskulpturen Festival, kurz Sandland genannt. Das riesige Museum aus Sand erstreckt sich auf eine Fl\u00e4che von 10.000 Quadratmetern und ist eines der gr\u00f6\u00dften Sandskulpturen-Events der Welt.<\/p>\n<p>Jedes Jahr wird ein anderes Motto ausgew\u00e4hlt, jedoch mythologische Figuren aus der ganzen Welt sowie ber\u00fchmte Sehensw\u00fcrdigkeiten findet ihr jedes Jahr im Sandland. Dazu z\u00e4hlen unter anderen griechische und \u00e4gyptische Sagengestalten, die 7 Weltwunder, der Eiffelturm, das Colloseum und viele mehr.<\/p>\n<p>Werft auch einen Blick in unseren kompletten <a href=\"https:\/\/antalyatouristinformation.com\/de\/sehenswurdigkeiten\/attraktionen\/sandland\/\">Guide zu Sandland<\/a> oder in die <a href=\"http:\/\/www.sandlandantalya.com\/index_en.php\" target=\"_blank\" rel=\"noopener\">offizielle Webseite.<\/a>&nbsp;<\/p>\n","protected":false},"excerpt":{"rendered":"<p>Antalya ist zweifelsohne ein tolles Urlaubsziel mit einzigartiger Natur, einmaligen Str\u00e4nden und reichlich Sonnenschein. Doch Antalya hat weit mehr zu bieten als nur Sonne Sand und Meer. Neben seiner Kultur, den antiken Ruinen sowie dem abwechslungsreichen Essen ist es jedes Jahr Gastgeber f\u00fcr zahlreiche Festivals in den Bereichen Kultur, Kunst und Sport. Hier haben wir [&hellip;]<\/p>\n","protected":false},"author":4,"featured_media":0,"parent":172,"menu_order":0,"comment_status":"closed","ping_status":"closed","template":"","meta":{"_acf_changed":false,"footnotes":""},"categories":[],"tags":[],"class_list":["post-9646","page","type-page","status-publish","hentry","post-wrapper","thrv_wrapper"],"acf":[],"wp-worthy-pixel":{"ignored":false,"public":null,"server":null,"url":null},"wp-worthy-type":"normal","_links":{"self":[{"href":"https:\/\/antalyatouristinformation.com\/de\/wp-json\/wp\/v2\/pages\/9646","targetHints":{"allow":["GET"]}}],"collection":[{"href":"https:\/\/antalyatouristinformation.com\/de\/wp-json\/wp\/v2\/pages"}],"about":[{"href":"https:\/\/antalyatouristinformation.com\/de\/wp-json\/wp\/v2\/types\/page"}],"author":[{"embeddable":true,"href":"https:\/\/antalyatouristinformation.com\/de\/wp-json\/wp\/v2\/users\/4"}],"replies":[{"embeddable":true,"href":"https:\/\/antalyatouristinformation.com\/de\/wp-json\/wp\/v2\/comments?post=9646"}],"version-history":[{"count":10,"href":"https:\/\/antalyatouristinformation.com\/de\/wp-json\/wp\/v2\/pages\/9646\/revisions"}],"predecessor-version":[{"id":14149,"href":"https:\/\/antalyatouristinformation.com\/de\/wp-json\/wp\/v2\/pages\/9646\/revisions\/14149"}],"up":[{"embeddable":true,"href":"https:\/\/antalyatouristinformation.com\/de\/wp-json\/wp\/v2\/pages\/172"}],"wp:attachment":[{"href":"https:\/\/antalyatouristinformation.com\/de\/wp-json\/wp\/v2\/media?parent=9646"}],"wp:term":[{"taxonomy":"category","embeddable":true,"href":"https:\/\/antalyatouristinformation.com\/de\/wp-json\/wp\/v2\/categories?post=9646"},{"taxonomy":"post_tag","embeddable":true,"href":"https:\/\/antalyatouristinformation.com\/de\/wp-json\/wp\/v2\/tags?post=9646"}],"curies":[{"name":"wp","href":"https:\/\/api.w.org\/{rel}","templated":true}]}}