{"id":9655,"date":"2021-06-02T09:11:28","date_gmt":"2021-06-02T07:11:28","guid":{"rendered":"https:\/\/antalyatouristinformation.com\/clone4639485xzhehsskdjfhhdhebdkkekdeewsd4545gdfgm\/?page_id=9655"},"modified":"2023-05-03T09:45:39","modified_gmt":"2023-05-03T07:45:39","slug":"ramadan","status":"publish","type":"page","link":"https:\/\/antalyatouristinformation.com\/de\/plan\/ramadan\/","title":{"rendered":"Ramadan: Der Fastenmonat im Islam"},"content":{"rendered":"<p>Dies ist unser kompletter Guide zum Ramadan.<\/p>\n<p>Die T\u00fcrkei ist ein moslemisches Land. Der Ramadan ist im Islam der Fastenmonat, er dauert 30 Tage lang.<\/p>\n<p>Hier findet ihr alle Informationen, die ihr kennen solltet, falls ihr die T\u00fcrkei w\u00e4hrend des Fastenmonats besucht. Dazu geh\u00f6ren \u00f6rtliche Sitten und Br\u00e4uche ebenso wie die Auswirkungen auf Besucher.<\/p>\n<h2>Was ist der Ramadan und das Ramadan-Fest?<\/h2>\n<p>Ramadan ist der neunte Monat im islamischen Kalender, der als einer der heiligsten islamischen Monate gilt. Er ist <strong>der Monat des Fastens und Betens<\/strong> f\u00fcr Muslime und dauert 30 Tage. Fasten w\u00e4hrend des Ramadan bedeutet <strong>Enthaltsamkeit von jeglicher Art von Essen und Trinken<\/strong>, einschlie\u00dflich Wasser, <strong>zwischen Sonnenaufgang und Sonnenuntergang<\/strong>.<\/p>\n<p>Da sich der Ramadan im solar-basierten gregorianischen Kalender jedes Jahr um etwa 11 Tage nach vorne verschiebt, erleben die Muslime den Ramadan im Laufe ihres Lebens zu unterschiedlichen Jahreszeiten.<\/p>\n<p>Gefolgt wird der Fastenmonat von dem Ramadan Fest, das auch Zuckerfest genannt wird. Nach der langen Fastenperiode gibt es drei Feiertage. Es sind offizielle Feiertage, was bedeutet, dass \u00c4mter, Banken, Schulen und die meisten Gesch\u00e4fte w\u00e4hrend dieser Zeit geschlossen sind.<\/p>\n<h2>Wie wirkt sich das Ramadan-Fest auf das t\u00e4gliche Leben in Antalya aus?<\/h2>\n<p><span><img decoding=\"async\" alt=\"15 unique Restaurants in Antalya Province\" data-id=\"8228\" width=\"702\" data-init-width=\"1200\" height=\"369\" data-init-height=\"630\" title=\"15 unique Restaurants in Antalya Province\" loading=\"lazy\" src=\"https:\/\/antalyatouristinformation.com\/de\/wp-content\/uploads\/sites\/10\/2021\/05\/15-unique-Restaurants-in-Antalya-Province.jpg\" data-width=\"702\" data-height=\"369\"><\/span><\/p>\n<ul>\n<li><a rel=\"noreferrer noopener nofollow\" href=\"https:\/\/pinterest.com\/pin\/create\/button\/?url=https:\/\/antalyatouristinformation.com\/de\/plan\/ramadan\/?tve=true&amp;tcbf=3c052dd3e9&amp;is_video=false&amp;media=https:\/\/antalyatouristinformation.com\/de\/wp-content\/uploads\/sites\/10\/2021\/05\/15-unique-Restaurants-in-Antalya-Province.jpg&amp;description=Ramadan%20Season%20%3A%20Things%20to%20know%20before%20visiting%20Antalya%20%7C%20Antalya%20Tourist%20Information\" target=\"_blank\"><span><\/span><span>Pin<\/span><\/a><\/li>\n<\/ul>\n<p><b>Essen, Trinken und Unterhaltung<\/b><\/p>\n<p>Fall ihr in einem <strong>Ferienresort<\/strong> wohnt, werdet ihr <strong>keinen Unterschied<\/strong> merken und oft gar nicht einmal wissen, dass der Fastenmonat angefangen hat. Da Antalya sich sehr auf ausl\u00e4ndische Besucher eingestellt hat, sind die Gesch\u00e4fte zu den gewohnten Zeiten ge\u00f6ffnet.<\/p>\n<p><strong>Bars, Caf\u00e9s und Restaurants haben ebenfalls ge\u00f6ffnet<\/strong>, in der Regel wird auch Alkohol serviert. Solltet ihr eine <strong>l\u00e4ndlichere Gegend<\/strong> besuchen, kann es sein, dass manche Lokale <strong>w\u00e4hrend des Fastenmonats keinen Alkohol<\/strong> ausschenken.<\/p>\n<p>Das Fasten wird jeden Abend mit dem sogenannten <strong>\u201e\u0130ftar\u201c, dem Fastenbrechen<\/strong>, beendet. Die meisten Restaurants au\u00dferhalb der Resorts haben ein spezielles \u201e\u0130ftar-Men\u00fc\u201c auf der Karte stehen. Die Einheimischen genie\u00dfen es, mit Familie und Freunden in einem Lokal zum \u201e\u0130ftar\u201c zu gehen. Rechnet also gegen Abend mit gro\u00dfem Ansturm. Am besten, ihr macht vorher in eurem Lieblingslokal eine Reservierung.<\/p>\n<p><strong>Von Besuchern wird nicht erwartet, dass sie fasten.<\/strong> Wir empfehlen jedoch, w\u00e4hrend des Ramadan an \u00f6ffentlichen Orten wie Bushaltestellen nicht zu rauchen, zu essen oder zu trinken und so den Fastenden Respekt zu zeigen.<\/p>\n<p>Ihr werdet \u00fcberrascht sein, wie voll die <a href=\"https:\/\/antalyatouristinformation.com\/de\/food\/restaurants\/\">Restaurants<\/a>, Bars und Kneipen auch w\u00e4hrend des Ramadan sind und wie viele Einheimische ihr hier seht. L\u00e4ngst nicht alle Einheimischen fasten, gerade die j\u00fcngere Generation nimmt von dem Brauch zunehmend Abstand.<\/p>\n<h2>Die offiziellen Feiertage am Ramadan-Fest?<\/h2>\n<p>Falls ihr <a href=\"https:\/\/antalyatouristinformation.com\/de\/shopping\/\">Shopping<\/a> gehen m\u00f6chtet, solltet ihr wissen, dass <strong>die meisten Gesch\u00e4fte an dem ersten<\/strong><strong> der drei Feiertage geschlossen haben. <\/strong>Auch gro\u00dfe Einkaufszentren \u00f6ffnen, wenn \u00fcberhaupt, erst am Nachmittag. Es ist \u00fcblich, den ersten Feiertag mit der Familie zu verbringen und die \u00e4lteren Familienmitglieder zu besuchen. Restaurants und Lokale haben in der Regel ge\u00f6ffnet.<\/p>\n<p><span><img decoding=\"async\" alt=\"Antalya Archaeological Museum in Antalya in Turkey\" data-id=\"1997\" width=\"702\" data-init-width=\"1200\" height=\"369\" data-init-height=\"630\" title=\"Antalya Archaeological Museum in Antalya in Turkey\" loading=\"lazy\" src=\"https:\/\/antalyatouristinformation.com\/de\/wp-content\/uploads\/sites\/10\/2021\/04\/Antalya-Archaeological-Museum-in-Antalya-in-Turkey.jpg\" data-width=\"702\" data-height=\"369\"><\/span><\/p>\n<ul>\n<li><a rel=\"noreferrer noopener nofollow\" href=\"https:\/\/pinterest.com\/pin\/create\/button\/?url=https:\/\/antalyatouristinformation.com\/de\/plan\/ramadan\/?tve=true&amp;tcbf=3c052dd3e9&amp;is_video=false&amp;media=https:\/\/antalyatouristinformation.com\/de\/wp-content\/uploads\/sites\/10\/2021\/04\/Antalya-Archaeological-Museum-in-Antalya-in-Turkey.jpg&amp;description=Ramadan%20Season%20%3A%20Things%20to%20know%20before%20visiting%20Antalya%20%7C%20Antalya%20Tourist%20Information\" target=\"_blank\"><span><\/span><span>Pin<\/span><\/a><\/li>\n<\/ul>\n<h2>Museen und andere St\u00e4tten<\/h2>\n<p>Erkundigt euch bitte auf den <strong>offiziellen Webseiten <\/strong>der <a href=\"https:\/\/antalyatouristinformation.com\/de\/sehenswurdigkeiten\/museum\/\">Museen<\/a> und antiken St\u00e4tten \u00fcber die aktuellen \u00d6ffnungszeiten w\u00e4hrend des Ramadan-Festes.<\/p>\n<h2>Verkehr auf den Stra\u00dfen<\/h2>\n<p>Da es \u00fcblich ist, sich w\u00e4hrend des Ramadan-Festes gegenseitig zu besuchen, solltet ihr mit sehr <strong>viel Verkehr auf den Stra\u00dfen<\/strong> rechnen. Viele Einheimische nutzen die Feiertage auch f\u00fcr einen Kurzurlaub. Informiert euch also am besten \u00fcber die Verkehrssituation auf den Stra\u00dfen und Autobahnen, bevor ihr w\u00e4hrend der Feiertage in eine andere Stadt fahrt.<\/p>\n","protected":false},"excerpt":{"rendered":"<p>Dies ist unser kompletter Guide zum Ramadan. Die T\u00fcrkei ist ein moslemisches Land. Der Ramadan ist im Islam der Fastenmonat, er dauert 30 Tage lang. Hier findet ihr alle Informationen, die ihr kennen solltet, falls ihr die T\u00fcrkei w\u00e4hrend des Fastenmonats besucht. Dazu geh\u00f6ren \u00f6rtliche Sitten und Br\u00e4uche ebenso wie die Auswirkungen auf Besucher. Was [&hellip;]<\/p>\n","protected":false},"author":4,"featured_media":9954,"parent":172,"menu_order":0,"comment_status":"closed","ping_status":"closed","template":"","meta":{"_acf_changed":false,"footnotes":""},"categories":[],"tags":[],"class_list":["post-9655","page","type-page","status-publish","has-post-thumbnail","hentry","post-wrapper","thrv_wrapper"],"acf":[],"wp-worthy-pixel":{"ignored":false,"public":null,"server":null,"url":null},"wp-worthy-type":"normal","_links":{"self":[{"href":"https:\/\/antalyatouristinformation.com\/de\/wp-json\/wp\/v2\/pages\/9655","targetHints":{"allow":["GET"]}}],"collection":[{"href":"https:\/\/antalyatouristinformation.com\/de\/wp-json\/wp\/v2\/pages"}],"about":[{"href":"https:\/\/antalyatouristinformation.com\/de\/wp-json\/wp\/v2\/types\/page"}],"author":[{"embeddable":true,"href":"https:\/\/antalyatouristinformation.com\/de\/wp-json\/wp\/v2\/users\/4"}],"replies":[{"embeddable":true,"href":"https:\/\/antalyatouristinformation.com\/de\/wp-json\/wp\/v2\/comments?post=9655"}],"version-history":[{"count":10,"href":"https:\/\/antalyatouristinformation.com\/de\/wp-json\/wp\/v2\/pages\/9655\/revisions"}],"predecessor-version":[{"id":15052,"href":"https:\/\/antalyatouristinformation.com\/de\/wp-json\/wp\/v2\/pages\/9655\/revisions\/15052"}],"up":[{"embeddable":true,"href":"https:\/\/antalyatouristinformation.com\/de\/wp-json\/wp\/v2\/pages\/172"}],"wp:featuredmedia":[{"embeddable":true,"href":"https:\/\/antalyatouristinformation.com\/de\/wp-json\/wp\/v2\/media\/9954"}],"wp:attachment":[{"href":"https:\/\/antalyatouristinformation.com\/de\/wp-json\/wp\/v2\/media?parent=9655"}],"wp:term":[{"taxonomy":"category","embeddable":true,"href":"https:\/\/antalyatouristinformation.com\/de\/wp-json\/wp\/v2\/categories?post=9655"},{"taxonomy":"post_tag","embeddable":true,"href":"https:\/\/antalyatouristinformation.com\/de\/wp-json\/wp\/v2\/tags?post=9655"}],"curies":[{"name":"wp","href":"https:\/\/api.w.org\/{rel}","templated":true}]}}