{"id":969,"date":"2021-03-08T16:03:05","date_gmt":"2021-03-08T15:03:05","guid":{"rendered":"http:\/\/antalyatouristinformation.com\/clone4639485xzhehsskdjfhhdhebdkkekdeewsd4545gdfgm\/?page_id=969"},"modified":"2023-02-16T14:20:44","modified_gmt":"2023-02-16T13:20:44","slug":"hochzeitsplaner","status":"publish","type":"page","link":"https:\/\/antalyatouristinformation.com\/de\/heiraten\/hochzeitsplaner\/","title":{"rendered":"Hochzeitsplaner in der T\u00fcrkei: Guide, Budget &amp; h\u00e4ufige Fragen"},"content":{"rendered":"<h3>Hier ist unser Guide \u00fcber Event- &amp; Hochzeitsplaner in der T\u00fcrkei.<\/h3>\n<p>Ihr m\u00f6chtet eine Traumhochzeit in der T\u00fcrkei erleben?<\/p>\n<p>Dann solltet ihr \u00fcber die Unterst\u00fctzung eines professionellen Hochzeitsplaners in der T\u00fcrkei definitiv nachdenken.<\/p>\n<p>Wir beantworten euch hier alle wichtigen Fragen \u00fcber Hochzeits- &amp; Eventplaner in der T\u00fcrkei.<\/p>\n<p>Beginnen wir mit der ersten Frage!<\/p>\n<h2 id=\"t-1625646554730\" data-alt-text=\"Aufgaben\">Was sind die Aufgaben eines Hochzeitsplaners in der T\u00fcrkei?<\/h2>\n<p><span><img decoding=\"async\" alt=\"\" data-id=\"5826\" width=\"702\" data-init-width=\"1200\" height=\"368\" data-init-height=\"630\" title=\"The Guide to Wedding in Turkey\" loading=\"lazy\" src=\"https:\/\/antalyatouristinformation.com\/de\/wp-content\/uploads\/sites\/10\/2021\/05\/The-Guide-to-Wedding-in-Turkey.jpg\" data-width=\"702\" data-height=\"368\" data-pin-media=\"https:\/\/antalyatouristinformation.com\/de\/wp-content\/uploads\/sites\/10\/2021\/06\/Antalya-Pinterest-21.jpg\" data-pin-description=\"Hochzeitsplaner in der T\u00fcrkei | Antalya Tourist Information\" data-pin-url=\"https:\/\/antalyatouristinformation.com\/de\/heiraten\/hochzeitsplaner\/?tve=true&amp;tcbf=c541dc5481\" data-pinpro-key=\"lrwrqi9ap\"><\/span><\/p>\n<p>Die Planung einer Hochzeit kann sehr zeitintensiv, \u00fcberw\u00e4ltigend und stressig sein. Erst recht, wenn es sich um eine sogenannte Destination-Wedding im Ausland handelt. Dabei k\u00f6nnen Entfernung und Sprache eine Barriere darstellen.<\/p>\n<p>Mithilfe eines Hochzeitsplaners k\u00f6nnt ihr euch komplett auf den sch\u00f6nsten Tag eures Lebens und die Suche nach dem perfekten <a href=\"https:\/\/antalyatouristinformation.com\/de\/heiraten\/hochzeitskleid\/\">Hochzeitskleid <\/a>konzentrieren. Denn euer professioneller Hochzeitsplaner in der T\u00fcrkei k\u00fcmmert sich um die gesamte Planung und Organisation eurer Hochzeit.<\/p>\n<p>Vom Anfang bis zum Ende stellt ein Hochzeitsplaner sicher, dass eure Hochzeitsvision Realit\u00e4t wird und ihr stets im Zeitplan bleibt, wenn es um die Erteilung aller notwendigen Auftr\u00e4ge geht. Dabei sorgt er daf\u00fcr, dass ihr euer gesetztes Budget nicht \u00fcberschreitet.<\/p>\n<p>Mithilfe seiner Expertise in der Branche hilft euch euer Hochzeitsplaner vor Ort, die richtigen Dienstleister in der T\u00fcrkei zu engagieren. Er schl\u00e4gt Caterer f\u00fcr euer Hochzeitsessen und eure Hochzeitstorte vor und kann zudem die Vertr\u00e4ge aushandeln. Durch sein Know-how und seine Kontakte kann euch der Hochzeitsplaner dabei helfen, viel Geld zu sparen.<\/p>\n<p>Zu den wichtigsten Aufgaben geh\u00f6rt selbstverst\u00e4ndlich die Wahl der <a href=\"https:\/\/antalyatouristinformation.com\/de\/heiraten\/location\/\">passenden Location f\u00fcr die Hochzeit in der T\u00fcrkei<\/a>. Die einheimischen Hochzeitsplaner sind Experten, wenn es um <a href=\"https:\/\/antalyatouristinformation.com\/de\/heiraten\/ideen\/\">einzigartige Ideen f\u00fcr Hochzeiten in der T\u00fcrkei<\/a> geht. Deshalb sind sie der geeignete Partner, um euch bei der Auswahl der richtigen Hochzeit-Location und der Dekoration zu helfen, die am besten zu eurem Hochzeitsthema und Budget passt.<\/p>\n<p>Euer Hochzeitsplaner wird euch behilflich sein, die geeignetsten Dienstleister f\u00fcr wichtige Aspekte wie Haare und Make-up, <a href=\"https:\/\/antalyatouristinformation.com\/de\/heiraten\/fotograf\/\">Hochzeitsfotos &amp; -videos<\/a>, Gastgeschenke und Unterhaltung zu finden. Dazu geh\u00f6ren eine Live-Band oder DJ, Performer, Feuerwerk, Lasershows, Ton- und Lichtarrangements etc.<\/p>\n<p>Auch bei den organisatorischen Aspekten eurer Hochzeit kann der Hochzeitsplaner von gro\u00dfem Nutzen sein. Er kann den <a href=\"https:\/\/antalyatouristinformation.com\/de\/heiraten\/bestimmungen\/\">rechtlichen Papierkram <\/a>und andere Notwendigkeiten f\u00fcr die standesamtliche Trauung erledigen, was eine gro\u00dfe Erleichterung sein kann.<\/p>\n<p>Dar\u00fcber hinaus helfen viele Hochzeitsplaner in der T\u00fcrkei gerne bei der Organisation eurer Flitterwochen.<\/p>\n<p>Falls der Hochzeitsplaner auch f\u00fcr euren Hochzeitstag gebucht ist, wird er daf\u00fcr sorgen, dass alles reibungslos abl\u00e4uft. Er koordiniert die gesamte Hochzeit, achtet darauf, dass alles richtig aufgebaut ist, k\u00fcmmert sich um die Dienstleister und hilft den G\u00e4sten bei m\u00f6glichen Fragen.<\/p>\n<p>Kurz gesagt, euer Hochzeitsplaner wird eine Hochzeit entwerfen, die ihr alleine niemals so planen k\u00f6nntet. Er wird eure Hochzeit so besonders und einzigartig machen, wie es m\u00f6glich ist &#8211; und dazu sagen wir gerne JA!<\/p>\n<h2 id=\"t-1625646554731\" data-alt-text=\"Preise\">Wie viel kostet ein Hochzeitsplaner in der T\u00fcrkei?<\/h2>\n<p><span><img decoding=\"async\" alt=\"15 creative and unique ideas for amazing wedding in Turkey\" data-id=\"2252\" width=\"702\" data-init-width=\"1200\" height=\"368\" data-init-height=\"630\" title=\"15 creative and unique ideas for amazing wedding in Turkey\" loading=\"lazy\" src=\"https:\/\/antalyatouristinformation.com\/de\/wp-content\/uploads\/sites\/10\/2021\/04\/15-creative-and-unique-ideas-for-amazing-wedding-in-Turkey.jpg\" data-width=\"702\" data-height=\"368\" data-pin-media=\"https:\/\/antalyatouristinformation.com\/de\/wp-content\/uploads\/sites\/10\/2021\/06\/Antalya-Pinterest-21.jpg\" data-pin-description=\"Hochzeitsplaner in der T\u00fcrkei | Antalya Tourist Information\" data-pin-url=\"https:\/\/antalyatouristinformation.com\/de\/heiraten\/hochzeitsplaner\/?tve=true&amp;tcbf=c541dc5481\" data-pinpro-key=\"0qtg4aohs\"><\/span><\/p>\n<p>Die Kosten eines Hochzeitsplaners h\u00e4ngen von der<strong> Gr\u00f6\u00dfe der Hochzeit, der Location, der beanspruchten Zeit und dem Leistungsumfang <\/strong>ab.<\/p>\n<p>Viele Hochzeitsplaner in der T\u00fcrkei bieten verschiedene &#8222;<strong>Pakete<\/strong>&#8222;, also Pauschalangebote, an, aus denen ihr w\u00e4hlen k\u00f6nnt. Von Budget-freundlichen Paketen bis hin zu voll umfassenden Rundum-Sorglos-Paketen, gibt es vielf\u00e4ltige Optionen, die in den Preisen variieren.<\/p>\n<p>Ein <strong>Hochzeitsplaner mit Komplettplanung <\/strong>wird zum Beispiel teurer sein als ein<strong> Paket mit Teilplanung<\/strong>. Und auch f\u00fcr sehr kreative und einzigartige Hochzeiten k\u00f6nnen die Kosten viel h\u00f6her ausfallen.<\/p>\n<h2 id=\"t-1625646554732\" data-alt-text=\"Wie findet man einen?\">Wie findet man einen Hochzeits- &amp; Eventplaner in der T\u00fcrkei?<\/h2>\n<p><span><img decoding=\"async\" alt=\"Dreamy romantic weddings in garden in Turkey\" data-id=\"2262\" width=\"702\" data-init-width=\"1000\" height=\"468\" data-init-height=\"667\" title=\"Dreamy romantic weddings in garden in Turkey\" loading=\"lazy\" src=\"https:\/\/antalyatouristinformation.com\/de\/wp-content\/uploads\/sites\/10\/2021\/04\/Dreamy-romantic-weddings-in-garden-in-Turkey.jpg\" data-width=\"702\" data-height=\"468\" data-pin-media=\"https:\/\/antalyatouristinformation.com\/de\/wp-content\/uploads\/sites\/10\/2021\/06\/Antalya-Pinterest-21.jpg\" data-pin-description=\"Hochzeitsplaner in der T\u00fcrkei | Antalya Tourist Information\" data-pin-url=\"https:\/\/antalyatouristinformation.com\/de\/heiraten\/hochzeitsplaner\/?tve=true&amp;tcbf=c541dc5481\" data-pinpro-key=\"64pori23s\"><\/span><\/p>\n<p>Den richtigen Hochzeitsplaner zu finden, kann entscheidend daf\u00fcr sein, dass eure Traumhochzeit Wirklichkeit wird.<\/p>\n<p>Wir k\u00f6nnen euch helfen, den passenden Hochzeitsplaner in der T\u00fcrkei zu finden, der eure Vorstellungen vom Planungsprozess teilt und innerhalb eures Budgets arbeitet.<\/p>\n<p><b>Kontaktiert unser Expertenteam einfach \u00fcber unser <\/b><a href=\"https:\/\/antalyatouristinformation.com\/de\/kontakt\/\"><b>Kontaktformular <\/b><\/a><b>oder per E-Mail.&nbsp;<\/b><\/p>\n<p>Jetzt kennt ihr alle Details und wie n\u00fctzlich die professionelle Hochzeitsplanung eures besonderen Tages sein kann. Konnten wir euch \u00fcberzeugen, euch an einen Hochzeitsplaner in der T\u00fcrkei zu wenden? Was sind die Aufgaben, die ihr bei der Vorbereitung eurer Hochzeit am meisten f\u00fcrchtet? Lasst es uns in den Kommentaren unten wissen.<\/p>\n<p>F\u00fcr mehr Informationen \u00fcber t\u00fcrkische Hochzeiten schaut euch folgende Beitr\u00e4ge an:<\/p>\n<\/p>\n<ul>\n<li><a href=\"https:\/\/antalyatouristinformation.com\/de\/heiraten\/bestimmungen\/\">Rechtlicher Ablauf von Hochzeiten in der T\u00fcrkei<\/a><\/li>\n<li><a href=\"https:\/\/antalyatouristinformation.com\/de\/heiraten\/hochzeitskleid\/\">Wie man ein Hochzeitskleid in der T\u00fcrkei kauft<\/a><\/li>\n<li><a href=\"https:\/\/antalyatouristinformation.com\/de\/heiraten\/ideen\/\">14 einzigartige Ideen f\u00fcr eine tolle Hochzeit in der T\u00fcrkei<\/a><\/li>\n<li><a href=\"https:\/\/antalyatouristinformation.com\/de\/heiraten\/fotograf\/\">Hochzeitsfotografen in der T\u00fcrkei<\/a><\/li>\n<li><a href=\"https:\/\/antalyatouristinformation.com\/de\/heiraten\/haufige-fragen\/\">H\u00e4ufige Fragen zu t\u00fcrkische Hochzeiten<\/a><\/li>\n<li><a href=\"https:\/\/antalyatouristinformation.com\/de\/heiraten\/location\/\">Locations f\u00fcr Hochzeiten in der T\u00fcrkei: 10 beste Ideen<\/a><\/li>\n<\/ul>\n","protected":false},"excerpt":{"rendered":"<p>Hier ist unser Guide \u00fcber Event- &amp; Hochzeitsplaner in der T\u00fcrkei. Ihr m\u00f6chtet eine Traumhochzeit in der T\u00fcrkei erleben? Dann solltet ihr \u00fcber die Unterst\u00fctzung eines professionellen Hochzeitsplaners in der T\u00fcrkei definitiv nachdenken. Wir beantworten euch hier alle wichtigen Fragen \u00fcber Hochzeits- &amp; Eventplaner in der T\u00fcrkei. Beginnen wir mit der ersten Frage! Was sind [&hellip;]<\/p>\n","protected":false},"author":5,"featured_media":2355,"parent":961,"menu_order":0,"comment_status":"open","ping_status":"closed","template":"","meta":{"_acf_changed":false,"footnotes":""},"categories":[],"tags":[54,51],"class_list":["post-969","page","type-page","status-publish","has-post-thumbnail","hentry","tag-mice","tag-wedding","post-wrapper","thrv_wrapper"],"acf":[],"wp-worthy-pixel":{"ignored":false,"public":"35c4327fcaba42858990751b7d9b74d5","server":"vg01.met.vgwort.de","url":"https:\/\/vg01.met.vgwort.de\/na\/35c4327fcaba42858990751b7d9b74d5"},"wp-worthy-type":"normal","_links":{"self":[{"href":"https:\/\/antalyatouristinformation.com\/de\/wp-json\/wp\/v2\/pages\/969","targetHints":{"allow":["GET"]}}],"collection":[{"href":"https:\/\/antalyatouristinformation.com\/de\/wp-json\/wp\/v2\/pages"}],"about":[{"href":"https:\/\/antalyatouristinformation.com\/de\/wp-json\/wp\/v2\/types\/page"}],"author":[{"embeddable":true,"href":"https:\/\/antalyatouristinformation.com\/de\/wp-json\/wp\/v2\/users\/5"}],"replies":[{"embeddable":true,"href":"https:\/\/antalyatouristinformation.com\/de\/wp-json\/wp\/v2\/comments?post=969"}],"version-history":[{"count":9,"href":"https:\/\/antalyatouristinformation.com\/de\/wp-json\/wp\/v2\/pages\/969\/revisions"}],"predecessor-version":[{"id":14790,"href":"https:\/\/antalyatouristinformation.com\/de\/wp-json\/wp\/v2\/pages\/969\/revisions\/14790"}],"up":[{"embeddable":true,"href":"https:\/\/antalyatouristinformation.com\/de\/wp-json\/wp\/v2\/pages\/961"}],"wp:featuredmedia":[{"embeddable":true,"href":"https:\/\/antalyatouristinformation.com\/de\/wp-json\/wp\/v2\/media\/2355"}],"wp:attachment":[{"href":"https:\/\/antalyatouristinformation.com\/de\/wp-json\/wp\/v2\/media?parent=969"}],"wp:term":[{"taxonomy":"category","embeddable":true,"href":"https:\/\/antalyatouristinformation.com\/de\/wp-json\/wp\/v2\/categories?post=969"},{"taxonomy":"post_tag","embeddable":true,"href":"https:\/\/antalyatouristinformation.com\/de\/wp-json\/wp\/v2\/tags?post=969"}],"curies":[{"name":"wp","href":"https:\/\/api.w.org\/{rel}","templated":true}]}}