{"id":973,"date":"2021-03-08T16:07:20","date_gmt":"2021-03-08T15:07:20","guid":{"rendered":"http:\/\/antalyatouristinformation.com\/clone4639485xzhehsskdjfhhdhebdkkekdeewsd4545gdfgm\/?page_id=973"},"modified":"2021-07-13T19:12:13","modified_gmt":"2021-07-13T17:12:13","slug":"fotograf","status":"publish","type":"page","link":"https:\/\/antalyatouristinformation.com\/de\/heiraten\/fotograf\/","title":{"rendered":"Hochzeitsfotografen in der T\u00fcrkei: Tipps, wie ihr den richtigen findet!"},"content":{"rendered":"<p>Das ist unser Guide zu Hochzeitsfotografen in der T\u00fcrkei.<\/p>\n<p>In der T\u00fcrkei gibt es<strong> zwei Arten von Hochzeitsfotografen:<\/strong><\/p>\n<p>Jene, die von den Veranstaltungsorten engagiert werden &#8211; meist sehr einfache und nicht besonders kreative Fotografen.<\/p>\n<p>Und dann gibt es die modernen Fotografen, die das Brautpaar selbst als zweiten Fotografen f\u00fcr die Hochzeit bucht.<\/p>\n<p>Erfahrt hier, wie ihr einen guten Hochzeitsfotografen in der T\u00fcrkei findet, was sie kosten und weitere n\u00fctzliche Tipps, um die bestm\u00f6gliche Wahl f\u00fcr eure Hochzeit zu treffen.<\/p>\n<h2 id=\"t-1625645310644\" data-alt-text=\"Ablauf in der T\u00fcrkei\"><strong>Wie verh\u00e4lt es sich mit Hochzeitsfotografen in der T\u00fcrkei?&nbsp;<\/strong><\/h2>\n<p>In der T\u00fcrkei stellt die Hochzeitslocation in der Regel einen Hochzeitsfotografen, der der offizielle Partner des Veranstaltungsortes ist. Der Fotograf arbeitet schon seit Jahren mit der Location zusammen. Er schie\u00dft die Fotos typischerweise in der Hochzeitslocation oder in der Umgebung, ist aber vielleicht nicht der kreativste oder modernste Fotograf.<\/p>\n<p>Falls ihr sichergehen wollt, dass eure Hochzeitsfotos so modern und traumhaft werden, wie ihr es euch stets vorgestellt habt, <b>k\u00f6nnt ihr auch selbst einen Hochzeitsfotografen engagieren.<\/b><\/p>\n<p>Mit einem privat angeheuerten Fotografen habt ihr auch den Vorteil nicht an den Veranstaltungsort gebunden zu sein. Stattdessen k\u00f6nnt ihr die besten und sch\u00f6nsten Fotospots der Stadt aufsuchen.<\/p>\n<p>Ob kreativ, klassisch oder modern, je nach pers\u00f6nlicher Vorliebe, k\u00f6nnt ihr zwischen den unz\u00e4hligen Hochzeitsfotografen und deren Stilen w\u00e4hlen. Mit Hochzeiten, die selbst in der Nebensaison tagt\u00e4glich zigfach stattfinden, gibt es eine gro\u00dfe Auswahl in der T\u00fcrkei.<\/p>\n<p><span><img decoding=\"async\" alt=\"Wedding travel in Turkey (Editorial)\" data-id=\"2347\" width=\"702\" data-init-width=\"1000\" height=\"468\" data-init-height=\"667\" title=\"Wedding travel in Turkey (Editorial)\" loading=\"lazy\" src=\"\/\/antalyatouristinformation.com\/de\/wp-content\/uploads\/sites\/10\/2021\/04\/Wedding-travel-in-Turkey.jpg\" data-width=\"702\" data-height=\"468\" data-pin-media=\"https:\/\/antalyatouristinformation.com\/de\/wp-content\/uploads\/sites\/10\/2021\/06\/Antalya-Pinterest-16.jpg\" data-pin-description=\"How to Pick a Wedding Photographer in Turkey | Antalya Tourist Information\" data-pin-url=\"https:\/\/antalyatouristinformation.com\/de\/wedding\/photographers\/?tve=true&amp;tcbf=ec5b58f2a2\" data-pinpro-key=\"8rpnkt7yy\"><\/span><\/p>\n<h2 id=\"t-1625645310645\" data-alt-text=\"Gute Hochzeitsfotografen\">Wie findet man einen guten Hochzeitsfotografen in der T\u00fcrkei?<\/h2>\n<p>Um einen guten Hochzeitsfotografen f\u00fcr euer Fotoshooting zu finden, ist es enorm wichtig, dass ihr einen professionellen Fotografen w\u00e4hlt, der sich auf Hochzeiten spezialisiert hat.<\/p>\n<p>In der Regel kommen professionelle Hochzeitsfotografen auch von weiter entfernt liegenden St\u00e4dten zu einem vereinbarten Ort in einer anderen Stadt. Dabei k\u00f6nnen zus\u00e4tzliche Aufwandskosten anfallen.<\/p>\n<p>Hier sind unsere Ratschl\u00e4ge:<\/p>\n<p><b>Sprecht mit unterschiedlichen Fotografen<\/b> \u00fcber eure Vorstellungen.<\/p>\n<p><b>Lasst euch das Portfolio mit den bisherigen Arbeiten zeigen<\/b>. So k\u00f6nnt ihr sehen, ob euch der Stil des Fotografen zusagt. Wer statt versteifte und altmodische Posen lieber moderne Fotos m\u00f6chte, kann so seine Auswahl am besten treffen. Falls ihr dagegen klassische Posen vorzieht, achtet ihr am besten auf Fotografen mit solchen Arbeiten.<\/p>\n<p>Auch \u00fcber <b>die Preise und Serviceangebote<\/b> solltet ihr ganz offen und konkret sprechen. Wie viele Stunden steht der Fotograf zur Verf\u00fcgung? Ist der Fotograf nur f\u00fcr das Shooting oder auch f\u00fcr die eigentliche Hochzeitsfeier gebucht? Wie viele Fotos sind im Preis enthalten und werden sie bearbeitet? Welche Ideen hat er f\u00fcr ein Outdoor-Shooting? Was passiert im Fall von Verz\u00f6gerungen oder wenn ein Notfall eintritt und der Fotograf am Hochzeitstag nicht anwesend sein kann?<\/p>\n<p><b>Achtet hier darauf, ob der Fotograf einen seri\u00f6sen und vertrauensw\u00fcrdigen Eindruck macht<\/b>. Kann er alle eure Fragen beantworten und sogar mit guten Tipps punkten? Zu guter Letzt sollten alle Leistungen wie besprochen detailliert im Vertrag aufgef\u00fchrt werden.<\/p>\n<p>Von gro\u00dfer Wichtigkeit ist auch, dass ihr euch <b>rechtzeitig auf die Suche nach dem passenden Fotografen macht<\/b>. Viele der Einheimischen planen ihre Hochzeit ein Jahr im Voraus. Um eine m\u00f6glichst gute und gro\u00dfe Auswahl zu haben, solltet ihr fr\u00fchzeitig buchen. Zwischen 6 und 12 Monaten im Voraus ist von Vorteil.<\/p>\n<p>Ihr solltet auch <b>nicht untersch\u00e4tzen, wie wichtig es ist, einen Draht zu dem Fotografen zu finden<\/b>. Ist euch der Fotograf auf Anhieb unsympathisch, k\u00f6nnt ihr nicht davon ausgehen, dass das Fotoshooting so ausgelassen und sch\u00f6n laufen wird, wie ihr es euch mit Sicherheit erhofft.<\/p>\n<p>Da der Fotograf auch immer wieder Anweisungen gibt, Posen vorschl\u00e4gt, das Brautpaar ins richtige Licht r\u00fccken muss, d\u00fcrfen <b>keine sprachlichen Barrieren<\/b> aufkommen. Falls ihr nicht T\u00fcrkisch sprecht, vergewissert euch am besten, dass der Fotograf gut Englisch oder sogar eure Muttersprache spricht. Englisch als Zweitsprache sollte man in der T\u00fcrkei nicht voraussetzen.<\/p>\n<p><span><img decoding=\"async\" alt=\"Wedding Photographer in Turkey\" data-id=\"2349\" width=\"702\" data-init-width=\"1000\" height=\"468\" data-init-height=\"667\" title=\"Wedding Photographer in Turkey\" loading=\"lazy\" src=\"\/\/antalyatouristinformation.com\/de\/wp-content\/uploads\/sites\/10\/2021\/04\/Wedding-Photographer-in-Turkey.jpg\" data-width=\"702\" data-height=\"468\" data-pin-media=\"https:\/\/antalyatouristinformation.com\/de\/wp-content\/uploads\/sites\/10\/2021\/06\/Antalya-Pinterest-16.jpg\" data-pin-description=\"How to Pick a Wedding Photographer in Turkey | Antalya Tourist Information\" data-pin-url=\"https:\/\/antalyatouristinformation.com\/de\/wedding\/photographers\/?tve=true&amp;tcbf=ec5b58f2a2\" data-pinpro-key=\"b4et25ubc\"><\/span><\/p>\n<h2 id=\"t-1625645310646\" data-alt-text=\"Preise\">Wie viel kostet ein Hochzeitsfotograf in der T\u00fcrkei?<\/h2>\n<p>Die Preise f\u00fcr Hochzeitsfotografen k\u00f6nnen stark variieren. Der Gesamtpreis richtet sich nach vielen Faktoren, wie der Dauer und den zus\u00e4tzlichen Dienstleistungen.<\/p>\n<p>Nat\u00fcrlich ist ein erfahrener oder beliebter Hochzeitsfotograf teurer, als einer, der weniger Erfahrung besitzt. Solche Aspekte spielen ebenfalls eine Rolle.<\/p>\n<p>Die meisten Hochzeitsfotografen<strong> bieten Preise in Form von Pauschalangeboten. <\/strong>Sie beinhalten die Dauer, die der Fotograf &nbsp;zur Verf\u00fcgung steht, sowie Aspekte wie viele Hochzeitsfotos bzw. bearbeitete Bilder am Ende geliefert werden.<\/p>\n<p>Zu kl\u00e4ren ist auch, ob es ein <strong>Indoor- oder\/und Outdoor-Shooting<\/strong> wird. Ob der Fotograf nur beim Shooting oder auch der Hochzeitsfeier Fotos machen soll.<\/p>\n<p><strong>Weitere Leistungen <\/strong>k\u00f6nnen ein Hochzeitsalbum, eine DVD oder USB-Stick mit Bildern, Hochzeitsvideo, ein zweiter Fotograf, ein Assistent, Reisekosten und vieles mehr sein.<\/p>\n<p>Beim Gespr\u00e4ch mit den Fotografen k\u00f6nnt ihr kl\u00e4ren, welches Pauschalangebot sich am besten f\u00fcr euch und eure Wunschvorstellung eignet und in euer Budget passt.<\/p>\n<h2 id=\"t-1625645310647\" data-alt-text=\" Hochzeitsfotos \">Wann werden die Hochzeitsfotos geschossen?<\/h2>\n<p><b>In den meisten F\u00e4llen werden die Fotos am Hochzeitstag geschossen<\/b>. In der Regel <u>vor der gro\u00dfen Hochzeitsfeier am Abend<\/u>.<\/p>\n<p>Der neuste Trend geht jedoch dahin, dass sich viele Paare f\u00fcr<b> ein Fotoshooting nach der Hochzeit entscheiden. <\/b>Sie lassen sich nochmal komplett aufstylen und werfen sich in ihrem Hochzeitskleid bzw. Anzug in Pose.<\/p>\n<p>Solche After-Wedding-Shootings haben den Vorteil, dass man das Fotoshooting ohne die Nervosit\u00e4t und den strikten Zeitplan der Hochzeit genie\u00dfen kann. So k\u00f6nnt ihr euch in bester Stimmung und Ausgelassenheit ganz und gar dem Fotoshooting widmen und am Hochzeitstag viel Stress vermeiden.<\/p>\n<p>Ein weiterer Vorteil und Highlight dieser After-Wedding-Shootings ist, dass ihr einzigartige Fotos einfangen k\u00f6nnt, die ihr sonst nicht machen k\u00f6nntet. Stellt euch beispielsweise vor, wie ihr im Hochzeitskleid und Anzug ins funkelnde Meer steigt und dort vor einer traumhaften Kulisse posiert \u2013 im besten Fall bei Sonnenuntergang.<\/p>\n<p>Solche au\u00dfergew\u00f6hnlichen Shootings lassen sich einfacher mit einem privat angestellten Hochzeitsfotografen arrangieren, als mit solchen, die die Hochzeitslocation vermittelt.<\/p>\n<p>Da es in der T\u00fcrkei an Sonne, Strand und Meer nicht mangelt, <b>k\u00f6nnt ihr fast \u00fcberall solche einmaligen Aufnahmen festhalten.<\/b> Auch der Moment im Hochzeitskleid mit seiner gro\u00dfen Liebe im Meer geschwommen zu sein, bleibt euch gewiss auf ewig in Erinnerung \u2026<\/p>\n<p><span><img decoding=\"async\" alt=\"Wedding Photographers in Turkey (Editorial) \" data-id=\"2351\" width=\"702\" data-init-width=\"1000\" height=\"468\" data-init-height=\"667\" title=\"Wedding Photographers in Turkey (Editorial) \" loading=\"lazy\" src=\"\/\/antalyatouristinformation.com\/de\/wp-content\/uploads\/sites\/10\/2021\/04\/Wedding-Photographers-in-Turkey.jpg\" data-width=\"702\" data-height=\"468\" data-pin-media=\"https:\/\/antalyatouristinformation.com\/de\/wp-content\/uploads\/sites\/10\/2021\/06\/Antalya-Pinterest-16.jpg\" data-pin-description=\"How to Pick a Wedding Photographer in Turkey | Antalya Tourist Information\" data-pin-url=\"https:\/\/antalyatouristinformation.com\/de\/wedding\/photographers\/?tve=true&amp;tcbf=ec5b58f2a2\" data-pinpro-key=\"88klrmofq\"><\/span><\/p>\n<h2 id=\"t-1625645310648\">Ideen f\u00fcr Fotospots in Istanbul<\/h2>\n<p>Istanbul ist mit seiner Lage am Bosporus, der einmaligen Skyline und dem exotischen Mix aus Orient und Okzident reich an tollen Fotomotiven. Doch was sind die sch\u00f6nsten Fotospots f\u00fcr eine Hochzeit?<\/p>\n<p>Ein guter Hochzeitsfotograf kennt in der Regel die besten Fotospots von Istanbul, die sich sp\u00e4ter auf den Hochzeitsbildern wundervoll absetzen werden.<\/p>\n<p>Damit ihr aber schon mal eine Vorstellung gewinnen und zu tr\u00e4umen anfangen k\u00f6nnt, haben wir euch hier eine kleine \u00dcbersicht mit den beliebtesten Ideen f\u00fcr Hochzeitsfotos in Istanbul zusammengestellt:<\/p>\n<h3>1. Ortak\u00f6y<\/h3>\n<p>Positioniert ihr euch am Steg oder dem Ufer von Ortak\u00f6y, erhaltet ihr einen fantastischen Blick auf die Moschee, das funkelnde Meer und flatternde V\u00f6gel.<\/p>\n<h3>2. Blaue Moschee<\/h3>\n<p>Absoluter Favorit ist die Blaue Moschee, die sich majest\u00e4tisch hinter dem Brautpaar erhebt.<\/p>\n<h3>3. Bosporus<\/h3>\n<p>Eines der beliebtesten Motive ist der glitzernde Bosporus mit der Bosporus-Br\u00fccke im Hintergrund. Es gibt mehrere Orte in Istanbul, um ein tolles Bild zu bekommen, sogar auf dem Schiff ist eine M\u00f6glichkeit&#8230;<\/p>\n<h3>4. Galata Turm<\/h3>\n<p>Besonders eindrucksvoll ist diese Fotolocation nach Anbruch der Dunkelheit, sobald der imposante Turm in den strahlendsten Farben erleuchtet.<\/p>\n<h3>5. Hagia Sophia<\/h3>\n<p>Ein klassischer Fotospot, aber bitte ohne Touristen! Ihr Hochzeitsfotograf positioniert euch in einiger Entfernung, sodass nur ihr und die weltber\u00fchmte Hagia Sophia zu sehen sind. Auch das Innere der Hagia Sophia ist ein beliebtes Motiv.<\/p>\n<h3>6. Gro\u00dfer Basar<\/h3>\n<p>F\u00fcr Hochzeitsfotos wie aus Tausendundeiner Nacht ist der Gro\u00dfe Basar mit seinem orientalischen Flair die ideale Adresse.<\/p>\n<h3>7. Dolmabah\u00e7e Palast<\/h3>\n<p>Beliebt ist vor allem das kunstvoll gestaltete wei\u00dfe Eingangstor des Palastes mit Blick auf den Bosporus.<\/p>\n<h3>8. Topkap\u0131 Palace<\/h3>\n<p>Eine herrschaftliche Kulisse bietet der prunkvolle Sultanspalast.<\/p>\n<p>Das waren unsere Ratschl\u00e4ge, wie ihr die besten Hochzeitsfotografen in der T\u00fcrkei findet. Falls ihr mehr Tipps zur Organisation einer Hochzeit in der T\u00fcrkei haben m\u00f6chtet, lest unsere anderen Beitr\u00e4ge zum Thema:<\/p>\n<ul>\n<li><a href=\"https:\/\/antalyatouristinformation.com\/de\/heiraten\/bestimmungen\/\">Rechtlicher Ablauf von Hochzeiten in der T\u00fcrkei<\/a><\/li>\n<li><a href=\"https:\/\/antalyatouristinformation.com\/de\/heiraten\/hochzeitskleid\/\">Wie man ein Hochzeitskleid in der T\u00fcrkei kauft<\/a><\/li>\n<li><a href=\"https:\/\/antalyatouristinformation.com\/de\/heiraten\/turkische-traditionen\/\">T\u00fcrkische Hochzeitstraditionen<\/a><\/li>\n<li><a href=\"https:\/\/antalyatouristinformation.com\/de\/heiraten\/haufige-fragen\/\">H\u00e4ufige Fragen zu t\u00fcrkische Hochzeiten<\/a><\/li>\n<li><a href=\"https:\/\/antalyatouristinformation.com\/de\/heiraten\/location\/\">Locations f\u00fcr Hochzeiten in der T\u00fcrkei: 10 beste Ideen<\/a><\/li>\n<\/ul>\n<h2 data-alt-text=\"Kontakt\" id=\"t-1619717676659\">Kontakt<\/h2>\n<p>Falls ihr Unterst\u00fctzung bei der Organisation eurer Hochzeit oder Feier in der T\u00fcrkei sucht, k\u00f6nnt ihr euch bei uns ein unverbindliches Angebot einholen! Hier ist unsere Seite zum Thema <a href=\"https:\/\/antalyatouristinformation.com\/de\/mice\/\">Service &amp; Organisation in der T\u00fcrkei<\/a>.<\/p>\n","protected":false},"excerpt":{"rendered":"<p>Das ist unser Guide zu Hochzeitsfotografen in der T\u00fcrkei. In der T\u00fcrkei gibt es zwei Arten von Hochzeitsfotografen: Jene, die von den Veranstaltungsorten engagiert werden &#8211; meist sehr einfache und nicht besonders kreative Fotografen. Und dann gibt es die modernen Fotografen, die das Brautpaar selbst als zweiten Fotografen f\u00fcr die Hochzeit bucht. Erfahrt hier, wie [&hellip;]<\/p>\n","protected":false},"author":5,"featured_media":2346,"parent":961,"menu_order":0,"comment_status":"open","ping_status":"closed","template":"","meta":{"_acf_changed":false,"footnotes":""},"categories":[],"tags":[51],"class_list":["post-973","page","type-page","status-publish","has-post-thumbnail","hentry","tag-wedding","post-wrapper","thrv_wrapper"],"acf":[],"wp-worthy-pixel":{"ignored":false,"public":"f6f0485e13b84bfb9845b7375e6cccb1","server":"vg01.met.vgwort.de","url":"https:\/\/vg01.met.vgwort.de\/na\/f6f0485e13b84bfb9845b7375e6cccb1"},"wp-worthy-type":"normal","_links":{"self":[{"href":"https:\/\/antalyatouristinformation.com\/de\/wp-json\/wp\/v2\/pages\/973","targetHints":{"allow":["GET"]}}],"collection":[{"href":"https:\/\/antalyatouristinformation.com\/de\/wp-json\/wp\/v2\/pages"}],"about":[{"href":"https:\/\/antalyatouristinformation.com\/de\/wp-json\/wp\/v2\/types\/page"}],"author":[{"embeddable":true,"href":"https:\/\/antalyatouristinformation.com\/de\/wp-json\/wp\/v2\/users\/5"}],"replies":[{"embeddable":true,"href":"https:\/\/antalyatouristinformation.com\/de\/wp-json\/wp\/v2\/comments?post=973"}],"version-history":[{"count":10,"href":"https:\/\/antalyatouristinformation.com\/de\/wp-json\/wp\/v2\/pages\/973\/revisions"}],"predecessor-version":[{"id":13902,"href":"https:\/\/antalyatouristinformation.com\/de\/wp-json\/wp\/v2\/pages\/973\/revisions\/13902"}],"up":[{"embeddable":true,"href":"https:\/\/antalyatouristinformation.com\/de\/wp-json\/wp\/v2\/pages\/961"}],"wp:featuredmedia":[{"embeddable":true,"href":"https:\/\/antalyatouristinformation.com\/de\/wp-json\/wp\/v2\/media\/2346"}],"wp:attachment":[{"href":"https:\/\/antalyatouristinformation.com\/de\/wp-json\/wp\/v2\/media?parent=973"}],"wp:term":[{"taxonomy":"category","embeddable":true,"href":"https:\/\/antalyatouristinformation.com\/de\/wp-json\/wp\/v2\/categories?post=973"},{"taxonomy":"post_tag","embeddable":true,"href":"https:\/\/antalyatouristinformation.com\/de\/wp-json\/wp\/v2\/tags?post=973"}],"curies":[{"name":"wp","href":"https:\/\/api.w.org\/{rel}","templated":true}]}}