{"id":975,"date":"2021-03-08T16:09:19","date_gmt":"2021-03-08T15:09:19","guid":{"rendered":"http:\/\/antalyatouristinformation.com\/clone4639485xzhehsskdjfhhdhebdkkekdeewsd4545gdfgm\/?page_id=975"},"modified":"2021-07-16T17:45:26","modified_gmt":"2021-07-16T15:45:26","slug":"location","status":"publish","type":"page","link":"https:\/\/antalyatouristinformation.com\/de\/heiraten\/location\/","title":{"rendered":"Locations f\u00fcr Hochzeiten in der T\u00fcrkei: 10 beste Ideen"},"content":{"rendered":"<p>Hier ist unser Guide zu den besten Locations f\u00fcr Hochzeiten in der T\u00fcrkei.<\/p>\n<p>Von <strong>eleganten Hochzeitss\u00e4len <\/strong>\u00fcber <strong>luxuri\u00f6se Hotels<\/strong> bis hin zu <strong>Hochzeiten am Strand<\/strong> bietet die T\u00fcrkei eine gro\u00dfe Auswahl an sch\u00f6nen Veranstaltungsorten.<\/p>\n<p>Wir haben euch eine Liste mit den<strong>&nbsp;10 besten Ideen f\u00fcr Hochzeits-Locations&nbsp;in der T\u00fcrkei&nbsp;<\/strong>zusammengestellt, die ihr f\u00fcr euren gro\u00dfen Tag w\u00e4hlen k\u00f6nnt.<\/p>\n<h2>1. Am Strand<\/h2>\n<p>Kann es eine romantischere Kulisse geben, um sich das Jawort zu geben, als ein wei\u00dfer Sandstrand, umgeben vom Rauschen des Meeres und der \u00fcber dem Meer untergehenden Sonne? <strong>Antalya ist ber\u00fchmt f\u00fcr seine vielen malerischen Str\u00e4nde.<\/strong> Daher ist die Region Antalya eine der beliebtesten Locations, wenn es um Hochzeiten am Strand geht. <a href=\"https:\/\/antalyatouristinformation.com\/de\/kontakt\/\">Kontaktiert unser Team<\/a>, um mehr \u00fcber Hochzeiten am Strand zu erfahren.<\/p>\n<h2>2. Privates Schiff<\/h2>\n<p>Paare, die einen Veranstaltungsort mit Wow-Faktor suchen, sollten \u00fcber eine Hochzeit auf einem privaten Schiff nachdenken. Stellt euch vor, auf einer privaten Luxusyacht zu fahren und eure Traumhochzeit zu erleben, w\u00e4hrend die Sonne \u00fcber dem Wasser untergeht. Solch eine Erfahrung wird sicherlich auf ewig in Erinnerung bleiben&#8230; F\u00fcr mehr Informationen \u00fcber die Organisation einer Hochzeit auf einem Schiff k\u00f6nnt ihr euch gerne <a href=\"https:\/\/antalyatouristinformation.com\/de\/kontakt\/\">an unser Team wenden<\/a>.<\/p>\n<p><span><img decoding=\"async\" alt=\"Gate one of Ciragan Palace view in Istanbul\" data-id=\"2275\" width=\"702\" data-init-width=\"1000\" height=\"468\" data-init-height=\"667\" title=\"Gate one of Ciragan Palace view in Istanbul\" loading=\"lazy\" src=\"\/\/antalyatouristinformation.com\/de\/wp-content\/uploads\/sites\/10\/2021\/04\/Gate-one-of-Ciragan-Palace-view-in-Istanbul.jpg\" data-width=\"702\" data-height=\"468\" data-pin-media=\"https:\/\/antalyatouristinformation.com\/de\/wp-content\/uploads\/sites\/10\/2021\/06\/prag_50_sehenswuerdigkeiten_pinterest-33.jpg\" data-pin-description=\"10 Wedding Venue Ideas in Turkey | Antalya Tourist Information\" data-pin-url=\"https:\/\/antalyatouristinformation.com\/de\/wedding\/venues\/?tve=true&amp;tcbf=5e97810abd\" data-pinpro-key=\"l2fuiv8hi\"><\/span><\/p>\n<h2>3. Osmanischer Palast<\/h2>\n<p>Ein osmanischer Palast bietet mit seiner orientalischen Kulisse ein besonderes Ambiente f\u00fcr euren gro\u00dfen Tag. Eure G\u00e4ste werden nicht nur in den Genuss der osmanischen Architektur kommen, sondern k\u00f6nnen auch in die reiche Geschichte, die sich hinter den altehrw\u00fcrdigen Gem\u00e4uern des osmanischen Palastes verbirgt, eintauchen.<\/p>\n<p><span><img decoding=\"async\" alt=\"Wedding in a Luxruy Hotel in Turkey\" data-id=\"2286\" width=\"702\" data-init-width=\"1000\" height=\"468\" data-init-height=\"667\" title=\"Wedding in a Luxruy Hotel in Turkey\" loading=\"lazy\" src=\"\/\/antalyatouristinformation.com\/de\/wp-content\/uploads\/sites\/10\/2021\/04\/Wedding-in-a-Luxruy-Hotel-in-Turkey.jpg\" data-width=\"702\" data-height=\"468\" data-pin-media=\"https:\/\/antalyatouristinformation.com\/de\/wp-content\/uploads\/sites\/10\/2021\/06\/prag_50_sehenswuerdigkeiten_pinterest-33.jpg\" data-pin-description=\"10 Wedding Venue Ideas in Turkey | Antalya Tourist Information\" data-pin-url=\"https:\/\/antalyatouristinformation.com\/de\/wedding\/venues\/?tve=true&amp;tcbf=5e97810abd\" data-pinpro-key=\"7be3g1f7r\"><\/span><\/p>\n<h2>4. Luxushotel&nbsp;<\/h2>\n<p>Einer der beliebtesten Veranstaltungsorte f\u00fcr Hochzeiten in der T\u00fcrkei sind Luxushotels. In der T\u00fcrkei gibt es unz\u00e4hlige 5-Sterne-Hotels, die Hochzeiten ausrichten und somit sehr erfahren in der Hochzeitsorganisation sind. Ob Luxushotels mit prunkvollen Banketts\u00e4len, historische Hotels mit klassischen Balls\u00e4len oder schicke Hotels f\u00fcr eine moderne Hochzeit, in der T\u00fcrkei findet ihr f\u00fcr jedes Budget und jeden Geschmack das passende Hotel. <a href=\"https:\/\/antalyatouristinformation.com\/de\/kontakt\/\">Kontaktiert unser Team<\/a>, um eine Liste der besten Hotels f\u00fcr Hochzeitsorganisation in der T\u00fcrkei zu erhalten.<\/p>\n<p><span><img decoding=\"async\" alt=\"Wedding in Villa in Turkey\" data-id=\"2284\" width=\"702\" data-init-width=\"1000\" height=\"468\" data-init-height=\"667\" title=\"Wedding in Villa in Turkey\" loading=\"lazy\" src=\"\/\/antalyatouristinformation.com\/de\/wp-content\/uploads\/sites\/10\/2021\/04\/Wedding-in-Villa-in-Turkey.jpg\" data-width=\"702\" data-height=\"468\" data-pin-media=\"https:\/\/antalyatouristinformation.com\/de\/wp-content\/uploads\/sites\/10\/2021\/06\/prag_50_sehenswuerdigkeiten_pinterest-33.jpg\" data-pin-description=\"10 Wedding Venue Ideas in Turkey | Antalya Tourist Information\" data-pin-url=\"https:\/\/antalyatouristinformation.com\/de\/wedding\/venues\/?tve=true&amp;tcbf=5e97810abd\" data-pinpro-key=\"mo5izu60f\"><\/span><\/p>\n<h2>5. Private Villa<\/h2>\n<p>Eine weitere sch\u00f6ne Hochzeits-Location ist eine <strong>private Villa mit Blick auf das Meer. <\/strong>Aufgrund der Corona-Pandemie veranstalten immer mehr Brautpaare eine Hochzeit mit den engsten Freunden und Familienmitgliedern in einer Villa. Neben der Aussicht auf das Meer beeindrucken die historischen Villen durch ihre Architektur mit edlem Interieur, sch\u00f6nen G\u00e4rten, Terrassen und einem tollen Ambiente. Falls ihr eure Hochzeit in einer Villa feiern m\u00f6chtet, <a href=\"https:\/\/antalyatouristinformation.com\/de\/kontakt\/\">schickt euch unser Team gerne weitere Informationen<\/a>.<\/p>\n<p><span><img decoding=\"async\" alt=\"A Rooftop Terrace in Turkey\" data-id=\"2278\" width=\"702\" data-init-width=\"1000\" height=\"468\" data-init-height=\"667\" title=\"A Rooftop Terrace in Turkey\" loading=\"lazy\" src=\"\/\/antalyatouristinformation.com\/de\/wp-content\/uploads\/sites\/10\/2021\/04\/A-Rooftop-Terrace-in-Turkey.jpg\" data-width=\"702\" data-height=\"468\" data-pin-media=\"https:\/\/antalyatouristinformation.com\/de\/wp-content\/uploads\/sites\/10\/2021\/06\/prag_50_sehenswuerdigkeiten_pinterest-33.jpg\" data-pin-description=\"10 Wedding Venue Ideas in Turkey | Antalya Tourist Information\" data-pin-url=\"https:\/\/antalyatouristinformation.com\/de\/wedding\/venues\/?tve=true&amp;tcbf=5e97810abd\" data-pinpro-key=\"5n0coy2w9\"><\/span><\/p>\n<h2>6. Dachterrasse<\/h2>\n<p>Bei einer Hochzeit auf einer Dachterrasse k\u00f6nnt ihr den Bund f\u00fcrs Leben \u00fcber den D\u00e4chern der Stadt schlie\u00dfen. Der <strong>Blick auf die Skyline der Stadt<\/strong> &#8211; zusammen mit der besonderen Atmosph\u00e4re &#8211; bieten einen harmonischen Kontrast zum Stadttrubel unter euch.<\/p>\n<h2>7. Hochzeit im Freien (<em>Kir D\u00fc\u011f\u00fcn\u00fc<\/em>)<\/h2>\n<p>Viele empfinden eine Hochzeit in einem malerischen Garten als eine sehr romantische Hochzeitslocation. Man kann sich leicht vorstellen warum: Sobald Braut und Br\u00e4utigam durch einen Garten gleiten, der von idyllischer Natur, farbenpr\u00e4chtigen Blumen, pastellfarbenen Schleifen und gro\u00dfen S\u00e4ulen beherrscht wird, sind tolle Hochzeitsfotos garantiert! <a href=\"https:\/\/antalyatouristinformation.com\/de\/kontakt\/\">Unser Team informiert euch gerne,<\/a> welche die sch\u00f6nsten G\u00e4rten in der T\u00fcrkei sind und f\u00fcr eure Hochzeit zur Auswahl stehen.&nbsp;<\/p>\n<h2>8. Location am Wasser<\/h2>\n<p>Eine Location am Wasser, geschm\u00fcckt mit Blumen und Lichterketten, bietet eine zauberhafte Kulisse f\u00fcr Hochzeiten. Ob ein See, ein Meer oder der Bosporus, eine solche Szenerie ist bei jeder Hochzeitsfeier ein Highlight.<\/p>\n<p><span><img decoding=\"async\" alt=\"Wedding in Cistern in Turkey\" data-id=\"2282\" width=\"702\" data-init-width=\"1000\" height=\"468\" data-init-height=\"667\" title=\"Wedding in Cistern in Turkey\" loading=\"lazy\" src=\"\/\/antalyatouristinformation.com\/de\/wp-content\/uploads\/sites\/10\/2021\/04\/Wedding-in-Cistern-in-Turkey.jpg\" data-width=\"702\" data-height=\"468\" data-pin-media=\"https:\/\/antalyatouristinformation.com\/de\/wp-content\/uploads\/sites\/10\/2021\/06\/prag_50_sehenswuerdigkeiten_pinterest-33.jpg\" data-pin-description=\"10 Wedding Venue Ideas in Turkey | Antalya Tourist Information\" data-pin-url=\"https:\/\/antalyatouristinformation.com\/de\/wedding\/venues\/?tve=true&amp;tcbf=5e97810abd\" data-pinpro-key=\"6s4lsk5fi\"><\/span><\/p>\n<h2>9. Zisterne<\/h2>\n<p>Eine jahrhundertealte Zisterne ist eine wahrhaft au\u00dfergew\u00f6hnliche Location f\u00fcr eine Hochzeit. Ihr und eure G\u00e4ste werden eine Hochzeit im Untergrund der Stadt mit mystischem Ambiente gewiss nicht so schnell vergessen&#8230;<\/p>\n<h2>10. Restaurant<\/h2>\n<p>Ein weiterer beliebter Veranstaltungsort f\u00fcr Hochzeiten sind elegante Restaurants. Egal, ob ihr eine exklusive und luxuri\u00f6se Hochzeitsfeier oder eine authentische und intime Hochzeit w\u00fcnscht, in der T\u00fcrkei gibt es viele Restaurants zur Auswahl, die jedem Geschmack und Budget entsprechen.<\/p>\n<p>Wo w\u00fcrdet IHR eure Hochzeit veranstalten? Sucht euch eine der Locations aus und teilt sie uns in den Kommentaren mit.<\/p>\n<p>F\u00fcr noch ausgefallenere Locations schaut euch unsere Liste mit <a href=\"https:\/\/antalyatouristinformation.com\/de\/heiraten\/ideen\/\">14 kreativen und einzigartigen Ideen f\u00fcr eine sch\u00f6ne Hochzeit in der T\u00fcrkei<\/a> an.<\/p>\n<p><b>Vielleicht interessieren euch auch folgende Beitr\u00e4ge: <\/b><\/p>\n<ul>\n<li><a href=\"https:\/\/antalyatouristinformation.com\/de\/heiraten\/bestimmungen\/\">Rechtlicher Ablauf von Hochzeiten in der T\u00fcrkei<\/a><\/li>\n<li><a href=\"https:\/\/antalyatouristinformation.com\/de\/heiraten\/hochzeitskleid\/\">Wie man ein Hochzeitskleid in der T\u00fcrkei kauft<\/a><\/li>\n<li><a href=\"https:\/\/antalyatouristinformation.com\/de\/heiraten\/turkische-traditionen\/\">T\u00fcrkische Hochzeitstraditionen<\/a><\/li>\n<li><a href=\"https:\/\/antalyatouristinformation.com\/de\/heiraten\/fotograf\/\">Hochzeitsfotografen in der T\u00fcrkei<\/a><\/li>\n<li><a href=\"https:\/\/antalyatouristinformation.com\/de\/heiraten\/haufige-fragen\/\">H\u00e4ufige Fragen zu t\u00fcrkische Hochzeiten<\/a><\/li>\n<\/ul>\n","protected":false},"excerpt":{"rendered":"<p>Hier ist unser Guide zu den besten Locations f\u00fcr Hochzeiten in der T\u00fcrkei. Von eleganten Hochzeitss\u00e4len \u00fcber luxuri\u00f6se Hotels bis hin zu Hochzeiten am Strand bietet die T\u00fcrkei eine gro\u00dfe Auswahl an sch\u00f6nen Veranstaltungsorten. Wir haben euch eine Liste mit den&nbsp;10 besten Ideen f\u00fcr Hochzeits-Locations&nbsp;in der T\u00fcrkei&nbsp;zusammengestellt, die ihr f\u00fcr euren gro\u00dfen Tag w\u00e4hlen k\u00f6nnt. [&hellip;]<\/p>\n","protected":false},"author":5,"featured_media":2273,"parent":961,"menu_order":0,"comment_status":"open","ping_status":"closed","template":"","meta":{"_acf_changed":false,"footnotes":""},"categories":[],"tags":[51],"class_list":["post-975","page","type-page","status-publish","has-post-thumbnail","hentry","tag-wedding","post-wrapper","thrv_wrapper"],"acf":[],"wp-worthy-pixel":{"ignored":false,"public":"edcbc192ee8547e2b383b3691d4e3833","server":"vg01.met.vgwort.de","url":"https:\/\/vg01.met.vgwort.de\/na\/edcbc192ee8547e2b383b3691d4e3833"},"wp-worthy-type":"normal","_links":{"self":[{"href":"https:\/\/antalyatouristinformation.com\/de\/wp-json\/wp\/v2\/pages\/975","targetHints":{"allow":["GET"]}}],"collection":[{"href":"https:\/\/antalyatouristinformation.com\/de\/wp-json\/wp\/v2\/pages"}],"about":[{"href":"https:\/\/antalyatouristinformation.com\/de\/wp-json\/wp\/v2\/types\/page"}],"author":[{"embeddable":true,"href":"https:\/\/antalyatouristinformation.com\/de\/wp-json\/wp\/v2\/users\/5"}],"replies":[{"embeddable":true,"href":"https:\/\/antalyatouristinformation.com\/de\/wp-json\/wp\/v2\/comments?post=975"}],"version-history":[{"count":10,"href":"https:\/\/antalyatouristinformation.com\/de\/wp-json\/wp\/v2\/pages\/975\/revisions"}],"predecessor-version":[{"id":14034,"href":"https:\/\/antalyatouristinformation.com\/de\/wp-json\/wp\/v2\/pages\/975\/revisions\/14034"}],"up":[{"embeddable":true,"href":"https:\/\/antalyatouristinformation.com\/de\/wp-json\/wp\/v2\/pages\/961"}],"wp:featuredmedia":[{"embeddable":true,"href":"https:\/\/antalyatouristinformation.com\/de\/wp-json\/wp\/v2\/media\/2273"}],"wp:attachment":[{"href":"https:\/\/antalyatouristinformation.com\/de\/wp-json\/wp\/v2\/media?parent=975"}],"wp:term":[{"taxonomy":"category","embeddable":true,"href":"https:\/\/antalyatouristinformation.com\/de\/wp-json\/wp\/v2\/categories?post=975"},{"taxonomy":"post_tag","embeddable":true,"href":"https:\/\/antalyatouristinformation.com\/de\/wp-json\/wp\/v2\/tags?post=975"}],"curies":[{"name":"wp","href":"https:\/\/api.w.org\/{rel}","templated":true}]}}