{"id":1204,"date":"2021-03-15T12:00:17","date_gmt":"2021-03-15T11:00:17","guid":{"rendered":"https:\/\/antalyatouristinformation.com\/ru\/?page_id=1204"},"modified":"2023-05-04T18:00:46","modified_gmt":"2023-05-04T16:00:46","slug":"dinopark","status":"publish","type":"page","link":"https:\/\/antalyatouristinformation.com\/ru\/things-to-do\/attraction\/dinopark\/","title":{"rendered":"\u041f\u043e\u0441\u0435\u0442\u0438\u0442\u0435 \u0414\u0438\u043d\u043e\u043f\u0430\u0440\u043a \u0432 \u0410\u043d\u0442\u0430\u043b\u0438\u0438: \u043f\u0443\u0442\u0435\u0432\u043e\u0434\u0438\u0442\u0435\u043b\u044c \u0438 \u0441\u043e\u0432\u0435\u0442\u044b"},"content":{"rendered":"<p>\u0412\u0430\u0448\u0438 \u0434\u0435\u0442\u0438 \u043b\u044e\u0431\u044f\u0442 \u0434\u0438\u043d\u043e\u0437\u0430\u0432\u0440\u043e\u0432? \u041d\u0440\u0430\u0432\u0438\u0442\u0441\u044f \u043b\u0438 \u0438\u043c \u043f\u0440\u043e\u0432\u043e\u0434\u0438\u0442\u044c \u0432\u0440\u0435\u043c\u044f \u0432 \u043f\u0430\u0440\u043a\u0430\u0445 \u0440\u0430\u0437\u0432\u043b\u0435\u0447\u0435\u043d\u0438\u0439? \u0412 \u044d\u0442\u043e\u043c \u043f\u0430\u0440\u043a\u0435 \u0441\u043e\u0447\u0435\u0442\u0430\u0435\u0442\u0441\u044f \u0438 \u0442\u043e, \u0438 \u0434\u0440\u0443\u0433\u043e\u0435!&nbsp;\u0412\u044b \u043c\u043e\u0436\u0435\u0442\u0435 \u043f\u0440\u0435\u043a\u0440\u0430\u0441\u043d\u043e \u043f\u0440\u043e\u0432\u0435\u0441\u0442\u0438 \u0432\u0440\u0435\u043c\u044f \u0441 \u0441\u0435\u043c\u044c\u0435\u0439 \u0432 \u0414\u0438\u043d\u043e\u043f\u0430\u0440\u043a\u0435 \u0432 \u0410\u043d\u0442\u0430\u043b\u0438\u0438.<\/p>\n<p>\u0414\u0438\u043d\u043e\u043f\u0430\u0440\u043a \u0440\u0430\u0441\u043f\u043e\u043b\u043e\u0436\u0435\u043d \u043d\u0430 30 \u0433\u0435\u043a\u0442\u0430\u0440\u0430\u0445 \u0442\u0435\u043d\u0438\u0441\u0442\u043e\u0433\u043e \u0441\u043e\u0441\u043d\u043e\u0432\u043e\u0433\u043e \u043b\u0435\u0441\u0430 \u0438 \u044f\u0432\u043b\u044f\u0435\u0442\u0441\u044f \u0437\u0430\u0445\u0432\u0430\u0442\u044b\u0432\u0430\u044e\u0449\u0435\u0439 \u0434\u043e\u0441\u0442\u043e\u043f\u0440\u0438\u043c\u0435\u0447\u0430\u0442\u0435\u043b\u044c\u043d\u043e\u0441\u0442\u044c\u044e, \u0440\u0430\u0441\u043f\u043e\u043b\u043e\u0436\u0435\u043d\u043d\u043e\u0439 \u0432 \u0440\u0430\u0439\u043e\u043d\u0435 \u041a\u0435\u043c\u0435\u0440 \u0432 \u0410\u043d\u0442\u0430\u043b\u0438\u0438. \u0422\u0435\u043c\u0430\u0442\u0438\u0447\u0435\u0441\u043a\u0438\u0439 \u043f\u0430\u0440\u043a \u0432 \u043e\u0441\u043d\u043e\u0432\u043d\u043e\u043c \u043f\u0440\u0438\u0432\u043b\u0435\u043a\u0430\u0435\u0442 \u0434\u0435\u0442\u0435\u0439, \u0442\u0430\u043a \u043a\u0430\u043a \u044d\u0442\u043e \u043f\u0435\u0440\u0432\u044b\u0439 \u0432 \u0422\u0443\u0440\u0446\u0438\u0438 \u043f\u0430\u0440\u043a \u0434\u0438\u043d\u043e\u0437\u0430\u0432\u0440\u043e\u0432. \u042d\u0442\u043e <span style=\"font-size: 18px\">\u0432\u0435\u0441\u044c\u043c\u0430 \u0437\u0430\u043d\u0438\u043c\u0430\u0442\u0435\u043b\u044c\u043d\u044b\u0439 \u0441\u043f\u043e\u0441\u043e\u0431 \u0443\u0437\u043d\u0430\u0442\u044c \u0431\u043e\u043b\u044c\u0448\u0435 \u043e \u0432\u043e\u0437\u0440\u0430\u0441\u0442\u0435 \u0434\u0438\u043d\u043e\u0437\u0430\u0432\u0440\u043e\u0432 \u0438 \u0434\u0440\u0443\u0433\u043e\u0439 \u0438\u043d\u0442\u0435\u0440\u0435\u0441\u043d\u043e\u0439 \u0438\u043d\u0444\u043e\u0440\u043c\u0430\u0446\u0438\u0438 \u043e \u043d\u0438\u0445.<\/span><\/p>\n<p><span style=\"font-size: 18px\">\u0412 \u044d\u0442\u043e\u0439 \u0441\u0442\u0430\u0442\u044c\u0435 \u0432\u044b \u043d\u0430\u0439\u0434\u0435\u0442\u0435 \u0432\u0441\u044e \u043d\u0435\u043e\u0431\u0445\u043e\u0434\u0438\u043c\u0443\u044e \u0438\u043d\u0444\u043e\u0440\u043c\u0430\u0446\u0438\u044e \u043e \u0414\u0438\u043d\u043e\u043f\u0430\u0440\u043a\u0435, \u0432 \u0442\u043e\u043c \u0447\u0438\u0441\u043b\u0435, \u043a\u0430\u043a \u043f\u043e\u043f\u0430\u0441\u0442\u044c \u0442\u0443\u0434\u0430, \u0433\u0434\u0435 \u043f\u0440\u0438\u043e\u0431\u0440\u0435\u0441\u0442\u0438 \u0431\u0438\u043b\u0435\u0442, \u0447\u0435\u043c \u043c\u043e\u0436\u043d\u043e \u0437\u0430\u043d\u044f\u0442\u044c\u0441\u044f \u0432 \u043f\u0430\u0440\u043a\u0435.&nbsp;<\/span><\/p>\n<h2>\u0427\u0435\u043c \u0437\u0430\u043d\u044f\u0442\u044c\u0441\u044f \u0432 \u0414\u0438\u043d\u043e\u043f\u0430\u0440\u043a\u0435?<\/h2>\n<p>\u0412 \u0414\u0438\u043d\u043e\u043f\u0430\u0440\u043a\u0435 \u0432\u044b \u043d\u0430\u0439\u0434\u0435\u0442\u0435 \u043c\u043e\u0434\u0435\u043b\u0438 \u043c\u043d\u043e\u0433\u0438\u0445 \u0434\u0438\u043d\u043e\u0437\u0430\u0432\u0440\u043e\u0432, \u0432\u044b\u043c\u0435\u0440\u0448\u0438\u0445 \u043c\u0438\u043b\u043b\u0438\u043e\u043d\u044b \u043b\u0435\u0442 \u043d\u0430\u0437\u0430\u0434. \u042d\u0442\u0438 \u0444\u0438\u0433\u0443\u0440\u044b \u0442\u0430\u043a\u0436\u0435 \u0438\u0437\u0434\u0430\u044e\u0442 \u0440\u0435\u0430\u043b\u0438\u0441\u0442\u0438\u0447\u043d\u044b\u0435 \u0437\u0432\u0443\u043a\u0438 \u0434\u0438\u043d\u043e\u0437\u0430\u0432\u0440\u043e\u0432 \u0438 \u0441\u043e\u0437\u0434\u0430\u044e\u0442 \u043e\u0449\u0443\u0449\u0435\u043d\u0438\u0435, \u0447\u0442\u043e \u043e\u043d\u0438 \u0436\u0438\u0432\u044b\u0435.<\/p>\n<p>\u0411\u043e\u043b\u044c\u0448\u043e\u0435 <strong>\u0432\u043d\u0438\u043c\u0430\u043d\u0438\u0435 \u043f\u0440\u0438\u0432\u043b\u0435\u043a\u0430\u044e\u0442 \u0434\u0432\u0438\u0436\u0443\u0449\u0438\u0435\u0441\u044f \u0441\u043a\u0443\u043b\u044c\u043f\u0442\u0443\u0440\u044b \u0434\u0438\u043d\u043e\u0437\u0430\u0432\u0440\u043e\u0432. <\/strong>\u041e\u043d\u0438 \u0431\u044b\u043b\u0438 \u0440\u0430\u0437\u043c\u0435\u0449\u0435\u043d\u044b \u0432 \u043f\u0430\u0440\u043a\u0435 \u043a\u0438\u0442\u0430\u0439\u0441\u043a\u0438\u043c\u0438 \u0438\u043d\u0436\u0435\u043d\u0435\u0440\u0430\u043c\u0438 \u043f\u043e\u0441\u043b\u0435 \u0442\u043e\u0433\u043e, \u043a\u0430\u043a \u0431\u044b\u043b\u0438 \u043f\u0440\u043e\u0438\u0437\u0432\u0435\u0434\u0435\u043d\u044b \u0432 \u041a\u0438\u0442\u0430\u0435.&nbsp;<\/p>\n<p><span lang=\"en\"><span data-language-for-alternatives=\"en\" data-language-to-translate-into=\"tr\" data-phrase-index=\"0\">\u041d\u0430\u0437\u0432\u0430\u043d\u0438\u044f \u0434\u0438\u043d\u043e\u0437\u0430\u0432\u0440\u043e\u0432, \u0438\u0445 \u0438\u0441\u0442\u043e\u0440\u0438\u044f, \u0447\u0435\u043c \u043e\u043d\u0438 \u043f\u0438\u0442\u0430\u043b\u0438\u0441\u044c, \u0441\u0440\u0435\u0434\u0430 \u0438\u0445 \u043e\u0431\u0438\u0442\u0430\u043d\u0438\u044f &#8211; \u044d\u0442\u0430 \u0438 \u0434\u0440\u0443\u0433\u0430\u044f \u0438\u043d\u0444\u043e\u0440\u043c\u0430\u0446\u0438\u044f \u0443\u043a\u0430\u0437\u0430\u043d\u044b \u043d\u0430 \u0442\u0430\u0431\u043b\u0438\u0447\u043a\u0430\u0445 \u043f\u0435\u0440\u0435\u0434 \u043d\u0438\u043c\u0438.&nbsp;<\/span><\/span><\/p>\n<p><span lang=\"en\"><span data-language-for-alternatives=\"en\" data-language-to-translate-into=\"tr\" data-phrase-index=\"0\">\u041d\u0435 \u043f\u0440\u043e\u043f\u0443\u0441\u0442\u0438\u0442\u0435 <strong>\u043c\u0438\u043d\u0438 \u0437\u043e\u043e\u043f\u0430\u0440\u043a<\/strong>&nbsp;\u043d\u0430 \u0442\u0435\u0440\u0440\u0438\u0442\u043e\u0440\u0438\u0438 \u043f\u0430\u0440\u043a\u0430.&nbsp;<\/span> <span data-language-for-alternatives=\"en\" data-language-to-translate-into=\"tr\" data-phrase-index=\"2\">\u0412\u044b \u043c\u043e\u0436\u0435\u0442\u0435 \u043a\u043e\u0440\u043c\u0438\u0442\u044c \u0436\u0438\u0432\u043e\u0442\u043d\u044b\u0445, \u0442\u0430\u043a\u0438\u0445 \u043a\u0430\u043a <span data-language-for-alternatives=\"en\" data-language-to-translate-into=\"tr\" data-phrase-index=\"1\">\u0441\u0442\u0440\u0430\u0443\u0441, \u043a\u0440\u043e\u043b\u0438\u043a, \u043a\u043e\u0437\u0430 \u0438 \u0440\u0430\u0437\u043b\u0438\u0447\u043d\u0443\u044e \u0434\u043e\u043c\u0430\u0448\u043d\u044e\u044e \u043f\u0442\u0438\u0446\u0443,&nbsp;<\/span><\/span><\/span><span lang=\"en\"><span data-language-for-alternatives=\"en\" data-language-to-translate-into=\"tr\" data-phrase-index=\"2\"> \u0441 \u0440\u0443\u043a\u0438. \u0422\u0430\u043a\u0436\u0435 \u0434\u043b\u044f \u0441\u0430\u043c\u044b\u0445 \u043c\u0430\u043b\u0435\u043d\u044c\u043a\u0438\u0445 \u0435\u0441\u0442\u044c \u043a\u0430\u0442\u0430\u043d\u0438\u0435 \u043d\u0430 \u043f\u043e\u043d\u0438.<\/span><\/span><\/p>\n<p><span lang=\"en\"><span data-language-for-alternatives=\"en\" data-language-to-translate-into=\"tr\" data-phrase-index=\"2\">\u0420\u0430\u0441\u043a\u043e\u043f\u043a\u0438 \u2014 \u0435\u0449\u0435 \u043e\u0434\u043d\u043e <strong>\u0432\u0435\u0441\u0435\u043b\u043e\u0435<\/strong>&nbsp;\u0438 \u0443\u0432\u043b\u0435\u043a\u0430\u0442\u0435\u043b\u044c\u043d\u043e\u0435 \u0437\u0430\u043d\u044f\u0442\u0438\u0435, \u043e\u0441\u043e\u0431\u0435\u043d\u043d\u043e \u0434\u043b\u044f \u0434\u0435\u0442\u0435\u0439, \u0438\u043d\u0442\u0435\u0440\u0435\u0441\u0443\u044e\u0449\u0438\u0445\u0441\u044f \u043f\u0430\u043b\u0435\u043e\u043d\u0442\u043e\u043b\u043e\u0433\u0438\u0435\u0439, \u0430 \u0442\u0430\u043a\u0436\u0435 \u0441\u0442\u0435\u043d\u0430 \u0434\u043b\u044f \u0441\u043a\u0430\u043b\u043e\u043b\u0430\u0437\u0430\u043d\u0438\u044f \u0438 \u0431\u0430\u0442\u0443\u0442 \u043d\u0435 \u0434\u0430\u0434\u0443\u0442 \u0432\u0430\u0448\u0438\u043c \u0434\u0435\u0442\u044f\u043c \u0441\u043a\u0443\u0447\u0430\u0442\u044c.<\/span><\/span><\/p>\n<p><span lang=\"en\"><span data-language-for-alternatives=\"en\" data-language-to-translate-into=\"tr\" data-phrase-index=\"2\">\u0418\u043c\u0435\u0435\u0442\u0441\u044f \u0442\u0430\u043a\u0436\u0435&nbsp;<strong>7D-\u043a\u0438\u043d\u043e\u0442\u0435\u0430\u0442\u0440 \u0438 \u043b\u0430\u0431\u0438\u0440\u0438\u043d\u0442 \u0434\u043e\u043c\u0430 \u0443\u0436\u0430\u0441\u043e\u0432<\/strong> , \u043a\u043e\u0442\u043e\u0440\u044b\u0439 \u0432 \u043e\u0441\u043d\u043e\u0432\u043d\u043e\u043c \u043d\u0440\u0430\u0432\u0438\u0442\u0441\u044f \u0432\u0437\u0440\u043e\u0441\u043b\u044b\u043c.&nbsp;<\/span><\/span><\/p>\n<p><span lang=\"en\"><span data-language-for-alternatives=\"en\" data-language-to-translate-into=\"tr\" data-phrase-index=\"2\">\u041f\u043e\u0437\u0430\u0432\u0442\u0440\u0430\u043a\u0430\u0442\u044c \u0438\u043b\u0438 \u043f\u043e\u043e\u0431\u0435\u0434\u0430\u0442\u044c \u043c\u043e\u0436\u043d\u043e \u0432 \u0440\u0435\u0441\u0442\u043e\u0440\u0430\u043d\u0435 \u043d\u0430 \u0442\u0435\u0440\u0440\u0438\u0442\u043e\u0440\u0438\u0438 \u0414\u0438\u043d\u043e\u043f\u0430\u0440\u043a\u0430.&nbsp;\u042d\u0442\u043e \u0442\u0430\u043a\u0436\u0435 \u043f\u043e\u043f\u0443\u043b\u044f\u0440\u043d\u043e\u0435 \u043c\u0435\u0441\u0442\u043e \u0434\u043b\u044f \u043e\u0440\u0433\u0430\u043d\u0438\u0437\u0430\u0446\u0438\u0438 \u043f\u0440\u0430\u0437\u0434\u043d\u0438\u043a\u043e\u0432, \u0434\u043d\u0435\u0439 \u0440\u043e\u0436\u0434\u0435\u043d\u0438\u0439 \u0438 \u0440\u0430\u0437\u043b\u0438\u0447\u043d\u044b\u0445 \u0432\u0441\u0442\u0440\u0435\u0447.<\/span><\/span><\/p>\n<p><span><img decoding=\"async\" alt=\"\u0414\u0438\u043d\u043e\u043f\u0430\u0440\u043a \u0432 \u0410\u043d\u0442\u0430\u043b\u0438\u0438 \u0432 \u0422\u0443\u0440\u0446\u0438\u0438 (\u041e\u0442 \u0440\u0435\u0434\u0430\u043a\u0446\u0438\u0438)\" data-id=\"2372\" width=\"702\" data-init-width=\"1000\" height=\"468\" data-init-height=\"667\" title=\"\u0414\u0438\u043d\u043e\u043f\u0430\u0440\u043a \u0432 \u0410\u043d\u0442\u0430\u043b\u0438\u0438 \u0432 \u0422\u0443\u0440\u0446\u0438\u0438 (\u041e\u0442 \u0440\u0435\u0434\u0430\u043a\u0446\u0438\u0438)\" loading=\"lazy\" src=\"\/\/antalyatouristinformation.com\/ru\/wp-content\/uploads\/sites\/11\/2021\/04\/Dinopark-in-Antalya-in-Turkey.jpg\" data-width=\"702\" data-height=\"468\" data-pin-media=\"https:\/\/antalyatouristinformation.com\/ru\/wp-content\/uploads\/sites\/11\/2021\/06\/prag_50_sehenswuerdigkeiten_pinterest-18.jpg\" data-pin-description=\"Information about Dinopark Antalya | Antalya Tourist Information\" data-pin-url=\"https:\/\/antalyatouristinformation.com\/ru\/things-to-do\/attraction\/dinopark\/?tve=true&amp;tcbf=bf964e88c1\" data-pinpro-key=\"84qo1vtsn\"><\/span><\/p>\n<h2>\u0412\u0445\u043e\u0434, \u0431\u0438\u043b\u0435\u0442\u044b \u0438 \u044d\u043a\u0441\u043a\u0443\u0440\u0441\u0438\u0438<\/h2>\n<ul>\n<li><span><strong>\u0412\u0445\u043e\u0434:<\/strong> \u0414\u0438\u043d\u043e\u043f\u0430\u0440\u043a \u043e\u0442\u043a\u0440\u044b\u0442 \u043a\u0430\u0436\u0434\u044b\u0439 \u0434\u0435\u043d\u044c \u0441 09:00 \u0434\u043e 20:00 .<\/span><\/li>\n<li><span><strong>\u0411\u0438\u043b\u0435\u0442\u044b:<\/strong>&nbsp;\u0432 2019 \u0433\u043e\u0434\u0443 \u0441\u0442\u043e\u0438\u043c\u043e\u0441\u0442\u044c \u0431\u0438\u043b\u0435\u0442\u0430 \u0441\u043e\u0441\u0442\u0430\u0432\u043b\u044f\u043b\u0430 30 \u0442\u0443\u0440\u0435\u0446\u043a\u0438\u0445 \u043b\u0438\u0440. \u0412\u043e\u0437\u043c\u043e\u0436\u043d\u043e, \u0432\u0430\u043c \u043f\u0440\u0438\u0434\u0435\u0442\u0441\u044f \u043f\u0440\u043e\u0432\u0435\u0440\u0438\u0442\u044c \u0432\u0435\u0431-\u0441\u0430\u0439\u0442 \u043f\u0430\u0440\u043a\u0430, \u0447\u0442\u043e\u0431\u044b \u0443\u0437\u043d\u0430\u0442\u044c, \u0438\u0437\u043c\u0435\u043d\u0438\u043b\u0441\u044f \u043b\u0438 \u0441\u0442\u043e\u0438\u043c\u043e\u0441\u0442\u044c \u0441 \u0442\u0435\u0445 \u043f\u043e\u0440.<\/span><\/li>\n<\/ul>\n<ul>\n<li><span><strong>\u0421\u043e\u0432\u0435\u0442:<\/strong> \u0427\u0442\u043e\u0431\u044b \u0437\u0430\u0431\u0440\u043e\u043d\u0438\u0440\u043e\u0432\u0430\u0442\u044c \u0431\u0438\u043b\u0435\u0442\u044b \u0432 \u043f\u0430\u0440\u043a\u0438 \u0440\u0430\u0437\u0432\u043b\u0435\u0447\u0435\u043d\u0438\u0439, \u043c\u0443\u0437\u0435\u0438 \u0438 \u0442\u0443\u0440\u0438\u0441\u0442\u0438\u0447\u0435\u0441\u043a\u0438\u0435 \u0431\u0438\u043b\u0435\u0442\u044b \u043f\u0435\u0440\u0435\u0434 \u043f\u043e\u0435\u0437\u0434\u043a\u043e\u0439 \u0432 \u0440\u0435\u0433\u0438\u043e\u043d \u0410\u043d\u0442\u0430\u043b\u0438\u0438, \u043e\u0431\u044f\u0437\u0430\u0442\u0435\u043b\u044c\u043d\u043e \u043e\u0437\u043d\u0430\u043a\u043e\u043c\u044c\u0442\u0435\u0441\u044c \u0441 \u043f\u0440\u0435\u0434\u043b\u043e\u0436\u0435\u043d\u0438\u044f\u043c\u0438 \u0432 \u043d\u0430\u0448\u0435\u043c \u043e\u0444\u0438\u0446\u0438\u0430\u043b\u044c\u043d\u043e\u043c \u043c\u0430\u0433\u0430\u0437\u0438\u043d\u0435.<\/span><\/li>\n<\/ul>\n<h2>\u041a\u0430\u043a \u0434\u043e\u0431\u0440\u0430\u0442\u044c\u0441\u044f \u0434\u043e \u0414\u0438\u043d\u043e\u043f\u0430\u0440\u043a\u0430 \u0432 \u0410\u043d\u0442\u0430\u043b\u0438\u0438<\/h2>\n<p>\u0414\u0438\u043d\u043e\u043f\u0430\u0440\u043a \u043d\u0430\u0445\u043e\u0434\u0438\u0442\u0441\u044f \u0432 9 \u043a\u043c \u043e\u0442 \u0446\u0435\u043d\u0442\u0440\u0430 \u041a\u0435\u043c\u0435\u0440\u0430 \u0438 \u0432 36 \u043a\u043c \u043e\u0442 \u0410\u043d\u0442\u0430\u043b\u0438\u0438.<\/p>\n<ul>\n<li><strong>\u0410\u0432\u0442\u043e\u0431\u0443\u0441:<\/strong>&nbsp;\u0414\u043e \u0414\u0438\u043d\u043e\u043f\u0430\u0440\u043a\u0430 \u043c\u043e\u0436\u043d\u043e \u0434\u043e\u0431\u0440\u0430\u0442\u044c\u0441\u044f \u043d\u0430 \u0430\u0432\u0442\u043e\u0431\u0443\u0441\u0435 KEMER &#8211; G\u00d6YN\u00dcK (\u041a\u0435\u043c\u0435\u0440-\u0413\u0451\u0439\u043d\u044e\u043a) \u0438\u043b\u0438 \u043c\u0438\u043a\u0440\u043e\u0430\u0432\u0442\u043e\u0431\u0443\u0441\u0435, \u0440\u0430\u0441\u043f\u043e\u043b\u043e\u0436\u0435\u043d\u043d\u043e\u043c \u0440\u044f\u0434\u043e\u043c \u0441 5-\u043c\u0435\u0442\u0440\u043e\u0432\u044b\u043c Migros \u0432 \u0410\u043d\u0442\u0430\u043b\u0438\u0438.<\/li>\n<\/ul>\n<h2>\u041a\u043e\u043d\u0442\u0430\u043a\u0442\u044b<\/h2>\n<ul>\n<li><span><strong>\u0410\u0434\u0440\u0435\u0441:&nbsp;<\/strong>&nbsp;\u042d\u0441\u0435\u043d\u0442\u0435\u043f\u0435 \u041c\u0430\u0445., \u0410\u0434\u043d\u0430\u043d \u041c\u0435\u043d\u0434\u0435\u0440\u0435\u0441 \u0411\u0443\u043b\u0432\u0430\u0440\u044b, 07985 \u0413\u0451\u0439\u043d\u044e\u043a\/\u041a\u0435\u043c\u0435\u0440 &#8211; \u0410\u043d\u0442\u0430\u043b\u044c\u044f\/Esentepe Mah., Adnan Menderes Bulvar\u0131, 07985 G\u00f6yn\u00fck \/ Kemer &#8211; Antalya<\/span><\/li>\n<li><span><strong>\u0421\u0430\u0439\u0442:&nbsp; <\/strong><a href=\"http:\/\/www.dinopark.com.tr\" target=\"_blank\" rel=\"noopener\">http:\/\/www.dinopark.com.tr<\/a><\/span><\/li>\n<\/ul>\n","protected":false},"excerpt":{"rendered":"<p>\u0412\u0430\u0448\u0438 \u0434\u0435\u0442\u0438 \u043b\u044e\u0431\u044f\u0442 \u0434\u0438\u043d\u043e\u0437\u0430\u0432\u0440\u043e\u0432? \u041d\u0440\u0430\u0432\u0438\u0442\u0441\u044f \u043b\u0438 \u0438\u043c \u043f\u0440\u043e\u0432\u043e\u0434\u0438\u0442\u044c \u0432\u0440\u0435\u043c\u044f \u0432 \u043f\u0430\u0440\u043a\u0430\u0445 \u0440\u0430\u0437\u0432\u043b\u0435\u0447\u0435\u043d\u0438\u0439? \u0412 \u044d\u0442\u043e\u043c \u043f\u0430\u0440\u043a\u0435 \u0441\u043e\u0447\u0435\u0442\u0430\u0435\u0442\u0441\u044f \u0438 \u0442\u043e, \u0438 \u0434\u0440\u0443\u0433\u043e\u0435!&nbsp;\u0412\u044b \u043c\u043e\u0436\u0435\u0442\u0435 \u043f\u0440\u0435\u043a\u0440\u0430\u0441\u043d\u043e \u043f\u0440\u043e\u0432\u0435\u0441\u0442\u0438 \u0432\u0440\u0435\u043c\u044f \u0441 \u0441\u0435\u043c\u044c\u0435\u0439 \u0432 \u0414\u0438\u043d\u043e\u043f\u0430\u0440\u043a\u0435 \u0432 \u0410\u043d\u0442\u0430\u043b\u0438\u0438. \u0414\u0438\u043d\u043e\u043f\u0430\u0440\u043a \u0440\u0430\u0441\u043f\u043e\u043b\u043e\u0436\u0435\u043d \u043d\u0430 30 \u0433\u0435\u043a\u0442\u0430\u0440\u0430\u0445 \u0442\u0435\u043d\u0438\u0441\u0442\u043e\u0433\u043e \u0441\u043e\u0441\u043d\u043e\u0432\u043e\u0433\u043e \u043b\u0435\u0441\u0430 \u0438 \u044f\u0432\u043b\u044f\u0435\u0442\u0441\u044f \u0437\u0430\u0445\u0432\u0430\u0442\u044b\u0432\u0430\u044e\u0449\u0435\u0439 \u0434\u043e\u0441\u0442\u043e\u043f\u0440\u0438\u043c\u0435\u0447\u0430\u0442\u0435\u043b\u044c\u043d\u043e\u0441\u0442\u044c\u044e, \u0440\u0430\u0441\u043f\u043e\u043b\u043e\u0436\u0435\u043d\u043d\u043e\u0439 \u0432 \u0440\u0430\u0439\u043e\u043d\u0435 \u041a\u0435\u043c\u0435\u0440 \u0432 \u0410\u043d\u0442\u0430\u043b\u0438\u0438. \u0422\u0435\u043c\u0430\u0442\u0438\u0447\u0435\u0441\u043a\u0438\u0439 \u043f\u0430\u0440\u043a \u0432 \u043e\u0441\u043d\u043e\u0432\u043d\u043e\u043c \u043f\u0440\u0438\u0432\u043b\u0435\u043a\u0430\u0435\u0442 \u0434\u0435\u0442\u0435\u0439, \u0442\u0430\u043a [&hellip;]<\/p>\n","protected":false},"author":4,"featured_media":2371,"parent":117,"menu_order":0,"comment_status":"open","ping_status":"closed","template":"","meta":{"_acf_changed":false,"footnotes":""},"categories":[],"tags":[36],"class_list":["post-1204","page","type-page","status-publish","has-post-thumbnail","hentry","tag-attraction","post-wrapper","thrv_wrapper"],"acf":[],"wp-worthy-pixel":{"ignored":false,"public":null,"server":null,"url":null},"wp-worthy-type":"normal","_links":{"self":[{"href":"https:\/\/antalyatouristinformation.com\/ru\/wp-json\/wp\/v2\/pages\/1204","targetHints":{"allow":["GET"]}}],"collection":[{"href":"https:\/\/antalyatouristinformation.com\/ru\/wp-json\/wp\/v2\/pages"}],"about":[{"href":"https:\/\/antalyatouristinformation.com\/ru\/wp-json\/wp\/v2\/types\/page"}],"author":[{"embeddable":true,"href":"https:\/\/antalyatouristinformation.com\/ru\/wp-json\/wp\/v2\/users\/4"}],"replies":[{"embeddable":true,"href":"https:\/\/antalyatouristinformation.com\/ru\/wp-json\/wp\/v2\/comments?post=1204"}],"version-history":[{"count":10,"href":"https:\/\/antalyatouristinformation.com\/ru\/wp-json\/wp\/v2\/pages\/1204\/revisions"}],"predecessor-version":[{"id":15453,"href":"https:\/\/antalyatouristinformation.com\/ru\/wp-json\/wp\/v2\/pages\/1204\/revisions\/15453"}],"up":[{"embeddable":true,"href":"https:\/\/antalyatouristinformation.com\/ru\/wp-json\/wp\/v2\/pages\/117"}],"wp:featuredmedia":[{"embeddable":true,"href":"https:\/\/antalyatouristinformation.com\/ru\/wp-json\/wp\/v2\/media\/2371"}],"wp:attachment":[{"href":"https:\/\/antalyatouristinformation.com\/ru\/wp-json\/wp\/v2\/media?parent=1204"}],"wp:term":[{"taxonomy":"category","embeddable":true,"href":"https:\/\/antalyatouristinformation.com\/ru\/wp-json\/wp\/v2\/categories?post=1204"},{"taxonomy":"post_tag","embeddable":true,"href":"https:\/\/antalyatouristinformation.com\/ru\/wp-json\/wp\/v2\/tags?post=1204"}],"curies":[{"name":"wp","href":"https:\/\/api.w.org\/{rel}","templated":true}]}}