{"id":140,"date":"2021-02-15T12:19:43","date_gmt":"2021-02-15T11:19:43","guid":{"rendered":"http:\/\/antalyatouristinformation.com\/ru\/?page_id=140"},"modified":"2023-04-24T10:47:03","modified_gmt":"2023-04-24T08:47:03","slug":"upper-duden","status":"publish","type":"page","link":"https:\/\/antalyatouristinformation.com\/ru\/things-to-do\/waterfall\/upper-duden\/","title":{"rendered":"\u041f\u043e\u0441\u0435\u0442\u0438\u0442\u0435 \u0432\u043e\u0434\u043e\u043f\u0430\u0434 \u0412\u0435\u0440\u0445\u043d\u0438\u0439 \u0414\u044e\u0434\u0435\u043d \u0432 \u0410\u043d\u0442\u0430\u043b\u0438\u0438"},"content":{"rendered":"<p>\u041a\u0430\u043a \u043d\u0430\u0441\u0447\u0435\u0442 \u0442\u043e\u0433\u043e, \u0447\u0442\u043e\u0431\u044b \u043f\u0440\u043e\u0432\u0435\u0441\u0442\u0438 \u0432\u0440\u0435\u043c\u044f \u0443 \u043f\u0440\u043e\u0445\u043b\u0430\u0434\u043d\u043e\u0433\u043e \u0432\u043e\u0434\u043e\u043f\u0430\u0434\u0430 \u0432 \u0436\u0430\u0440\u043a\u0438\u0439 \u043b\u0435\u0442\u043d\u0438\u0439 \u0434\u0435\u043d\u044c?<\/p>\n<p>\u0412\u043e\u0434\u043e\u043f\u0430\u0434 \u0412\u0435\u0440\u0445\u043d\u0438\u0439 \u0414\u044e\u0434\u0435\u043d \u2014 \u043e\u0434\u043d\u0430 \u0438\u0437 \u043b\u0443\u0447\u0448\u0438\u0445 \u0437\u043e\u043d \u043e\u0442\u0434\u044b\u0445\u0430, \u0440\u0430\u0441\u043f\u043e\u043b\u043e\u0436\u0435\u043d\u043d\u0430\u044f \u0432\u0441\u0435\u0433\u043e \u0432 12 \u043a\u043c \u043a \u0441\u0435\u0432\u0435\u0440\u043e-\u0432\u043e\u0441\u0442\u043e\u043a\u0443 \u043e\u0442 \u0410\u043d\u0442\u0430\u043b\u0438\u0438. \u042d\u0442\u043e \u0432\u0435\u043b\u0438\u043a\u043e\u043b\u0435\u043f\u043d\u0430\u044f \u043f\u0440\u0438\u0440\u043e\u0434\u043d\u0430\u044f \u043a\u0440\u0430\u0441\u043e\u0442\u0430, \u0433\u0434\u0435 \u0432\u044b \u043c\u043e\u0436\u0435\u0442\u0435 \u0434\u044b\u0448\u0430\u0442\u044c \u0441\u0432\u0435\u0436\u0438\u043c \u0432\u043e\u0437\u0434\u0443\u0445\u043e\u043c \u0438 \u043d\u0430\u0441\u043b\u0430\u0436\u0434\u0430\u0442\u044c\u0441\u044f \u043e\u0442\u0442\u0435\u043d\u043a\u0430\u043c\u0438 \u0437\u0435\u043b\u0435\u043d\u0438.<\/p>\n<p>\u0412 \u044d\u0442\u043e\u0439 \u0441\u0442\u0430\u0442\u044c\u0435 \u0432\u044b \u043d\u0430\u0439\u0434\u0435\u0442\u0435 \u0432\u0441\u0435 \u0441\u0432\u0435\u0434\u0435\u043d\u0438\u044f, \u043e\u0445\u0432\u0430\u0442\u044b\u0432\u0430\u044e\u0449\u0438\u0435 \u043f\u043e\u0441\u0435\u0449\u0435\u043d\u0438\u0435 \u0432\u043e\u0434\u043e\u043f\u0430\u0434\u0430 \u0412\u0435\u0440\u0445\u043d\u0438\u0439 \u0414\u044e\u0434\u0435\u043d \u0432 \u0410\u043d\u0442\u0430\u043b\u0438\u0438, \u0430 \u0442\u0430\u043a\u0436\u0435 \u043d\u0435\u0441\u043a\u043e\u043b\u044c\u043a\u043e \u0441\u043e\u0432\u0435\u0442\u043e\u0432 \u043e\u0431 \u044d\u0442\u043e\u043c \u043c\u0435\u0441\u0442\u0435.<\/p>\n<p><span><img decoding=\"async\" alt=\"\u041a\u0435\u043f\u0435\u0437 \u0432\u043e\u0434\u043e\u043f\u0430\u0434\u0430 \u0412\u0435\u0440\u0445\u043d\u0438\u0439 \u0414\u044e\u0434\u0435\u043d \u0432 \u0410\u043d\u0442\u0430\u043b\u0438\u0438 \u0432 \u0422\u0443\u0440\u0446\u0438\u0438\" data-id=\"849\" width=\"702\" data-init-width=\"1000\" height=\"470\" data-init-height=\"670\" title=\"\u041a\u0435\u043f\u0435\u0437 \u0432\u043e\u0434\u043e\u043f\u0430\u0434\u0430 \u0412\u0435\u0440\u0445\u043d\u0438\u0439 \u0414\u044e\u0434\u0435\u043d \u0432 \u0410\u043d\u0442\u0430\u043b\u0438\u0438 \u0432 \u0422\u0443\u0440\u0446\u0438\u0438\" loading=\"lazy\" src=\"https:\/\/antalyatouristinformation.com\/ru\/wp-content\/uploads\/sites\/11\/2021\/03\/Upper-Duden-Waterfall-kepez-Antalya.jpg\" data-width=\"702\" data-height=\"470\" data-pinpro-key=\"un7m0ko8j\" data-pin-media=\"https:\/\/antalyatouristinformation.com\/ru\/wp-content\/uploads\/sites\/11\/2021\/06\/prag_50_sehenswuerdigkeiten_pinterest-5.jpg\" data-pin-description=\"Visit the Upper D\u00fcden Waterfall in Antalya, Turkey \u27a4 Read Info on \u2714 Access \u2714 Tour \u2714 Tips \u2714\" data-pin-url=\"https:\/\/antalyatouristinformation.com\/ru\/things-to-do\/waterfall\/upper-duden\/?tve=true&amp;tcbf=8a45bbc0ac\"><\/span><\/p>\n<h2 id=\"t-1619177756041\">\u0427\u0435\u043c \u0437\u0430\u043d\u044f\u0442\u044c\u0441\u044f \u043d\u0430 \u0432\u043e\u0434\u043e\u043f\u0430\u0434\u0435 \u0412\u0435\u0440\u0445\u043d\u0438\u0439 \u0414\u044e\u0434\u0435\u043d?<\/h2>\n<p align=\"justify\" lang=\"tr-TR\">\u0412\u043e\u0434\u043e\u043f\u0430\u0434 \u0412\u0435\u0440\u0445\u043d\u0438\u0439 \u0414\u044e\u0434\u0435\u043d \u0442\u0430\u043a\u0436\u0435 \u043d\u0430\u0437\u044b\u0432\u0430\u044e\u0442 \u00ab\u0410\u043b\u0435\u043a\u0441\u0430\u043d\u0434\u0440\u043e\u0432\u0441\u043a\u0438\u043c \u0432\u043e\u0434\u043e\u043f\u0430\u0434\u043e\u043c\u00bb.&nbsp;\u0413\u043e\u0432\u043e\u0440\u044f\u0442, \u0447\u0442\u043e \u0410\u043b\u0435\u043a\u0441\u0430\u043d\u0434\u0440 \u041c\u0430\u043a\u0435\u0434\u043e\u043d\u0441\u043a\u0438\u0439, \u0437\u0430\u0432\u043e\u0435\u0432\u0430\u0432\u0448\u0438\u0439 \u041f\u0430\u043c\u0444\u0438\u043b\u0438\u044e \u043c\u0435\u0436\u0434\u0443 334-333 \u0433\u0433.&nbsp;\u0434\u043e \u043d.\u044d., \u0434\u0430\u0432\u0430\u043b \u0432\u043e\u0434\u0443 \u0441\u0432\u043e\u0438\u043c \u043b\u043e\u0448\u0430\u0434\u044f\u043c, \u043f\u0440\u043e\u0435\u0437\u0436\u0430\u044f \u0447\u0435\u0440\u0435\u0437 \u044d\u0442\u043e\u0442 \u0440\u0435\u0433\u0438\u043e\u043d.<\/p>\n<p align=\"justify\" lang=\"tr-TR\">\u042d\u0442\u043e \u043c\u0435\u0441\u0442\u043e \u043e\u0442\u0434\u044b\u0445\u0430 \u043f\u0440\u0435\u0434\u043f\u043e\u0447\u0438\u0442\u0430\u044e\u0442 \u0442\u0435, \u043a\u0442\u043e \u0445\u043e\u0447\u0435\u0442 \u0443\u0434\u0430\u043b\u0438\u0442\u044c\u0441\u044f \u0438\u0437 \u0446\u0435\u043d\u0442\u0440\u0430 \u0433\u043e\u0440\u043e\u0434\u0430 \u0438 \u043e\u0431\u0440\u0435\u0441\u0442\u0438 \u043f\u043e\u043a\u043e\u0439 \u043d\u0430 \u043f\u0440\u0438\u0440\u043e\u0434\u0435. \u0423\u0434\u043e\u0432\u043e\u043b\u044c\u0441\u0442\u0432\u0438\u0435 \u043e\u0442 \u043f\u043e\u0441\u0435\u0449\u0435\u043d\u0438\u044f \u0432\u043e\u0434\u043e\u043f\u0430\u0434\u0430 \u0432 \u0436\u0430\u0440\u043a\u0438\u0439 \u0434\u0435\u043d\u044c \u0432\u0441\u0435\u0433\u0434\u0430&nbsp;<span lang=\"ru-RU\">\u043e\u0446\u0435\u043d\u0438\u0432\u0430\u0435\u0442\u0441\u044f \u043f\u043e\u0441\u0435\u0442\u0438\u0442\u0435\u043b\u044f\u043c\u0438 \u043f\u043e \u0434\u043e\u0441\u0442\u043e\u0438\u043d\u0441\u0442\u0432\u0443<\/span>.<\/p>\n<p align=\"justify\" lang=\"tr-TR\">\u0417\u0434\u0435\u0441\u044c \u0435\u0441\u0442\u044c \u043c\u0435\u0441\u0442\u0430 \u0434\u043b\u044f <span lang=\"ru-RU\">\u0441\u043e\u0437\u0435\u0440\u0446\u0430\u043d\u0438\u044f<\/span> \u0436\u0438\u0432\u043e\u043f\u0438\u0441\u043d\u044b\u0445 \u043f\u0430\u043d\u043e\u0440\u0430\u043c, \u0430 \u0442\u0430\u043a\u0436\u0435 \u0440\u0435\u0441\u0442\u043e\u0440\u0430\u043d\u044b \u0438 \u043a\u0430\u0444\u0435.&nbsp;\u0412\u044b \u043c\u043e\u0436\u0435\u0442\u0435 \u043d\u0430\u0439\u0442\u0438 \u0437\u0430\u043d\u044f\u0442\u0438\u0435 \u043f\u043e<span lang=\"ru-RU\">\u043e\u0431\u0435 \u0441\u0442\u043e\u0440\u043e\u043d\u044b<\/span> \u043e\u0437\u0435\u0440\u0430.&nbsp;\u0422\u0430\u043a\u0436\u0435 \u043c\u043e\u0436\u043d\u043e \u0438\u0441\u043f\u043e\u043b\u044c\u0437\u043e\u0432\u0430\u0442\u044c \u0441\u0432\u043e\u044e \u0435\u0434\u0443 \u0438 <span lang=\"ru-RU\">\u0432\u043e\u0441\u043f\u043e\u043b\u044c\u0437\u043e\u0432\u0430\u0442\u044c\u0441\u044f<\/span> \u043c\u0435\u0441\u0442\u0430\u043c\u0438 \u0434\u043b\u044f \u043f\u0438\u043a\u043d\u0438\u043a\u0430.&nbsp;\u041e\u0447\u0435\u043d\u044c \u043f\u0440\u0438\u044f\u0442\u043d\u043e \u0443\u0441\u0442\u0440\u043e\u0438\u0442\u044c \u043f\u0438\u043a\u043d\u0438\u043a \u0443 \u0440\u0443\u0447\u044c\u044f \u0438 \u043e\u043a\u0443\u043d\u0443\u0442\u044c\u0441\u044f \u0432 \u0432\u043e\u0434\u0443, \u0447\u0442\u043e\u0431\u044b \u043e\u0441\u0432\u0435\u0436\u0438\u0442\u044c\u0441\u044f.<\/p>\n<h3>\u0416\u0438\u0432\u043e\u043f\u0438\u0441\u043d\u044b\u0435 \u0432\u0438\u0434\u044b \u0438\u0437 \u043f\u0435\u0449\u0435\u0440\u044b<\/h3>\n<p align=\"justify\" lang=\"tr-TR\">\u041f\u0435\u0449\u0435\u0440\u044b \u0437\u0430 \u0432\u043e\u0434\u043e\u043f\u0430\u0434\u043e\u043c \u2014 \u043e\u0447\u0435\u043d\u044c \u0438\u043d\u0442\u0435\u0440\u0435\u0441\u043d\u044b\u0435 \u043e\u0431\u0440\u0430\u0437\u043e\u0432\u0430\u043d\u0438\u044f. \u041f\u043e\u043b\u043e\u0441\u0442\u0438 \u043f\u0435\u0449\u0435\u0440 \u043f\u043e\u0434\u043e\u0431\u043d\u044b \u043e\u043a\u043d\u0443, \u0438\u0437 \u043a\u043e\u0442\u043e\u0440\u043e\u0433\u043e \u043e\u0442\u043a\u0440\u044b\u0432\u0430\u0435\u0442\u0441\u044f \u043f\u0440\u0435\u043a\u0440\u0430\u0441\u043d\u044b\u0439 \u0432\u0438\u0434. \u0412\u044b \u0434\u0430\u0436\u0435 \u043c\u043e\u0436\u0435\u0442\u0435 \u043f\u0440\u043e\u0439\u0442\u0438 \u043f\u043e\u0434 \u0442\u0435\u043c \u043c\u0435\u0441\u0442\u043e\u043c, \u0433\u0434\u0435 \u043f\u0440\u043e\u0442\u0435\u043a\u0430\u0435\u0442 \u0432\u043e\u0434\u043e\u043f\u0430\u0434. \u041d\u0435 \u0437\u0430\u0431\u0443\u0434\u044c\u0442\u0435 \u043f\u043e\u043d\u0430\u0431\u043b\u044e\u0434\u0430\u0442\u044c \u0438\u0437 \u043f\u0435\u0449\u0435\u0440\u044b \u0437\u0430 \u0442\u0435\u043a\u0443\u0449\u0435\u0439 \u0432\u043e\u0434\u043e\u0439. \u0418\u043d\u043e\u0433\u0434\u0430 \u0432 \u043f\u0435\u0449\u0435\u0440\u0430\u0445 \u043f\u0440\u0438\u0445\u043e\u0434\u0438\u0442\u0441\u044f \u043d\u0430\u043a\u043b\u043e\u043d\u044f\u0442\u044c\u0441\u044f, \u0438 \u0432 \u043d\u0438\u0445 \u043c\u043e\u0436\u0435\u0442 \u0431\u044b\u0442\u044c \u0434\u043e\u0432\u043e\u043b\u044c\u043d\u043e \u0432\u043b\u0430\u0436\u043d\u043e. \u041f\u043e\u044d\u0442\u043e\u043c\u0443 \u0432\u0430\u0436\u043d\u043e \u0431\u044b\u0442\u044c \u043e\u0441\u0442\u043e\u0440\u043e\u0436\u043d\u044b\u043c, \u0447\u0442\u043e\u0431\u044b \u043d\u0435 \u043f\u043e\u0441\u043a\u043e\u043b\u044c\u0437\u043d\u0443\u0442\u044c\u0441\u044f.<\/p>\n<p><span><img decoding=\"async\" alt=\"\u0412\u0435\u0440\u0445\u043d\u0438\u0439 \u0414\u044e\u0434\u0435\u043d\u0441\u043a\u0438\u0439 \u0432\u043e\u0434\u043e\u043f\u0430\u0434 \u0432 \u0410\u043d\u0442\u0430\u043b\u0438\u0438 \u0432 \u0422\u0443\u0440\u0446\u0438\u0438\" data-id=\"852\" width=\"702\" data-init-width=\"1000\" height=\"470\" data-init-height=\"670\" title=\"\u0412\u0435\u0440\u0445\u043d\u0438\u0439 \u0414\u044e\u0434\u0435\u043d\u0441\u043a\u0438\u0439 \u0432\u043e\u0434\u043e\u043f\u0430\u0434 \u0432 \u0410\u043d\u0442\u0430\u043b\u0438\u0438 \u0432 \u0422\u0443\u0440\u0446\u0438\u0438\" loading=\"lazy\" src=\"https:\/\/antalyatouristinformation.com\/ru\/wp-content\/uploads\/sites\/11\/2021\/03\/upper-dueden-waterfalls-in-antalya.jpg\" data-width=\"702\" data-height=\"470\" data-pinpro-key=\"emon8h0co\" data-pin-media=\"https:\/\/antalyatouristinformation.com\/ru\/wp-content\/uploads\/sites\/11\/2021\/06\/prag_50_sehenswuerdigkeiten_pinterest-5.jpg\" data-pin-description=\"Visit the Upper D\u00fcden Waterfall in Antalya, Turkey \u27a4 Read Info on \u2714 Access \u2714 Tour \u2714 Tips \u2714\" data-pin-url=\"https:\/\/antalyatouristinformation.com\/ru\/things-to-do\/waterfall\/upper-duden\/?tve=true&amp;tcbf=8a45bbc0ac\"><\/span><\/p>\n<h2 id=\"t-1619177756042\">\u0412\u0445\u043e\u0434, \u0431\u0438\u043b\u0435\u0442\u044b \u0438 \u044d\u043a\u0441\u043a\u0443\u0440\u0441\u0438\u0438<\/h2>\n<ul>\n<li><span><strong>\u0412\u0445\u043e\u0434:<\/strong> \u0412\u043e\u0434\u043e\u043f\u0430\u0434 \u0412\u0435\u0440\u0445\u043d\u0438\u0439 \u0414\u044e\u0434\u0435\u043d \u043e\u0442\u043a\u0440\u044b\u0442 \u043a\u0430\u0436\u0434\u044b\u0439 \u0434\u0435\u043d\u044c. \u041f\u043e\u0441\u0435\u0449\u0435\u043d\u0438\u044f \u0440\u0430\u0437\u0440\u0435\u0448\u0435\u043d\u044b \u0441 09:00 \u0434\u043e 19:30 \u043b\u0435\u0442\u043e\u043c \u0438 \u0441 09:00 \u0434\u043e 18:00 \u0437\u0438\u043c\u043e\u0439.<\/span><\/li>\n<li><span><strong>\u0411\u0438\u043b\u0435\u0442:<\/strong>&nbsp;\u0432\u0445\u043e\u0434\u043d\u0430\u044f \u043f\u043b\u0430\u0442\u0430 \u0441\u043e\u0441\u0442\u0430\u0432\u043b\u044f\u0435\u0442 5 TL \u0441 \u0447\u0435\u043b\u043e\u0432\u0435\u043a\u0430. \u041c\u0443\u0437\u0435\u0439\u043d\u0430\u044f \u043a\u0430\u0440\u0442\u0430 \u0437\u0434\u0435\u0441\u044c \u043d\u0435 \u0440\u0430\u0431\u043e\u0442\u0430\u0435\u0442. &nbsp;<\/span><\/li>\n<\/ul>\n<ul>\n<li><span><strong>\u0421\u043e\u0432\u0435\u0442:<\/strong> \u0447\u0442\u043e\u0431\u044b \u0437\u0430\u0431\u0440\u043e\u043d\u0438\u0440\u043e\u0432\u0430\u0442\u044c \u043f\u0430\u0440\u043a\u0438 \u0440\u0430\u0437\u0432\u043b\u0435\u0447\u0435\u043d\u0438\u0439, \u043c\u0443\u0437\u0435\u0438 \u0438 \u0442\u0443\u0440\u0438\u0441\u0442\u0438\u0447\u0435\u0441\u043a\u0438\u0435 \u0431\u0438\u043b\u0435\u0442\u044b \u043f\u0435\u0440\u0435\u0434 \u043f\u043e\u0435\u0437\u0434\u043a\u043e\u0439 \u0432 \u0440\u0435\u0433\u0438\u043e\u043d \u0410\u043d\u0442\u0430\u043b\u0438\u0438, \u043e\u0431\u044f\u0437\u0430\u0442\u0435\u043b\u044c\u043d\u043e \u043e\u0437\u043d\u0430\u043a\u043e\u043c\u044c\u0442\u0435\u0441\u044c \u0441 \u043f\u0440\u0435\u0434\u043b\u043e\u0436\u0435\u043d\u0438\u044f\u043c\u0438 \u0432 \u043d\u0430\u0448\u0435\u043c \u043e\u0444\u0438\u0446\u0438\u0430\u043b\u044c\u043d\u043e\u043c \u043c\u0430\u0433\u0430\u0437\u0438\u043d\u0435.<\/span><\/li>\n<\/ul>\n<h2 id=\"t-1619177756043\">\u041a\u0430\u043a \u0434\u043e\u0431\u0440\u0430\u0442\u044c\u0441\u044f \u0434\u043e \u0432\u043e\u0434\u043e\u043f\u0430\u0434\u0430 \u0412\u0435\u0440\u0445\u043d\u0438\u0439 \u0414\u044e\u0434\u0435\u043d<\/h2>\n<p>\u0412\u043e\u0434\u043e\u043f\u0430\u0434 \u0412\u0435\u0440\u0445\u043d\u0438\u0439 \u0414\u044e\u0434\u0435\u043d \u0440\u0430\u0441\u043f\u043e\u043b\u043e\u0436\u0435\u043d \u0432 \u0440\u0430\u0439\u043e\u043d\u0435 \u0412\u0430\u0440\u0441\u0430\u043a, \u043d\u0430 \u0442\u0435\u0440\u0440\u0438\u0442\u043e\u0440\u0438\u0438 \u0440\u0430\u0439\u043e\u043d\u0430 \u041a\u0435\u043f\u0435\u0437.<\/p>\n<ul>\n<li><strong>\u041c\u0438\u043a\u0440\u043e\u0430\u0432\u0442\u043e\u0431\u0443\u0441:&nbsp;<\/strong>&nbsp;\u0412\u044b \u043c\u043e\u0436\u0435\u0442\u0435 \u0432\u043e\u0441\u043f\u043e\u043b\u044c\u0437\u043e\u0432\u0430\u0442\u044c\u0441\u044f \u043c\u0438\u043a\u0440\u043e\u0430\u0432\u0442\u043e\u0431\u0443\u0441\u0430\u043c\u0438 Varsak, \u043e\u0442\u043f\u0440\u0430\u0432\u043b\u044f\u044e\u0449\u0438\u043c\u0438\u0441\u044f \u0438\u0437 \u0446\u0435\u043d\u0442\u0440\u0430 \u0410\u043d\u0442\u0430\u043b\u0438\u0438.<\/li>\n<li><strong>&nbsp;\u041e\u0431\u0449\u0435\u0441\u0442\u0432\u0435\u043d\u043d\u044b\u0439 \u0442\u0440\u0430\u043d\u0441\u043f\u043e\u0440\u0442:&nbsp;<\/strong> \u0441\u044e\u0434\u0430 \u0442\u0430\u043a\u0436\u0435 \u043c\u043e\u0436\u043d\u043e \u0434\u043e\u0431\u0440\u0430\u0442\u044c\u0441\u044f \u043d\u0430 \u043c\u0443\u043d\u0438\u0446\u0438\u043f\u0430\u043b\u044c\u043d\u044b\u0445 \u0430\u0432\u0442\u043e\u0431\u0443\u0441\u0430\u0445 VC30, CV17A, VL62, VF66, VC69, 524 \u0438 524A.<\/li>\n<\/ul>\n<h2 id=\"t-1619177756044\">FAQ (\u0447\u0430\u0441\u0442\u043e \u0437\u0430\u0434\u0430\u0432\u0430\u0435\u043c\u044b\u0435 \u0432\u043e\u043f\u0440\u043e\u0441\u044b)<\/h2>\n<p><span><img decoding=\"async\" alt=\"\u0432\u043e\u0434\u043e\u043f\u0430\u0434 \u0412\u0435\u0440\u0445\u043d\u0438\u0439 \u0414\u0443\u0434\u0435\u043d \u0432 \u0430\u043d\u0442\u0430\u043b\u0438\u0438 \u0432 \u0442\u0443\u0440\u0446\u0438\u0438\" data-id=\"850\" width=\"702\" data-init-width=\"1000\" height=\"470\" data-init-height=\"670\" title=\"\u0432\u043e\u0434\u043e\u043f\u0430\u0434 \u0412\u0435\u0440\u0445\u043d\u0438\u0439 \u0414\u0443\u0434\u0435\u043d \u0432 \u0430\u043d\u0442\u0430\u043b\u0438\u0438 \u0432 \u0442\u0443\u0440\u0446\u0438\u0438\" loading=\"lazy\" src=\"https:\/\/antalyatouristinformation.com\/ru\/wp-content\/uploads\/sites\/11\/2021\/03\/upper-duden-waterfall-in-antalya-in-turkey.jpg\" data-width=\"702\" data-height=\"470\" data-pinpro-key=\"gwbfjwam3\" data-pin-media=\"https:\/\/antalyatouristinformation.com\/ru\/wp-content\/uploads\/sites\/11\/2021\/06\/prag_50_sehenswuerdigkeiten_pinterest-5.jpg\" data-pin-description=\"Visit the Upper D\u00fcden Waterfall in Antalya, Turkey \u27a4 Read Info on \u2714 Access \u2714 Tour \u2714 Tips \u2714\" data-pin-url=\"https:\/\/antalyatouristinformation.com\/ru\/things-to-do\/waterfall\/upper-duden\/?tve=true&amp;tcbf=8a45bbc0ac\"><\/span><\/p>\n<h2 id=\"t-1619177756045\">\u0418\u0441\u0442\u043e\u0440\u0438\u044f \u0432\u043e\u0434\u043e\u043f\u0430\u0434\u0430 \u0412\u0435\u0440\u0445\u043d\u0438\u0439 \u0414\u044e\u0434\u0435\u043d<\/h2>\n<p align=\"justify\" lang=\"tr-TR\">\u0418\u0441\u0442\u043e\u043a \u0440\u0435\u043a\u0438 \u0414\u044e\u0434\u0435\u043d \u043f\u0440\u0435\u0434\u0441\u0442\u0430\u0432\u043b\u044f\u0435\u0442 \u0441\u043e\u0431\u043e\u0439 \u0441\u0435\u0440\u0438\u044e \u043a\u0430\u0440\u0441\u0442\u043e\u0432\u044b\u0445 \u0438\u0441\u0442\u043e\u0447\u043d\u0438\u043a\u043e\u0432, \u043e\u0431\u044a\u0435\u0434\u0438\u043d\u0435\u043d\u043d\u044b\u0445 \u043f\u043e\u0434 \u043e\u0431\u0449\u0438\u043c \u043d\u0430\u0437\u0432\u0430\u043d\u0438\u0435\u043c \u041a\u044b\u0440\u043a\u0433\u0451\u0437\u043b\u0435\u0440 \u0438 \u0440\u0430\u0441\u043f\u043e\u043b\u043e\u0436\u0435\u043d\u043d\u044b\u0445 \u043f\u0440\u0438\u043c\u0435\u0440\u043d\u043e \u043d\u0430 30-\u043c \u043a\u0438\u043b\u043e\u043c\u0435\u0442\u0440\u0435 \u0441\u0442\u0430\u0440\u043e\u0439 \u0434\u043e\u0440\u043e\u0433\u0438 \u0410\u043d\u0442\u0430\u043b\u0438\u044f-\u0411\u0443\u0440\u0434\u0443\u0440. \u0418\u0445 \u0432\u043e\u0434\u044b \u0441\u043e\u0431\u0438\u0440\u0430\u044e\u0442\u0441\u044f \u0432 \u043e\u0434\u0438\u043d \u043f\u043e\u0442\u043e\u043a \u0438 \u043d\u0430\u043f\u0440\u0430\u0432\u043b\u044f\u044e\u0442\u0441\u044f \u043f\u043e \u043a\u0430\u043d\u0430\u043b\u0430\u043c \u043a \u0442\u0443\u0440\u0431\u0438\u043d\u0430\u043c \u0433\u0438\u0434\u0440\u043e\u044d\u043b\u0435\u043a\u0442\u0440\u043e\u0441\u0442\u0430\u043d\u0446\u0438\u0439 \u0432 \u041a\u0435\u043f\u0435\u0437\u0435, \u0430 \u0437\u0430\u0442\u0435\u043c \u043f\u043e \u0438\u0441\u043a\u0443\u0441\u0441\u0442\u0432\u0435\u043d\u043d\u043e\u043c\u0443 \u043a\u0430\u043d\u0430\u043b\u0443, \u043f\u0440\u043e\u0445\u043e\u0434\u044f\u0449\u0435\u043c\u0443 \u0447\u0435\u0440\u0435\u0437 \u0433\u043e\u0440\u043e\u0434 \u0441 \u0437\u0430\u043f\u0430\u0434\u0430 \u043d\u0430 \u0432\u043e\u0441\u0442\u043e\u043a, \u0433\u0434\u0435 \u043e\u043d\u0438 \u0434\u043e\u0441\u0442\u0438\u0433\u0430\u044e\u0442 \u043c\u0435\u0441\u0442\u0430 \u043f\u043e\u0434 \u043d\u0430\u0437\u0432\u0430\u043d\u0438\u0435\u043c \u0414\u044e\u0434\u0435\u043d\u0431\u0430\u0448\u0438. \u0422\u0430\u043c \u043d\u0430\u0447\u0438\u043d\u0430\u0435\u0442\u0441\u044f \u0441\u0442\u0430\u0440\u043e\u0435 \u0440\u0443\u0441\u043b\u043e \u0440\u0435\u043a\u0438, \u0438 \u0438\u043c\u0435\u043d\u043d\u043e \u0442\u0430\u043c \u043d\u0430\u0445\u043e\u0434\u0438\u0442\u0441\u044f \u0432\u043e\u0434\u043e\u043f\u0430\u0434 \u0412\u0435\u0440\u0445\u043d\u0438\u0439 \u0414\u044e\u0434\u0435\u043d.<\/p>\n<p align=\"justify\" lang=\"tr-TR\">\u0420\u0435\u0433\u0443\u043b\u044f\u0442\u043e\u0440, \u0432\u0441\u0442\u0440\u043e\u0435\u043d\u043d\u044b\u0439 \u043f\u0435\u0440\u0435\u0434 \u043a\u0430\u0440\u0441\u0442\u043e\u0432\u043e\u0439 \u0432\u043e\u0440\u043e\u043d\u043a\u043e\u0439 \u0411\u0430\u0439\u044b\u043a\u043b\u044b, \u043d\u0430\u043f\u0440\u0430\u0432\u043b\u044f\u0435\u0442 \u0432\u043e\u0434\u044b \u041a\u044b\u0440\u043a\u0433\u0451\u0437\u043b\u0435\u0440\u0430 \u0438 \u041f\u044b\u043d\u0430\u0440\u0431\u0430\u0448\u0438 \u0432 \u043a\u0430\u043d\u0430\u043b \u043d\u0430 \u041a\u0435\u043f\u0435\u0437\u0441\u043a\u0443\u044e \u0433\u0438\u0434\u0440\u043e\u044d\u043b\u0435\u043a\u0442\u0440\u043e\u0441\u0442\u0430\u043d\u0446\u0438\u044e, \u0433\u0434\u0435 \u043f\u043e \u043d\u0430\u043f\u043e\u0440\u043d\u043e\u0439 \u0442\u0440\u0443\u0431\u0435 \u043e\u043d\u0438 \u043f\u043e\u0441\u0442\u0443\u043f\u0430\u044e\u0442 \u0432 \u0443\u0440\u0430\u0432\u043d\u043e\u0432\u0435\u0448\u0438\u0432\u0430\u044e\u0449\u0443\u044e \u0432\u043e\u0440\u043e\u043d\u043a\u0443 \u0438 \u043e\u043f\u0443\u0441\u043a\u0430\u044e\u0442\u0441\u044f \u0447\u0435\u0440\u0435\u0437 \u0442\u0443\u0440\u0431\u0438\u043d\u0443 \u0441\u0442\u0430\u043d\u0446\u0438\u0438. \u0412 \u0414\u044e\u0434\u0435\u043d\u0431\u0430\u0448\u0438 \u0432\u043e\u0434\u0430 \u0441\u043d\u043e\u0432\u0430 \u043f\u043e\u0441\u0442\u0443\u043f\u0430\u0435\u0442 \u0438\u0437 \u0432\u043e\u0434\u043e\u043e\u0442\u0432\u043e\u0434\u043d\u043e\u0433\u043e \u0443\u0441\u0442\u0440\u043e\u0439\u0441\u0442\u0432\u0430 \u0441 \u0434\u043b\u0438\u043d\u043d\u044b\u043c \u043a\u0430\u043d\u0430\u043b\u043e\u043c, \u0433\u0434\u0435 \u043e\u0431\u0440\u0430\u0437\u0443\u0435\u0442 \u0438\u0441\u043a\u0443\u0441\u0441\u0442\u0432\u0435\u043d\u043d\u044b\u0435 \u043a\u0430\u0441\u043a\u0430\u0434\u044b. \u041e\u0442\u0441\u044e\u0434\u0430 \u043a\u043e\u043b\u0438\u0447\u0435\u0441\u0442\u0432\u043e \u0432\u043e\u0434\u044b \u043e\u0431\u0440\u0430\u0437\u0443\u0435\u0442 \u0431\u043e\u043b\u044c\u0448\u0443\u044e \u0440\u0435\u043a\u0443. \u0421\u0435\u043c\u044c \u043e\u0440\u043e\u0441\u0438\u0442\u0435\u043b\u044c\u043d\u044b\u0445 \u043a\u0430\u043d\u0430\u043b\u043e\u0432 \u0440\u0430\u0441\u043f\u0440\u0435\u0434\u0435\u043b\u044f\u044e\u0442 \u0432\u043e\u0434\u0443 \u043f\u043e \u0437\u0435\u043c\u043b\u044f\u043c \u043a \u0441\u0435\u0432\u0435\u0440\u043e-\u0432\u043e\u0441\u0442\u043e\u043a\u0443 \u043e\u0442 \u0410\u043d\u0442\u0430\u043b\u0438\u0438.<\/p>\n<p>\u0420\u0430\u0439\u043e\u043d, \u0433\u0434\u0435 \u0440\u0430\u0441\u043f\u043e\u043b\u043e\u0436\u0435\u043d \u0432\u043e\u0434\u043e\u043f\u0430\u0434 \u0412\u0435\u0440\u0445\u043d\u0438\u0439 \u0414\u044e\u0434\u0435\u043d, \u0431\u044b\u043b \u043f\u0440\u0435\u0432\u0440\u0430\u0449\u0435\u043d DS\u0130 \u0432 \u0437\u043e\u043d\u0443 \u0434\u043b\u044f \u043f\u0438\u043a\u043d\u0438\u043a\u043e\u0432 \u0438 \u043e\u0442\u0434\u044b\u0445\u0430 \u0432 \u043f\u0435\u0440\u0438\u043e\u0434 \u0441 1970 \u043f\u043e 1972 \u0433\u043e\u0434.<\/p>\n<p>\u041f\u043e\u0434\u0440\u043e\u0431\u043d\u0435\u0435 \u043e&nbsp;<a href=\"https:\/\/antalyatouristinformation.com\/ru\/things-to-do\/waterfall\/\">\u0432\u043e\u0434\u043e\u043f\u0430\u0434\u0430\u0445 \u0432 \u043f\u0440\u043e\u0432\u0438\u043d\u0446\u0438\u0438 \u0410\u043d\u0442\u0430\u043b\u0438\u044f<\/a>&nbsp;\u0447\u0438\u0442\u0430\u0439\u0442\u0435 \u0437\u0434\u0435\u0441\u044c.<\/p>\n<h2 id=\"t-1619177756046\">\u041a\u043e\u043d\u0442\u0430\u043a\u0442\u044b<\/h2>\n<ul>\n<li><span><strong>\u0410\u0434\u0440\u0435\u0441:&nbsp;<\/strong> D\u00fcdenbas\u0131 mah 21 Cad, D\u00fcden Cd. 07320 \u041a\u0435\u043f\u0435\u0437\/\u0410\u043d\u0442\u0430\u043b\u0438\u044f<\/span><\/li>\n<li><span><strong>\u0427\u0430\u0441\u044b \u0440\u0430\u0431\u043e\u0442\u044b:&nbsp;<\/strong> \u0435\u0433\u043e \u043c\u043e\u0436\u043d\u043e \u043f\u043e\u0441\u0435\u0442\u0438\u0442\u044c \u0441 09:00 \u0434\u043e 19:30 \u043b\u0435\u0442\u043e\u043c \u0438 \u0441 09:00 \u0434\u043e 18:00 \u0437\u0438\u043c\u043e\u0439.<\/span><\/li>\n<li><span><strong>\u041e\u0431\u0449\u0435\u0441\u0442\u0432\u0435\u043d\u043d\u044b\u0439 \u0442\u0440\u0430\u043d\u0441\u043f\u043e\u0440\u0442: \u0410\u0432\u0442\u043e\u0431\u0443\u0441\u044b<\/strong> &nbsp;\u043d\u043e\u043c\u0435\u0440\u0430 VC30, CV17A, VL62, VF66, VC69, 524 \u0438 524A.<\/span><\/li>\n<\/ul>\n","protected":false},"excerpt":{"rendered":"<p>\u041a\u0430\u043a \u043d\u0430\u0441\u0447\u0435\u0442 \u0442\u043e\u0433\u043e, \u0447\u0442\u043e\u0431\u044b \u043f\u0440\u043e\u0432\u0435\u0441\u0442\u0438 \u0432\u0440\u0435\u043c\u044f \u0443 \u043f\u0440\u043e\u0445\u043b\u0430\u0434\u043d\u043e\u0433\u043e \u0432\u043e\u0434\u043e\u043f\u0430\u0434\u0430 \u0432 \u0436\u0430\u0440\u043a\u0438\u0439 \u043b\u0435\u0442\u043d\u0438\u0439 \u0434\u0435\u043d\u044c? \u0412\u043e\u0434\u043e\u043f\u0430\u0434 \u0412\u0435\u0440\u0445\u043d\u0438\u0439 \u0414\u044e\u0434\u0435\u043d \u2014 \u043e\u0434\u043d\u0430 \u0438\u0437 \u043b\u0443\u0447\u0448\u0438\u0445 \u0437\u043e\u043d \u043e\u0442\u0434\u044b\u0445\u0430, \u0440\u0430\u0441\u043f\u043e\u043b\u043e\u0436\u0435\u043d\u043d\u0430\u044f \u0432\u0441\u0435\u0433\u043e \u0432 12 \u043a\u043c \u043a \u0441\u0435\u0432\u0435\u0440\u043e-\u0432\u043e\u0441\u0442\u043e\u043a\u0443 \u043e\u0442 \u0410\u043d\u0442\u0430\u043b\u0438\u0438. \u042d\u0442\u043e \u0432\u0435\u043b\u0438\u043a\u043e\u043b\u0435\u043f\u043d\u0430\u044f \u043f\u0440\u0438\u0440\u043e\u0434\u043d\u0430\u044f \u043a\u0440\u0430\u0441\u043e\u0442\u0430, \u0433\u0434\u0435 \u0432\u044b \u043c\u043e\u0436\u0435\u0442\u0435 \u0434\u044b\u0448\u0430\u0442\u044c \u0441\u0432\u0435\u0436\u0438\u043c \u0432\u043e\u0437\u0434\u0443\u0445\u043e\u043c \u0438 \u043d\u0430\u0441\u043b\u0430\u0436\u0434\u0430\u0442\u044c\u0441\u044f \u043e\u0442\u0442\u0435\u043d\u043a\u0430\u043c\u0438 \u0437\u0435\u043b\u0435\u043d\u0438. \u0412 \u044d\u0442\u043e\u0439 \u0441\u0442\u0430\u0442\u044c\u0435 \u0432\u044b \u043d\u0430\u0439\u0434\u0435\u0442\u0435 \u0432\u0441\u0435 \u0441\u0432\u0435\u0434\u0435\u043d\u0438\u044f, \u043e\u0445\u0432\u0430\u0442\u044b\u0432\u0430\u044e\u0449\u0438\u0435 \u043f\u043e\u0441\u0435\u0449\u0435\u043d\u0438\u0435 \u0432\u043e\u0434\u043e\u043f\u0430\u0434\u0430 [&hellip;]<\/p>\n","protected":false},"author":4,"featured_media":854,"parent":135,"menu_order":0,"comment_status":"open","ping_status":"closed","template":"","meta":{"_acf_changed":false,"footnotes":""},"categories":[],"tags":[50],"class_list":["post-140","page","type-page","status-publish","has-post-thumbnail","hentry","tag-waterfall","post-wrapper","thrv_wrapper"],"acf":[],"wp-worthy-pixel":{"ignored":false,"public":null,"server":null,"url":null},"wp-worthy-type":"normal","_links":{"self":[{"href":"https:\/\/antalyatouristinformation.com\/ru\/wp-json\/wp\/v2\/pages\/140","targetHints":{"allow":["GET"]}}],"collection":[{"href":"https:\/\/antalyatouristinformation.com\/ru\/wp-json\/wp\/v2\/pages"}],"about":[{"href":"https:\/\/antalyatouristinformation.com\/ru\/wp-json\/wp\/v2\/types\/page"}],"author":[{"embeddable":true,"href":"https:\/\/antalyatouristinformation.com\/ru\/wp-json\/wp\/v2\/users\/4"}],"replies":[{"embeddable":true,"href":"https:\/\/antalyatouristinformation.com\/ru\/wp-json\/wp\/v2\/comments?post=140"}],"version-history":[{"count":10,"href":"https:\/\/antalyatouristinformation.com\/ru\/wp-json\/wp\/v2\/pages\/140\/revisions"}],"predecessor-version":[{"id":14627,"href":"https:\/\/antalyatouristinformation.com\/ru\/wp-json\/wp\/v2\/pages\/140\/revisions\/14627"}],"up":[{"embeddable":true,"href":"https:\/\/antalyatouristinformation.com\/ru\/wp-json\/wp\/v2\/pages\/135"}],"wp:featuredmedia":[{"embeddable":true,"href":"https:\/\/antalyatouristinformation.com\/ru\/wp-json\/wp\/v2\/media\/854"}],"wp:attachment":[{"href":"https:\/\/antalyatouristinformation.com\/ru\/wp-json\/wp\/v2\/media?parent=140"}],"wp:term":[{"taxonomy":"category","embeddable":true,"href":"https:\/\/antalyatouristinformation.com\/ru\/wp-json\/wp\/v2\/categories?post=140"},{"taxonomy":"post_tag","embeddable":true,"href":"https:\/\/antalyatouristinformation.com\/ru\/wp-json\/wp\/v2\/tags?post=140"}],"curies":[{"name":"wp","href":"https:\/\/api.w.org\/{rel}","templated":true}]}}