{"id":165,"date":"2021-02-15T12:28:02","date_gmt":"2021-02-15T11:28:02","guid":{"rendered":"http:\/\/antalyatouristinformation.com\/ru\/?page_id=165"},"modified":"2023-05-04T22:45:07","modified_gmt":"2023-05-04T20:45:07","slug":"aktur-park","status":"publish","type":"page","link":"https:\/\/antalyatouristinformation.com\/ru\/things-to-do\/attraction\/aktur-park\/","title":{"rendered":"\u041f\u043e\u0441\u0435\u0442\u0438\u0442\u0435 \u0410\u043a\u0442\u0443\u0440 (Aktur Park): \u043f\u0430\u0440\u043a \u0440\u0430\u0437\u0432\u043b\u0435\u0447\u0435\u043d\u0438\u0439 \u0432 \u0410\u043d\u0442\u0430\u043b\u0438\u0438, \u0422\u0443\u0440\u0446\u0438\u044f"},"content":{"rendered":"<p>\u0412\u044b \u0443\u0441\u0442\u0430\u043b\u0438 \u043e\u0442 \u043f\u043b\u044f\u0436\u043d\u043e\u0433\u043e \u043e\u0442\u0434\u044b\u0445\u0430 \u0438 \u0445\u043e\u0442\u0438\u0442\u0435 \u0440\u0430\u0437\u0432\u043b\u0435\u0447\u044c\u0441\u044f \u0432 \u0410\u043d\u0442\u0430\u043b\u0438\u0438?&nbsp;Aktur Park \u2014 \u043f\u0430\u0440\u043a \u0440\u0430\u0437\u0432\u043b\u0435\u0447\u0435\u043d\u0438\u0439, \u0440\u0430\u0441\u043f\u043e\u043b\u043e\u0436\u0435\u043d\u043d\u044b\u0439 \u0432 \u0440\u0430\u0439\u043e\u043d\u0435 \u041a\u043e\u043d\u044c\u044f\u0430\u043b\u0442\u044b \u0432 \u0410\u043d\u0442\u0430\u043b\u0438\u0438. \u0427\u0442\u043e\u0431\u044b \u0440\u0430\u0437\u043d\u043e\u043e\u0431\u0440\u0430\u0437\u0438\u0442\u044c \u0432\u0430\u0448\u0435 \u043f\u0440\u0435\u0431\u044b\u0432\u0430\u043d\u0438\u0435 \u0432 \u0410\u043d\u0442\u0430\u043b\u0438\u0438, Aktur Park \u043f\u0440\u0435\u0434\u043b\u0430\u0433\u0430\u0435\u0442 \u0448\u0438\u0440\u043e\u043a\u0438\u0439 \u0432\u044b\u0431\u043e\u0440 \u0430\u0442\u0442\u0440\u0430\u043a\u0446\u0438\u043e\u043d\u043e\u0432 \u043a\u0430\u043a \u0434\u043b\u044f \u0434\u0435\u0442\u0435\u0439, \u0442\u0430\u043a \u0438 \u0434\u043b\u044f \u0432\u0437\u0440\u043e\u0441\u043b\u044b\u0445.<\/p>\n<p>\u0412 \u044d\u0442\u043e\u0439 \u0441\u0442\u0430\u0442\u044c\u0435 \u0432\u044b \u043d\u0430\u0439\u0434\u0435\u0442\u0435 \u0432\u0441\u044e \u0432\u0430\u0436\u043d\u0443\u044e \u0438\u043d\u0444\u043e\u0440\u043c\u0430\u0446\u0438\u044e, \u043d\u0435\u043e\u0431\u0445\u043e\u0434\u0438\u043c\u0443\u044e \u0437\u043d\u0430\u0442\u044c \u043e \u043f\u0430\u0440\u043a\u0435, \u0432 \u0442\u043e\u043c \u0447\u0438\u0441\u043b\u0435 \u043e \u0442\u043e\u043c, \u0447\u0435\u0433\u043e \u043e\u0436\u0438\u0434\u0430\u0442\u044c \u0432\u043e \u0432\u0440\u0435\u043c\u044f \u0432\u0430\u0448\u0435\u0433\u043e \u0432\u0438\u0437\u0438\u0442\u0430 \u0438 \u043a\u0430\u043a \u0434\u043e\u0431\u0440\u0430\u0442\u044c\u0441\u044f \u0441\u044e\u0434\u0430 \u0438\u0437 \u0446\u0435\u043d\u0442\u0440\u0430 \u0410\u043d\u0442\u0430\u043b\u0438\u0438.<\/p>\n<p><span><img decoding=\"async\" alt=\"\u043f\u0430\u0440\u043a \u0410\u043a\u0442\u0443\u0440 \u0432 \u0410\u043d\u0442\u0430\u043b\u0438\u0438 \u0432 \u0422\u0443\u0440\u0446\u0438\u0438\" data-id=\"509\" width=\"702\" data-init-width=\"1000\" height=\"470\" data-init-height=\"670\" title=\"\u043f\u0430\u0440\u043a \u0410\u043a\u0442\u0443\u0440 \u0432 \u0410\u043d\u0442\u0430\u043b\u0438\u0438 \u0432 \u0422\u0443\u0440\u0446\u0438\u0438\" loading=\"lazy\" src=\"https:\/\/antalyatouristinformation.com\/ru\/wp-content\/uploads\/sites\/11\/2021\/02\/aktur-park-heart-oof-antalya-in-turkey.jpg\" data-width=\"702\" data-height=\"470\" data-pin-media=\"https:\/\/antalyatouristinformation.com\/ru\/wp-content\/uploads\/sites\/11\/2021\/06\/prag_50_sehenswuerdigkeiten_pinterest-23.jpg\" data-pin-description=\"Aktur Amusement Park in Antalya | Antalya Tourist Information\" data-pin-url=\"https:\/\/antalyatouristinformation.com\/ru\/things-to-do\/attraction\/aktur-park\/?tve=true&amp;tcbf=f3acfde06b\" data-pinpro-key=\"65pwotijt\"><\/span><\/p>\n<h2 id=\"t-1619784287751\">\u0427\u0435\u043c \u0437\u0430\u043d\u044f\u0442\u044c\u0441\u044f \u0432 \u043f\u0430\u0440\u043a\u0435 Aktur <span lang=\"en\"><span data-language-for-alternatives=\"en\" data-language-to-translate-into=\"auto\" data-phrase-index=\"0\">Park<\/span><\/span>?<\/h2>\n<p><span lang=\"en\"><span data-language-for-alternatives=\"en\" data-language-to-translate-into=\"auto\" data-phrase-index=\"0\">\u041f\u0430\u0440\u043a \u0440\u0430\u0437\u0432\u043b\u0435\u0447\u0435\u043d\u0438\u0439 Aktur Park<\/span><\/span> \u0441\u043e\u0437\u0434\u0430\u0435\u0442 \u0432 \u0410\u043d\u0442\u0430\u043b\u0438\u0438 \u0431\u0443\u0439\u0441\u0442\u0432\u043e \u043a\u0440\u0430\u0441\u043e\u043a, \u043e\u0441\u043e\u0431\u0435\u043d\u043d\u043e \u043d\u043e\u0447\u044c\u044e. \u0412 \u044d\u0442\u043e\u043c \u043f\u0430\u0440\u043a\u0435 \u0432\u044b \u043d\u0430\u0439\u0434\u0435\u0442\u0435 \u0432\u0441\u0435\u0432\u043e\u0437\u043c\u043e\u0436\u043d\u044b\u0435 \u0440\u0430\u0437\u0432\u043b\u0435\u0447\u0435\u043d\u0438\u044f, \u0430\u0442\u0442\u0440\u0430\u043a\u0446\u0438\u043e\u043d\u044b \u0438 \u043c\u0435\u0440\u043e\u043f\u0440\u0438\u044f\u0442\u0438\u044f \u0434\u043b\u044f \u0434\u0435\u0442\u0435\u0439, \u043c\u043e\u043b\u043e\u0434\u0435\u0436\u0438 \u0438 \u0432\u0437\u0440\u043e\u0441\u043b\u044b\u0445.<\/p>\n<p>\u0412 Aktur Park \u0431\u043e\u043b\u0435\u0435 40 \u0440\u0430\u0437\u0432\u043b\u0435\u043a\u0430\u0442\u0435\u043b\u044c\u043d\u044b\u0445 \u0437\u0430\u0432\u0435\u0434\u0435\u043d\u0438\u0439. \u0414\u043b\u044f \u0438\u0441\u043a\u0430\u0442\u0435\u043b\u0435\u0439 \u043f\u0440\u0438\u043a\u043b\u044e\u0447\u0435\u043d\u0438\u0439 \u0435\u0441\u0442\u044c \u0430\u0434\u0440\u0435\u043d\u0430\u043b\u0438\u043d\u043e\u0432\u044b\u0435, \u0438\u0437\u0432\u0438\u043b\u0438\u0441\u0442\u044b\u0435 \u0433\u043e\u0440\u043a\u0438 \u0438 \u0432\u0440\u0430\u0449\u0430\u044e\u0449\u0438\u0435\u0441\u044f \u0430\u0442\u0442\u0440\u0430\u043a\u0446\u0438\u043e\u043d\u044b. \u0415\u0441\u043b\u0438 \u0432\u044b \u043d\u0435 \u0438\u0449\u0435\u0442\u0435 \u0438\u043d\u0442\u0435\u043d\u0441\u0438\u0432\u043d\u044b\u0445 \u0430\u0442\u0442\u0440\u0430\u043a\u0446\u0438\u043e\u043d\u043e\u0432, \u0435\u0441\u0442\u044c \u043c\u043d\u043e\u0433\u043e \u0431\u043e\u043b\u0435\u0435 \u0441\u043f\u043e\u043a\u043e\u0439\u043d\u044b\u0445 \u0434\u043b\u044f \u0441\u0435\u043c\u0435\u0439 \u0438 \u043c\u0430\u043b\u0435\u043d\u044c\u043a\u0438\u0445 \u0434\u0435\u0442\u0435\u0439.<\/p>\n<h3>\u0421\u0435\u0440\u0434\u0446\u0435 \u0410\u043d\u0442\u0430\u043b\u0438\u0438<\/h3>\n<p>\u0412 \u043f\u0430\u0440\u043a\u0435 &nbsp;Aktur Park \u0432\u044b \u043d\u0430\u0439\u0434\u0435\u0442\u0435 \u0441\u0430\u043c\u043e\u0435 \u0431\u043e\u043b\u044c\u0448\u043e\u0435 \u043a\u043e\u043b\u0435\u0441\u043e \u043e\u0431\u043e\u0437\u0440\u0435\u043d\u0438\u044f \u0432 \u0422\u0443\u0440\u0446\u0438\u0438, \u043a\u043e\u0442\u043e\u0440\u043e\u0435 \u043d\u0430\u0437\u044b\u0432\u0430\u0435\u0442\u0441\u044f \u00ab\u0421\u0435\u0440\u0434\u0446\u0435 \u043f\u0430\u0440\u043a\u0430\u00bb.&nbsp;\u041e\u043d \u043e\u0442\u043a\u0440\u044b\u043b\u0441\u044f \u0432 2021 \u0433\u043e\u0434\u0443 \u0438 \u043f\u0440\u0435\u0434\u0441\u0442\u0430\u0432\u043b\u044f\u0435\u0442 \u0441\u043e\u0431\u043e\u0439 \u043a\u043e\u043b\u0435\u0441\u043e \u043e\u0431\u043e\u0437\u0440\u0435\u043d\u0438\u044f \u0432\u044b\u0441\u043e\u0442\u043e\u0439 90 \u043c\u0435\u0442\u0440\u043e\u0432, \u043a\u043e\u0442\u043e\u0440\u043e\u0435 \u0434\u0430\u0435\u0442 \u0432\u043e\u0437\u043c\u043e\u0436\u043d\u043e\u0441\u0442\u044c \u0443\u0432\u0438\u0434\u0435\u0442\u044c \u0410\u043d\u0442\u0430\u043b\u0438\u044e \u043e\u0442 \u0438 \u0434\u043e.&nbsp;\u0421\u0435\u0440\u0434\u0446\u0435 \u0410\u043d\u0442\u0430\u043b\u0438\u0438 \u0437\u0430\u0432\u0435\u0440\u0448\u0430\u0435\u0442 \u0442\u0443\u0440 \u0437\u0430 20 \u043c\u0438\u043d\u0443\u0442. \u041e\u043d\u043e \u0438\u043c\u0435\u0435\u0442 4 VIP-\u043a\u0430\u0431\u0438\u043d\u044b \u0438 42 \u0437\u0430\u043a\u0440\u044b\u0442\u044b\u0435 \u043a\u0430\u0431\u0438\u043d\u044b \u0441 \u043a\u043e\u043d\u0434\u0438\u0446\u0438\u043e\u043d\u0435\u0440\u0430\u043c\u0438.&nbsp;\u041e\u0442\u043b\u0438\u0447\u043d\u0430\u044f \u0434\u043e\u0441\u0442\u043e\u043f\u0440\u0438\u043c\u0435\u0447\u0430\u0442\u0435\u043b\u044c\u043d\u043e\u0441\u0442\u044c, \u043a\u043e\u0442\u043e\u0440\u0443\u044e \u043d\u0435\u043b\u044c\u0437\u044f \u043f\u0440\u043e\u043f\u0443\u0441\u0442\u0438\u0442\u044c!<\/p>\n<h3>\u0414\u0440\u0443\u0433\u0438\u0435 \u0434\u043e\u0441\u0442\u043e\u043f\u0440\u0438\u043c\u0435\u0447\u0430\u0442\u0435\u043b\u044c\u043d\u043e\u0441\u0442\u0438<\/h3>\n<p>\u0412 \u043f\u0430\u0440\u043a\u0435 \u0432\u044b \u043d\u0430\u0439\u0434\u0435\u0442\u0435 \u0440\u0430\u0437\u043b\u0438\u0447\u043d\u044b\u0435 \u0430\u0442\u0442\u0440\u0430\u043a\u0446\u0438\u043e\u043d\u044b, \u0440\u0430\u0437\u0434\u0435\u043b\u0435\u043d\u043d\u044b\u0435 \u043d\u0430 \u0434\u0432\u0435 \u0447\u0430\u0441\u0442\u0438:<\/p>\n<ul>\n<li><strong>\u0410\u0442\u0442\u0440\u0430\u043a\u0446\u0438\u043e\u043d\u044b \u0434\u043b\u044f \u0432\u0437\u0440\u043e\u0441\u043b\u044b\u0445:<\/strong>&nbsp;Loop Zone (\u0433\u0438\u0433\u0430\u043d\u0442\u0441\u043a\u0430\u044f \u0446\u0435\u043d\u0442\u0440\u0438\u0444\u0443\u0433\u0430), Octopus (\u041e\u0441\u044c\u043c\u0438\u043d\u043e\u0433), Captain Barbossa (\u0413\u043e\u043d\u0434\u043e\u043b\u0430), Kangroo (\u043a\u0430\u0440\u0443\u0441\u0435\u043b\u044c \u0411\u043e\u043b\u044c\u0448\u0430\u044f \u041a\u0435\u043d\u0433\u0443\u0440\u0443), Twister Coaster (\u0433\u043e\u0440\u043a\u0430), Adrenalin Maxx (\u0432\u0440\u0430\u0449\u0430\u044e\u0449\u0430\u044f\u0441\u044f \u0446\u0435\u043d\u0442\u0440\u0438\u0444\u0443\u0433\u0430), Cracy Dance (\u043a\u0430\u0440\u0443\u0441\u0435\u043b\u044c), Ranger (\u0446\u0435\u043d\u0442\u0440\u0438\u0444\u0443\u0433\u0430).<\/li>\n<li><strong>\u0410\u0442\u0442\u0440\u0430\u043a\u0446\u0438\u043e\u043d\u044b \u0434\u043b\u044f \u0434\u0435\u0442\u0435\u0439 \u0438 \u0441\u0435\u043c\u0435\u0439:&nbsp;<\/strong>&nbsp;Carrousel (\u043a\u0430\u0440\u0443\u0441\u0435\u043b\u044c), Fireman Sam Sinbad, Small Ferris Wheel (\u043c\u0430\u043b\u0435\u043d\u044c\u043a\u043e\u0435 \u043a\u043e\u043b\u0435\u0441\u043e \u043e\u0431\u043e\u0437\u0440\u0435\u043d\u0438\u044f), Horror Tunnel (\u0442\u0443\u043d\u043d\u0435\u043b\u044c \u0441\u0442\u0440\u0430\u0445\u0430), Barbossa (\u0433\u043e\u043d\u0434\u043e\u043b\u0430), Kangroo (\u043a\u0430\u0440\u0443\u0441\u0435\u043b\u044c)<\/li>\n<\/ul>\n<p><span><img decoding=\"async\" alt=\"akturpark \u0432 \u0430\u043d\u0442\u0430\u043b\u0438\u0438 \u0432 \u0442\u0443\u0440\u0446\u0438\u0438\" data-id=\"503\" width=\"702\" data-init-width=\"1000\" height=\"470\" data-init-height=\"670\" title=\"akturpark \u0432 \u0430\u043d\u0442\u0430\u043b\u0438\u0438 \u0432 \u0442\u0443\u0440\u0446\u0438\u0438\" loading=\"lazy\" src=\"https:\/\/antalyatouristinformation.com\/ru\/wp-content\/uploads\/sites\/11\/2021\/02\/akturpark-in-antalya-in-turkey.jpg\" data-width=\"702\" data-height=\"470\" data-pin-media=\"https:\/\/antalyatouristinformation.com\/ru\/wp-content\/uploads\/sites\/11\/2021\/06\/prag_50_sehenswuerdigkeiten_pinterest-23.jpg\" data-pin-description=\"Aktur Amusement Park in Antalya | Antalya Tourist Information\" data-pin-url=\"https:\/\/antalyatouristinformation.com\/ru\/things-to-do\/attraction\/aktur-park\/?tve=true&amp;tcbf=f3acfde06b\" data-pinpro-key=\"lsf4mmbdz\"><\/span><\/p>\n<h2 id=\"t-1619784287752\">\u0412\u0445\u043e\u0434, \u0431\u0438\u043b\u0435\u0442\u044b \u0438 \u044d\u043a\u0441\u043a\u0443\u0440\u0441\u0438\u0438<\/h2>\n<p>\u0411\u0438\u043b\u0435\u0442\u043e\u0432 \u0434\u043b\u044f \u0432\u0445\u043e\u0434\u0430 \u0432 \u043f\u0430\u0440\u043a \u043d\u0435\u0442.&nbsp;\u0427\u0442\u043e\u0431\u044b \u043f\u0440\u043e\u043a\u0430\u0442\u0438\u0442\u044c\u0441\u044f \u043d\u0430 \u0430\u0442\u0442\u0440\u0430\u043a\u0446\u0438\u043e\u043d\u0430\u0445, \u0443 \u0432\u0445\u043e\u0434\u0430 \u043f\u0440\u043e\u0434\u0430\u044e\u0442\u0441\u044f \u0436\u0435\u0442\u043e\u043d\u044b \u0438 \u0431\u0438\u043b\u0435\u0442\u043d\u044b\u0435 \u043a\u0430\u0440\u0442\u043e\u0447\u043a\u0438. \u0421 \u0431\u0438\u043b\u0435\u0442\u043d\u043e\u0439 \u043a\u0430\u0440\u0442\u043e\u0439 \u0432\u044b \u043c\u043e\u0436\u0435\u0442\u0435 \u043f\u043e\u043f\u043e\u043b\u043d\u044f\u0442\u044c \u043a\u0440\u0435\u0434\u0438\u0442\u044b \u043d\u0430 \u0430\u0442\u0442\u0440\u0430\u043a\u0446\u0438\u043e\u043d\u044b, \u043a\u043e\u0442\u043e\u0440\u044b\u0435 \u0445\u043e\u0442\u0438\u0442\u0435 \u043f\u043e\u043f\u0440\u043e\u0431\u043e\u0432\u0430\u0442\u044c.<\/p>\n<ul>\n<li><span><strong>\u0421\u043e\u0432\u0435\u0442:<\/strong>&nbsp;\u0447\u0442\u043e\u0431\u044b \u0437\u0430\u0431\u0440\u043e\u043d\u0438\u0440\u043e\u0432\u0430\u0442\u044c \u0431\u0438\u043b\u0435\u0442\u044b \u0432 \u043f\u0430\u0440\u043a\u0438 \u0440\u0430\u0437\u0432\u043b\u0435\u0447\u0435\u043d\u0438\u0439, \u043c\u0443\u0437\u0435\u0438 \u0438 \u0442\u0443\u0440\u0438\u0441\u0442\u0438\u0447\u0435\u0441\u043a\u0438\u0435 \u0431\u0438\u043b\u0435\u0442\u044b \u043f\u0435\u0440\u0435\u0434 \u043f\u043e\u0435\u0437\u0434\u043a\u043e\u0439 \u0432 \u0440\u0435\u0433\u0438\u043e\u043d \u0410\u043d\u0442\u0430\u043b\u0438\u0438, \u043e\u0431\u044f\u0437\u0430\u0442\u0435\u043b\u044c\u043d\u043e \u043e\u0437\u043d\u0430\u043a\u043e\u043c\u044c\u0442\u0435\u0441\u044c \u0441 \u043f\u0440\u0435\u0434\u043b\u043e\u0436\u0435\u043d\u0438\u044f\u043c\u0438 \u0432 \u043d\u0430\u0448\u0435\u043c \u043e\u0444\u0438\u0446\u0438\u0430\u043b\u044c\u043d\u043e\u043c \u043c\u0430\u0433\u0430\u0437\u0438\u043d\u0435.<\/span><\/li>\n<\/ul>\n<p><span><img decoding=\"async\" alt=\"Akturpark konyaalt\u0131 \u0432 \u0410\u043d\u0442\u0430\u043b\u0438\u0438 \u0432 \u0422\u0443\u0440\u0446\u0438\u0438\" data-id=\"505\" width=\"702\" data-init-width=\"1000\" height=\"470\" data-init-height=\"670\" title=\"Akturpark konyaalt\u0131 \u0432 \u0410\u043d\u0442\u0430\u043b\u0438\u0438 \u0432 \u0422\u0443\u0440\u0446\u0438\u0438\" loading=\"lazy\" src=\"https:\/\/antalyatouristinformation.com\/ru\/wp-content\/uploads\/sites\/11\/2021\/02\/akturpark-konyaalti-antalya.jpg\" data-width=\"702\" data-height=\"470\" data-pin-media=\"https:\/\/antalyatouristinformation.com\/ru\/wp-content\/uploads\/sites\/11\/2021\/06\/prag_50_sehenswuerdigkeiten_pinterest-23.jpg\" data-pin-description=\"Aktur Amusement Park in Antalya | Antalya Tourist Information\" data-pin-url=\"https:\/\/antalyatouristinformation.com\/ru\/things-to-do\/attraction\/aktur-park\/?tve=true&amp;tcbf=f3acfde06b\" data-pinpro-key=\"fr9pcf2ez\"><\/span><\/p>\n<h2 id=\"t-1619784287753\">\u041a\u0430\u043a \u0434\u043e\u0431\u0440\u0430\u0442\u044c\u0441\u044f \u0434\u043e \u043f\u0430\u0440\u043a\u0430 \u0410\u043a\u0442\u0443\u0440<\/h2>\n<p>\u041f\u0430\u0440\u043a \u0410\u043a\u0442\u0443\u0440 \u0440\u0430\u0441\u043f\u043e\u043b\u043e\u0436\u0435\u043d \u043f\u0440\u0438\u043c\u0435\u0440\u043d\u043e \u0432 6 \u043a\u043c \u043a \u0437\u0430\u043f\u0430\u0434\u0443 \u043e\u0442 \u0446\u0435\u043d\u0442\u0440\u0430 \u0410\u043d\u0442\u0430\u043b\u0438\u0438. \u041f\u0435\u0448\u0435\u0445\u043e\u0434\u043d\u044b\u0439 \u043c\u043e\u0441\u0442 \u0441\u043e\u0435\u0434\u0438\u043d\u044f\u0435\u0442 \u043f\u0430\u0440\u043a \u0410\u043a\u0442\u0443\u0440 \u0441\u043e \u0437\u043d\u0430\u043c\u0435\u043d\u0438\u0442\u044b\u043c 5M Migros.<\/p>\n<p><strong>\u0410\u0432\u0442\u043e\u0431\u0443\u0441:<\/strong> \u0412\u044b \u043c\u043e\u0436\u0435\u0442\u0435 \u0441\u0435\u0441\u0442\u044c \u043d\u0430 \u0430\u0432\u0442\u043e\u0431\u0443\u0441\u044b \u0441 \u043d\u043e\u043c\u0435\u0440\u0430\u043c\u0438 KC06, KL08, TK51, VC57, VC59 \u0438 VS18. \u0411\u043b\u0438\u0436\u0430\u0439\u0448\u0430\u044f \u0441\u0442\u0430\u043d\u0446\u0438\u044f \u043a \u043f\u0430\u0440\u043a\u0443 \u0410\u043a\u0442\u0443\u0440 \u2014 \u00ab\u041b\u0443\u043d\u0430\u043f\u0430\u0440\u043a\u00bb.<\/p>\n<h2 id=\"t-1619784287754\" data-alt-text=\"FAQ \">FAQ (\u0447\u0430\u0441\u0442\u043e \u0437\u0430\u0434\u0430\u0432\u0430\u0435\u043c\u044b\u0435 \u0432\u043e\u043f\u0440\u043e\u0441\u044b)<\/h2>\n<p><span><img decoding=\"async\" alt=\"\u041f\u0430\u0440\u043a \u0410\u043a\u0442\u0443\u0440 \u0432 \u0410\u043d\u0442\u0430\u043b\u0438\u0438 \u0432 \u0422\u0443\u0440\u0446\u0438\u0438\" data-id=\"510\" width=\"702\" data-init-width=\"1000\" height=\"470\" data-init-height=\"670\" title=\"\u041f\u0430\u0440\u043a \u0410\u043a\u0442\u0443\u0440 \u0432 \u0410\u043d\u0442\u0430\u043b\u0438\u0438 \u0432 \u0422\u0443\u0440\u0446\u0438\u0438\" loading=\"lazy\" src=\"https:\/\/antalyatouristinformation.com\/ru\/wp-content\/uploads\/sites\/11\/2021\/02\/aktur-park-ferris-wheel-in-antalya.jpg\" data-width=\"702\" data-height=\"470\" data-pin-media=\"https:\/\/antalyatouristinformation.com\/ru\/wp-content\/uploads\/sites\/11\/2021\/06\/prag_50_sehenswuerdigkeiten_pinterest-23.jpg\" data-pin-description=\"Aktur Amusement Park in Antalya | Antalya Tourist Information\" data-pin-url=\"https:\/\/antalyatouristinformation.com\/ru\/things-to-do\/attraction\/aktur-park\/?tve=true&amp;tcbf=f3acfde06b\" data-pinpro-key=\"mkrqia4o7\"><\/span><\/p>\n<h2 id=\"t-1619784287755\">\u0418\u0441\u0442\u043e\u0440\u0438\u044f \u041f\u0430\u0440\u043a\u0430 \u0410\u043a\u0442\u0443\u0440<\/h2>\n<p>\u041f\u0430\u0440\u043a Aktur Lunapark \u043d\u0430\u0447\u0430\u043b \u0441\u0432\u043e\u044e \u0434\u0435\u044f\u0442\u0435\u043b\u044c\u043d\u043e\u0441\u0442\u044c \u0432 \u0410\u043d\u0442\u0430\u043b\u0438\u0438 \u0432 1991 \u0433.&nbsp;\u0421 1997 \u0433\u043e\u0434\u0430 \u043e\u043d \u0440\u0430\u0431\u043e\u0442\u0430\u0435\u0442 \u043d\u0430\u043f\u0440\u043e\u0442\u0438\u0432 5M Migros \u0441 \u0431\u043e\u043b\u0435\u0435 \u0447\u0435\u043c 40 \u0440\u0430\u0437\u0432\u043b\u0435\u043a\u0430\u0442\u0435\u043b\u044c\u043d\u044b\u043c\u0438 \u0437\u0430\u0432\u0435\u0434\u0435\u043d\u0438\u044f\u043c\u0438 \u0438 \u0441\u0435\u043c\u0435\u0439\u043d\u044b\u043c \u0447\u0430\u0439\u043d\u044b\u043c \u0441\u0430\u0434\u043e\u043c \u0432\u043c\u0435\u0441\u0442\u0438\u043c\u043e\u0441\u0442\u044c\u044e 300 \u0447\u0435\u043b\u043e\u0432\u0435\u043a.<\/p>\n<h2 id=\"t-1619784287756\">\u041a\u043e\u043d\u0442\u0430\u043a\u0442\u044b<\/h2>\n<ul>\n<li><span><strong>\u0410\u0434\u0440\u0435\u0441:&nbsp;<\/strong>&nbsp;\u041f\u044b\u043d\u0430\u0440\u0431\u0430\u0448\u0438, 07070 \u041a\u043e\u043d\u044c\u044f\u0430\u043b\u0442\u044b\/\u0410\u043d\u0442\u0430\u043b\u0438\u044f\/P\u0131narba\u015f\u0131, 07070 Konyaalt\u0131\/Antalya<\/span><\/li>\n<li><span><strong>\u041e\u0431\u0449\u0435\u0441\u0442\u0432\u0435\u043d\u043d\u044b\u0439 \u0442\u0440\u0430\u043d\u0441\u043f\u043e\u0440\u0442:&nbsp;<\/strong> \u0410\u0432\u0442\u043e\u0431\u0443\u0441\u044b: KC06, KL08, TK51, VC57, VC59, VS18. \u0411\u043b\u0438\u0436\u0430\u0439\u0448\u0430\u044f \u0441\u0442\u0430\u043d\u0446\u0438\u044f \u043a \u043f\u0430\u0440\u043a\u0443 \u0410\u043a\u0442\u0443\u0440 \u2014 \u00ab\u041b\u0443\u043d\u0430\u043f\u0430\u0440\u043a\u00bb.<\/span><\/li>\n<li><span><strong>\u0412\u0435\u0431-\u0441\u0430\u0439\u0442:&nbsp; <\/strong><a href=\"https:\/\/akturpark.com.tr\/en\/\" target=\"_blank\" rel=\"noopener\">www.akturpark.com.tr\/en\/<\/a><\/span><\/li>\n<\/ul>\n","protected":false},"excerpt":{"rendered":"<p>\u0412\u044b \u0443\u0441\u0442\u0430\u043b\u0438 \u043e\u0442 \u043f\u043b\u044f\u0436\u043d\u043e\u0433\u043e \u043e\u0442\u0434\u044b\u0445\u0430 \u0438 \u0445\u043e\u0442\u0438\u0442\u0435 \u0440\u0430\u0437\u0432\u043b\u0435\u0447\u044c\u0441\u044f \u0432 \u0410\u043d\u0442\u0430\u043b\u0438\u0438?&nbsp;Aktur Park \u2014 \u043f\u0430\u0440\u043a \u0440\u0430\u0437\u0432\u043b\u0435\u0447\u0435\u043d\u0438\u0439, \u0440\u0430\u0441\u043f\u043e\u043b\u043e\u0436\u0435\u043d\u043d\u044b\u0439 \u0432 \u0440\u0430\u0439\u043e\u043d\u0435 \u041a\u043e\u043d\u044c\u044f\u0430\u043b\u0442\u044b \u0432 \u0410\u043d\u0442\u0430\u043b\u0438\u0438. \u0427\u0442\u043e\u0431\u044b \u0440\u0430\u0437\u043d\u043e\u043e\u0431\u0440\u0430\u0437\u0438\u0442\u044c \u0432\u0430\u0448\u0435 \u043f\u0440\u0435\u0431\u044b\u0432\u0430\u043d\u0438\u0435 \u0432 \u0410\u043d\u0442\u0430\u043b\u0438\u0438, Aktur Park \u043f\u0440\u0435\u0434\u043b\u0430\u0433\u0430\u0435\u0442 \u0448\u0438\u0440\u043e\u043a\u0438\u0439 \u0432\u044b\u0431\u043e\u0440 \u0430\u0442\u0442\u0440\u0430\u043a\u0446\u0438\u043e\u043d\u043e\u0432 \u043a\u0430\u043a \u0434\u043b\u044f \u0434\u0435\u0442\u0435\u0439, \u0442\u0430\u043a \u0438 \u0434\u043b\u044f \u0432\u0437\u0440\u043e\u0441\u043b\u044b\u0445. \u0412 \u044d\u0442\u043e\u0439 \u0441\u0442\u0430\u0442\u044c\u0435 \u0432\u044b \u043d\u0430\u0439\u0434\u0435\u0442\u0435 \u0432\u0441\u044e \u0432\u0430\u0436\u043d\u0443\u044e \u0438\u043d\u0444\u043e\u0440\u043c\u0430\u0446\u0438\u044e, \u043d\u0435\u043e\u0431\u0445\u043e\u0434\u0438\u043c\u0443\u044e \u0437\u043d\u0430\u0442\u044c \u043e \u043f\u0430\u0440\u043a\u0435, \u0432 \u0442\u043e\u043c \u0447\u0438\u0441\u043b\u0435 \u043e [&hellip;]<\/p>\n","protected":false},"author":4,"featured_media":507,"parent":117,"menu_order":0,"comment_status":"open","ping_status":"closed","template":"","meta":{"_acf_changed":false,"footnotes":""},"categories":[],"tags":[36],"class_list":["post-165","page","type-page","status-publish","has-post-thumbnail","hentry","tag-attraction","post-wrapper","thrv_wrapper"],"acf":[],"wp-worthy-pixel":{"ignored":false,"public":null,"server":null,"url":null},"wp-worthy-type":"normal","_links":{"self":[{"href":"https:\/\/antalyatouristinformation.com\/ru\/wp-json\/wp\/v2\/pages\/165","targetHints":{"allow":["GET"]}}],"collection":[{"href":"https:\/\/antalyatouristinformation.com\/ru\/wp-json\/wp\/v2\/pages"}],"about":[{"href":"https:\/\/antalyatouristinformation.com\/ru\/wp-json\/wp\/v2\/types\/page"}],"author":[{"embeddable":true,"href":"https:\/\/antalyatouristinformation.com\/ru\/wp-json\/wp\/v2\/users\/4"}],"replies":[{"embeddable":true,"href":"https:\/\/antalyatouristinformation.com\/ru\/wp-json\/wp\/v2\/comments?post=165"}],"version-history":[{"count":10,"href":"https:\/\/antalyatouristinformation.com\/ru\/wp-json\/wp\/v2\/pages\/165\/revisions"}],"predecessor-version":[{"id":15493,"href":"https:\/\/antalyatouristinformation.com\/ru\/wp-json\/wp\/v2\/pages\/165\/revisions\/15493"}],"up":[{"embeddable":true,"href":"https:\/\/antalyatouristinformation.com\/ru\/wp-json\/wp\/v2\/pages\/117"}],"wp:featuredmedia":[{"embeddable":true,"href":"https:\/\/antalyatouristinformation.com\/ru\/wp-json\/wp\/v2\/media\/507"}],"wp:attachment":[{"href":"https:\/\/antalyatouristinformation.com\/ru\/wp-json\/wp\/v2\/media?parent=165"}],"wp:term":[{"taxonomy":"category","embeddable":true,"href":"https:\/\/antalyatouristinformation.com\/ru\/wp-json\/wp\/v2\/categories?post=165"},{"taxonomy":"post_tag","embeddable":true,"href":"https:\/\/antalyatouristinformation.com\/ru\/wp-json\/wp\/v2\/tags?post=165"}],"curies":[{"name":"wp","href":"https:\/\/api.w.org\/{rel}","templated":true}]}}